{"id":8445,"date":"2020-03-15T19:59:36","date_gmt":"2020-03-15T18:59:36","guid":{"rendered":"https:\/\/luba.de\/product\/er-angel-silikondichtung-2er-pack-f-siebgehaeuse\/"},"modified":"2026-04-02T08:09:03","modified_gmt":"2026-04-02T06:09:03","slug":"angel-juicer-silikondichtung-2er-pack-fuer-siebgehaeuse","status":"publish","type":"product","link":"https:\/\/luba.de\/en\/angel-juicer-silikondichtung-2er-pack-fuer-siebgehaeuse\/","title":{"rendered":"Angel Juicer Silikondichtung (2er Pack) f\u00fcr Siebgeh\u00e4use"},"content":{"rendered":"<h2>Silikondichtung f\u00fcr Angel Juicer Entsafter Siebgeh\u00e4use<\/h2>\n<p>Ersatzdichtungen f\u00fcr den Anschluss des Siebgeh\u00e4uses<\/p>\n","protected":false},"excerpt":{"rendered":"<p>Silikondichtung f\u00fcr Angel Juicer Entsafter Siebgeh\u00e4use Ersatzdichtungen f\u00fcr den Anschluss des Siebgeh\u00e4uses<\/p>\n","protected":false},"featured_media":15214,"comment_status":"closed","ping_status":"closed","template":"","meta":{"_acf_changed":false},"pwb-brand":[1241],"product_brand":[],"product_cat":[896],"product_tag":[],"class_list":{"0":"post-8445","1":"product","2":"type-product","3":"status-publish","4":"has-post-thumbnail","6":"pwb-brand-angel-juicer-en","7":"product_cat-accessories-for-angel-juicer","9":"first","10":"instock","11":"taxable","12":"shipping-taxable","13":"purchasable","14":"product-type-simple"},"bundled_by":[],"bundle_stock_status":"instock","bundle_stock_quantity":100,"bundle_virtual":false,"bundle_layout":"","bundle_add_to_cart_form_location":"","bundle_editable_in_cart":false,"bundle_sold_individually_context":"","bundle_item_grouping":"","bundle_min_size":"","bundle_max_size":"","bundle_price":[],"bundled_items":[],"bundle_sell_ids":[],"exclude_global_add_ons":[],"addons":[],"acf":[],"brands":[{"id":1241,"name":"Angel Juicer","slug":"angel-juicer-en"}],"_links":{"self":[{"href":"https:\/\/luba.de\/en\/wp-json\/wp\/v2\/product\/8445","targetHints":{"allow":["GET"]}}],"collection":[{"href":"https:\/\/luba.de\/en\/wp-json\/wp\/v2\/product"}],"about":[{"href":"https:\/\/luba.de\/en\/wp-json\/wp\/v2\/types\/product"}],"replies":[{"embeddable":true,"href":"https:\/\/luba.de\/en\/wp-json\/wp\/v2\/comments?post=8445"}],"wp:featuredmedia":[{"embeddable":true,"href":"https:\/\/luba.de\/en\/wp-json\/wp\/v2\/media\/15214"}],"wp:attachment":[{"href":"https:\/\/luba.de\/en\/wp-json\/wp\/v2\/media?parent=8445"}],"wp:term":[{"taxonomy":"pwb-brand","embeddable":true,"href":"https:\/\/luba.de\/en\/wp-json\/wp\/v2\/pwb-brand?post=8445"},{"taxonomy":"product_brand","embeddable":true,"href":"https:\/\/luba.de\/en\/wp-json\/wp\/v2\/product_brand?post=8445"},{"taxonomy":"product_cat","embeddable":true,"href":"https:\/\/luba.de\/en\/wp-json\/wp\/v2\/product_cat?post=8445"},{"taxonomy":"product_tag","embeddable":true,"href":"https:\/\/luba.de\/en\/wp-json\/wp\/v2\/product_tag?post=8445"}],"curies":[{"name":"wp","href":"https:\/\/api.w.org\/{rel}","templated":true}]}}