{"id":8447,"date":"2020-03-15T19:59:36","date_gmt":"2020-03-15T18:59:36","guid":{"rendered":"https:\/\/luba.de\/product\/angel-juicer-siebgehaeuse-mahlen-sorbe-sus316\/"},"modified":"2026-01-08T14:40:39","modified_gmt":"2026-01-08T13:40:39","slug":"angel-juicer-siebgehaeuse-mahlen-sorbe-sus316","status":"publish","type":"product","link":"https:\/\/luba.de\/en\/angel-juicer-siebgehaeuse-mahlen-sorbe-sus316\/","title":{"rendered":"Angel Juicer Siebgeh\u00e4use Mahlen\/Sorbe SUS316"},"content":{"rendered":"<p>Das P\u00fcriersieb erm\u00f6glicht unter anderem die Herstellung von Hummus, So\u00dfen, Babynahrung, Dessert, gefrorenem Fruchtsorbet oder einem schnellen Nussmu\u00df. Es \u00e4hnelt dem geschlossenem Sieb, jedoch werden die Zutaten fr\u00fcher ausgeworfen und daher ist die Konsistenz gr\u00f6ber was die Handhabung vereinfacht.<\/p>\n<p>Es entspricht in seiner Form exakt dem Standard-Entsaftergeh\u00e4use, jedoch mit Edelstahlpaneelen anstelle eines Maschensiebs.<\/p>\n","protected":false},"excerpt":{"rendered":"<p>Das P\u00fcriersieb erm\u00f6glicht unter anderem die Herstellung von Hummus, So\u00dfen, Babynahrung, Dessert, gefrorenem Fruchtsorbet oder einem schnellen Nussmu\u00df. Es \u00e4hnelt dem geschlossenem Sieb, jedoch werden die Zutaten fr\u00fcher ausgeworfen und daher ist die Konsistenz gr\u00f6ber was die Handhabung vereinfacht. Es entspricht in seiner Form exakt dem Standard-Entsaftergeh\u00e4use, jedoch mit Edelstahlpaneelen anstelle eines Maschensiebs.<\/p>\n","protected":false},"featured_media":10928,"comment_status":"closed","ping_status":"closed","template":"","meta":{"_acf_changed":false},"pwb-brand":[1241],"product_brand":[],"product_cat":[896],"product_tag":[1288],"class_list":{"0":"post-8447","1":"product","2":"type-product","3":"status-publish","4":"has-post-thumbnail","6":"pwb-brand-angel-juicer-en","7":"product_cat-accessories-for-angel-juicer","8":"product_tag-angel-juicer-vorsatz-en","10":"first","11":"instock","12":"sale","13":"taxable","14":"shipping-taxable","15":"purchasable","16":"product-type-simple"},"bundled_by":[],"bundle_stock_status":"instock","bundle_stock_quantity":5,"bundle_virtual":false,"bundle_layout":"","bundle_add_to_cart_form_location":"","bundle_editable_in_cart":false,"bundle_sold_individually_context":"","bundle_item_grouping":"","bundle_min_size":"","bundle_max_size":"","bundle_price":[],"bundled_items":[],"bundle_sell_ids":[],"exclude_global_add_ons":[],"addons":[],"acf":[],"brands":[{"id":1241,"name":"Angel Juicer","slug":"angel-juicer-en"}],"_links":{"self":[{"href":"https:\/\/luba.de\/en\/wp-json\/wp\/v2\/product\/8447","targetHints":{"allow":["GET"]}}],"collection":[{"href":"https:\/\/luba.de\/en\/wp-json\/wp\/v2\/product"}],"about":[{"href":"https:\/\/luba.de\/en\/wp-json\/wp\/v2\/types\/product"}],"replies":[{"embeddable":true,"href":"https:\/\/luba.de\/en\/wp-json\/wp\/v2\/comments?post=8447"}],"wp:featuredmedia":[{"embeddable":true,"href":"https:\/\/luba.de\/en\/wp-json\/wp\/v2\/media\/10928"}],"wp:attachment":[{"href":"https:\/\/luba.de\/en\/wp-json\/wp\/v2\/media?parent=8447"}],"wp:term":[{"taxonomy":"pwb-brand","embeddable":true,"href":"https:\/\/luba.de\/en\/wp-json\/wp\/v2\/pwb-brand?post=8447"},{"taxonomy":"product_brand","embeddable":true,"href":"https:\/\/luba.de\/en\/wp-json\/wp\/v2\/product_brand?post=8447"},{"taxonomy":"product_cat","embeddable":true,"href":"https:\/\/luba.de\/en\/wp-json\/wp\/v2\/product_cat?post=8447"},{"taxonomy":"product_tag","embeddable":true,"href":"https:\/\/luba.de\/en\/wp-json\/wp\/v2\/product_tag?post=8447"}],"curies":[{"name":"wp","href":"https:\/\/api.w.org\/{rel}","templated":true}]}}