{"id":8454,"date":"2020-03-15T19:59:29","date_gmt":"2020-03-15T18:59:29","guid":{"rendered":"https:\/\/luba.de\/product\/kornkraft-fuellfix-die-praktische-praezise-und-preisguenstige-portioniermaschine\/"},"modified":"2022-05-03T12:11:16","modified_gmt":"2022-05-03T10:11:16","slug":"kornkraft-fuellfix-die-praktische-praezise-und-preisguenstige-portioniermaschine","status":"publish","type":"product","link":"https:\/\/luba.de\/en\/kornkraft-fuellfix-die-praktische-praezise-und-preisguenstige-portioniermaschine\/","title":{"rendered":"Kornkraft F\u00fcllfix &#8211; die praktische, pr\u00e4zise und preisg\u00fcnstige Portioniermaschine"},"content":{"rendered":"<p><strong>Einfach, preiswert, schnell<\/strong><\/p>\n<p>Warum kompliziert, wenn\u2019s auch einfach geht:<br \/>\nHier kommt die preisg\u00fcnstige Alternative zur Abf\u00fcllwaage.<\/p>\n<p>Mit dem praktischen Volumendosierer \u201eF\u00fcllfix\u201c von Kornkraft wird Abf\u00fcllen ab sofort zum Kinderspiel:<br \/>\nPr\u00e4zise, schnell und zuverl\u00e4ssig bef\u00fcllen Sie mit dieser manuellen Abf\u00fcllanlage bequem in einer Minute z.B. neun 500 Gramm-Beutel mit frisch ger\u00f6steten Kaffeebohnen.<\/p>\n<p>Ohne umst\u00e4ndliches Programmieren stellen sie den F\u00fcllfix kinderleicht und minutenschnell auf eine andere Abf\u00fcllmenge ein.<\/p>\n<p>Ganz gleich ob Granulate, Pellets, K\u00f6rner, oder andere trockene sch\u00fcttf\u00e4hige G\u00fcter:<br \/>\nDie F\u00fcllmaschine F\u00fcllfix packt\u2019s ab.<\/p>\n<p>&nbsp;<\/p>\n<p>Als Standard kommt der F\u00fcllfix in der Standardauslassgr\u00f6\u00dfe M.<\/p>\n<p>Ebenso auf dem Bild abgebildet folgendes optional erwerbliches Zubeh\u00f6r:<br \/>\n&#8211; Untertisch mit Edelstahlgestell<br \/>\n&#8211; H\u00f6henverstellbarer Sockel<\/p>\n<div class=\"epyt-video-wrapper\"><div  id=\"_ytid_93169\"  width=\"1020\" height=\"765\"  data-origwidth=\"1020\" data-origheight=\"765\" data-facadesrc=\"https:\/\/www.youtube-nocookie.com\/embed\/IUR1yzpgiI0?enablejsapi=1&autoplay=0&cc_load_policy=0&cc_lang_pref=&iv_load_policy=1&loop=0&rel=0&fs=1&playsinline=1&autohide=2&theme=dark&color=red&controls=1&disablekb=0&\" class=\"__youtube_prefs__ epyt-facade no-lazyload\" data-epautoplay=\"1\" ><img decoding=\"async\" data-spai-excluded=\"true\" class=\"epyt-facade-poster skip-lazy\" loading=\"lazy\" alt=\"YouTube player\" src=\"https:\/\/i.ytimg.com\/vi\/IUR1yzpgiI0\/maxresdefault.jpg\" title=\"\"><button class=\"epyt-facade-play\" aria-label=\"Play\"><svg data-no-lazy=\"1\" height=\"100%\" version=\"1.1\" viewBox=\"0 0 68 48\" width=\"100%\"><path class=\"ytp-large-play-button-bg\" d=\"M66.52,7.74c-0.78-2.93-2.49-5.41-5.42-6.19C55.79,.13,34,0,34,0S12.21,.13,6.9,1.55 C3.97,2.33,2.27,4.81,1.48,7.74C0.06,13.05,0,24,0,24s0.06,10.95,1.48,16.26c0.78,2.93,2.49,5.41,5.42,6.19 C12.21,47.87,34,48,34,48s21.79-0.13,27.1-1.55c2.93-0.78,4.64-3.26,5.42-6.19C67.94,34.95,68,24,68,24S67.94,13.05,66.52,7.74z\" fill=\"#f00\"><\/path><path d=\"M 45,24 27,14 27,34\" fill=\"#fff\"><\/path><\/svg><\/button><\/div><\/div>\n<p>Lieferung: Inkl. Verpackung, zuz\u00fcglich Versandkosten und Verzollung.<br \/>\nLieferzeit: nach Vereinbarung.<\/p>\n<p>&nbsp;<\/p>\n<p><strong>Zubeh\u00f6r<\/strong><\/p>\n<p>Zusatz-Portionierungslade Gr\u00f6\u00dfe M<br \/>\n704,50 \u20ac<\/p>\n<p>Aufpreis f\u00fcr Sonder-Portionierungsladen (XXS, XS, S, L, XL)<br \/>\n238,00 \u20ac<\/p>\n<p>Trichterdeckel mit Gasdruckfeder und zwei Verschlussspannern<br \/>\n142,00 \u20ac<br \/>\nUntertisch mit Edelstahl-Gestell und gro\u00dfer Aussparung f\u00fcr hohe Beh\u00e4ltnisse<br \/>\n351,00 \u20ac<\/p>\n<p>Manuell h\u00f6henverstellbarer Untertisch (Untertisch mit pulverbesch. Gestell)<br \/>\n934,00 \u20ac<\/p>\n<p>Positionsanzeiger \/ Umdrehungsz\u00e4hler (Farbe: orange od. schwarz)<br \/>\n339,00 \u20ac<\/p>\n<p>H\u00f6henverstellbarer Auflagesockel f\u00fcr zu bef\u00fcllende Beh\u00e4ltnisse<br \/>\n232,00 \u20ac<\/p>\n<p>Unterstellrost f\u00fcr Mehlt\u00fcten<br \/>\n101,00 \u20ac<\/p>\n<p>Auswechsel-Abf\u00fcllstutzen 60mm, 70mm, 80\/83mm, oder 90mm<br \/>\n77,00 \u20ac<\/p>\n<p>Auch Sonder-Abf\u00fcllstutzen zum Bef\u00fcllen von Enghalsflaschen, Materialverdichter oder Sonderger\u00e4te (z.B. f\u00fcr Salz) sind m\u00f6glich.<br \/>\nSonderausf\u00fchrungen und Extras auf Anfrage \u2013 Fordern Sie uns!<\/p>\n","protected":false},"excerpt":{"rendered":"<div class=\"message-box relative dark\" style=\"padding-top:15px;padding-bottom:15px;\"><div class=\"message-box-bg-image bg-fill fill\" style=\"background-image:url(#hex or http:\/\/imageurl);\"><\/div><div class=\"message-box-bg-overlay bg-fill fill\" ><\/div><div class=\"container relative\"><div class=\"inner last-reset\"> Artikel wird auf Nachfrage gefertigt.<br \/>\nLieferzeit ca. 3-4 Monate! <\/div><\/div><\/div>\n","protected":false},"featured_media":5718,"comment_status":"closed","ping_status":"closed","template":"","meta":{"_acf_changed":false},"pwb-brand":[1189],"product_brand":[],"product_cat":[850,962],"product_tag":[1279],"class_list":{"0":"post-8454","1":"product","2":"type-product","3":"status-publish","4":"has-post-thumbnail","6":"pwb-brand-kornkraft-en","7":"product_cat-commercial-equipment","8":"product_cat-filling-stations","9":"product_tag-kornkraft-en","10":"product_shipping_class-speditionsversand-fuellfix-en","12":"first","13":"instock","14":"taxable","15":"shipping-taxable","16":"purchasable","17":"product-type-variable"},"bundled_by":[],"bundle_stock_status":"instock","bundle_stock_quantity":null,"bundle_virtual":false,"bundle_layout":"","bundle_add_to_cart_form_location":"","bundle_editable_in_cart":false,"bundle_sold_individually_context":"","bundle_item_grouping":"","bundle_min_size":"","bundle_max_size":"","bundle_price":[],"bundled_items":[],"bundle_sell_ids":[],"exclude_global_add_ons":[],"addons":[],"acf":[],"brands":[{"id":1189,"name":"Kornkraft","slug":"kornkraft-en"}],"_links":{"self":[{"href":"https:\/\/luba.de\/en\/wp-json\/wp\/v2\/product\/8454","targetHints":{"allow":["GET"]}}],"collection":[{"href":"https:\/\/luba.de\/en\/wp-json\/wp\/v2\/product"}],"about":[{"href":"https:\/\/luba.de\/en\/wp-json\/wp\/v2\/types\/product"}],"replies":[{"embeddable":true,"href":"https:\/\/luba.de\/en\/wp-json\/wp\/v2\/comments?post=8454"}],"wp:featuredmedia":[{"embeddable":true,"href":"https:\/\/luba.de\/en\/wp-json\/wp\/v2\/media\/5718"}],"wp:attachment":[{"href":"https:\/\/luba.de\/en\/wp-json\/wp\/v2\/media?parent=8454"}],"wp:term":[{"taxonomy":"pwb-brand","embeddable":true,"href":"https:\/\/luba.de\/en\/wp-json\/wp\/v2\/pwb-brand?post=8454"},{"taxonomy":"product_brand","embeddable":true,"href":"https:\/\/luba.de\/en\/wp-json\/wp\/v2\/product_brand?post=8454"},{"taxonomy":"product_cat","embeddable":true,"href":"https:\/\/luba.de\/en\/wp-json\/wp\/v2\/product_cat?post=8454"},{"taxonomy":"product_tag","embeddable":true,"href":"https:\/\/luba.de\/en\/wp-json\/wp\/v2\/product_tag?post=8454"}],"curies":[{"name":"wp","href":"https:\/\/api.w.org\/{rel}","templated":true}]}}