{"id":8463,"date":"2020-03-15T19:59:29","date_gmt":"2020-03-15T18:59:29","guid":{"rendered":"https:\/\/luba.de\/product\/ek-43-kaffeemuehle\/"},"modified":"2025-10-11T23:43:44","modified_gmt":"2025-10-11T21:43:44","slug":"ek-43-kaffeemuehle","status":"publish","type":"product","link":"https:\/\/luba.de\/en\/ek-43-kaffeemuehle\/","title":{"rendered":"EK 43 Kaffeem\u00fchle"},"content":{"rendered":"<h1 class=\"product-title\">EK43<\/h1>\n<p>Allround Grinder<\/p>\n<p>Die EK43 hat die internationale Kaffeespezialit\u00e4tenbranche erobert und regiert souver\u00e4n als unangefochtene K\u00f6nigin der Kaffeem\u00fchlen \u2013 mit Leistungsst\u00e4rke, Zuverl\u00e4ssigkeit und Premium-Vermahlung. Ihre herausragenden Vermahlungsergebnisse bleiben von der Konkurrenz unerreicht. Die EK43 erm\u00f6glicht die ebenm\u00e4\u00dfigste Extraktion der wertvollen Kaffeearomen und gilt somit als Garant f\u00fcr ein herausragendes Geschmackserlebnis und als verhei\u00dfungsvolles Symbol f\u00fcr Qualit\u00e4t. Ihre einmalige Form wurde zu einer Ikone der internationalen Baristaszene, welcher die EK43 durch die gemeinsame Leidenschaft f\u00fcr den Kaffee tief verbunden ist.<\/p>\n<p>&nbsp;<\/p>\n<div class=\"col-lg-5 col-md-6 col-sm-12 pro_details_left\">\n<div class=\"pro_details bg_white\">\n<h2>Einzelheiten<\/h2>\n<div>\n<ul>\n<li>Dank herausragender Partikelgr\u00f6\u00dfenverteilung sind hohe Extraktionsraten f\u00fcr den besten Geschmack m\u00f6glich<\/li>\n<li>Premiummahlscheiben aus Hartgussstahl<\/li>\n<li>Robuste M\u00fchle mit hoher Mahlleistung<\/li>\n<li>Vielseitiger Einsatz: Filter-, Espresso-, oder t\u00fcrkischfeine Vermahlung<\/li>\n<li>Vermahlung anderer Mahlg\u00fcter wie Gew\u00fcrze, Getreide, Mohn und Leinsaat mit individuellen Mahlscheiben und Vorbrecher\u00a0m\u00f6glich<\/li>\n<li>Einfache und pr\u00e4zise Mahlgradeinstellung<\/li>\n<\/ul>\n<\/div>\n<\/div>\n<div class=\"pro_downloads bg_white\">\n<h2>Downloads<\/h2>\n<div>\n<ul>\n<li><a title=\"Mahlkoenig_EK43_shop_grinder_productsheet.pdf\" href=\"https:\/\/www.dropbox.com\/s\/z36mrfd07bgzhqf\/Mahlkoenig_EK43_allround_grinder_productsheet.pdf?dl=0\" target=\"_blank\" rel=\"noopener noreferrer\" type=\"application\/pdf; length=2873035\">Mahlk\u00f6nig EK43 Mehrzweckm\u00fchle &#8211; Produktblatt<\/a><\/li>\n<li><a title=\"Bedienungsanleitung_EK43_EK43_S.pdf\" href=\"https:\/\/www.dropbox.com\/s\/3ckio853tcx20r0\/Mahlkoenig_Bedienungsanleitung_EK43_EK43_S.pdf?dl=0\" target=\"_blank\" rel=\"noopener noreferrer\" type=\"application\/pdf; length=2015372\">Mahlk\u00f6nig EK43 Mehrzweckm\u00fchle &#8211; Originalbetriebsanleitung<\/a><\/li>\n<\/ul>\n<\/div>\n<\/div>\n<div class=\"pro_youtube_video bg_white\">\n<div><\/div>\n<\/div>\n<\/div>\n<div class=\"col-lg-7 col-md-6 col-sm-12 pro_details_left\">\n<div class=\"pro_tech_details bg_white\">\n<h2>Technische Details<\/h2>\n<div>\n<p>100-120 V \/\/ 50 Hz \/\/ 1~<br \/>\n100-120 V \/\/ 60 Hz \/\/ 1~<br \/>\n200-240 V \/\/ 50 Hz \/\/ 1~<br \/>\n200-240 V \/\/ 60 Hz \/\/ 1~<\/p>\n<p><strong>Leerlaufdrehzahl:\u00a0<\/strong>1450 rpm (50 Hz); 1760 rpm (60 Hz)<br \/>\n<strong>Mahlscheibendurchmesser:\u00a0<\/strong>98 mm \/ 3.86 in<\/p>\n<p><strong>Mahlscheibenmaterial:\u00a0<\/strong>Hartgussstahl<br \/>\n<strong>Mittlere Mahlleistung*:\u00a0<\/strong>ca. 25 g\/s<br \/>\n<strong>Fassungsverm\u00f6gen des:\u00a0<\/strong>ca. 1500 g \/ 3.31 lb<br \/>\n<strong>Max. Nennaufnahme:\u00a0<\/strong>1300 W<br \/>\n<strong>Abmessungen (B x H x T):\u00a0<\/strong>23 x 83 x 41 cm<br \/>\n<strong>Verpackungsma\u00dfe (B x H x T):\u00a0<\/strong>37 x 58 x 71 cm<br \/>\n<strong>Nettogewicht:\u00a0<\/strong>26 kg<br \/>\n<strong>Bruttogewicht:\u00a0<\/strong>30 kg<br \/>\n<strong>Zertifizierung:\u00a0<\/strong>CE, CB, ETL Safety, ETL Sanitation<\/p>\n<p><strong>Normen:<\/strong><\/p>\n<ul>\n<li>IEC\/EN 60335-1<\/li>\n<li>IEC\/EN 60335-2-64<\/li>\n<li>ANSI \/ UL 763<\/li>\n<li>CSA-C22.2 No. 195<\/li>\n<\/ul>\n<p><strong>Standardfarben:<\/strong><\/p>\n<ul>\n<li>Schwarz-matt-Feinstruktur<\/li>\n<li>Wei\u00df-matt-Feinstruktur<\/li>\n<li>Kupfer<\/li>\n<\/ul>\n<hr \/>\n<p><strong>SONDERAUSSTATTUNG<\/strong><\/p>\n<ul>\n<li>Mahlscheiben und Vorbrecher f\u00fcr Getreide oder f\u00fcr andere Mahlg\u00fcter<\/li>\n<li>Spezial-Mahlscheiben und Vorbrecher f\u00fcr t\u00fcrkisch-feine Vermahlung<\/li>\n<\/ul>\n<hr \/>\n<h5>*Abh\u00e4ngig vom Mahlgut und dem gew\u00e4hlten Mahlgrad.<br \/>\nAlle Werte wurden unter Laborbedingungen gemessen. Andere elektrische Spezifikationen auf Anfrage erh\u00e4ltlich. Irrt\u00fcmer und \u00c4nderungen vorbehalten.<\/h5>\n<\/div>\n<\/div>\n<\/div>\n","protected":false},"excerpt":{"rendered":"<p>EK43 Allround Grinder Die EK43 hat die internationale Kaffeespezialit\u00e4tenbranche erobert und regiert souver\u00e4n als unangefochtene K\u00f6nigin der Kaffeem\u00fchlen \u2013 mit Leistungsst\u00e4rke, Zuverl\u00e4ssigkeit und Premium-Vermahlung. Ihre herausragenden Vermahlungsergebnisse bleiben von der Konkurrenz unerreicht. Die EK43 erm\u00f6glicht die ebenm\u00e4\u00dfigste Extraktion der wertvollen Kaffeearomen und gilt somit als Garant f\u00fcr ein herausragendes Geschmackserlebnis und als verhei\u00dfungsvolles Symbol f\u00fcr [&#8230;]\n","protected":false},"featured_media":5605,"comment_status":"closed","ping_status":"closed","template":"","meta":{"_acf_changed":false},"pwb-brand":[1195],"product_brand":[],"product_cat":[850,849],"product_tag":[],"class_list":{"0":"post-8463","1":"product","2":"type-product","3":"status-publish","4":"has-post-thumbnail","6":"pwb-brand-stawert-en","7":"product_cat-commercial-equipment","8":"product_cat-flour-mills","10":"first","11":"instock","12":"taxable","13":"shipping-taxable","14":"purchasable","15":"product-type-simple"},"bundled_by":[],"bundle_stock_status":"instock","bundle_stock_quantity":99900,"bundle_virtual":false,"bundle_layout":"","bundle_add_to_cart_form_location":"","bundle_editable_in_cart":false,"bundle_sold_individually_context":"","bundle_item_grouping":"","bundle_min_size":"","bundle_max_size":"","bundle_price":[],"bundled_items":[],"bundle_sell_ids":[],"exclude_global_add_ons":[],"addons":[],"acf":[],"brands":[{"id":1195,"name":"Stawert","slug":"stawert-en"}],"_links":{"self":[{"href":"https:\/\/luba.de\/en\/wp-json\/wp\/v2\/product\/8463","targetHints":{"allow":["GET"]}}],"collection":[{"href":"https:\/\/luba.de\/en\/wp-json\/wp\/v2\/product"}],"about":[{"href":"https:\/\/luba.de\/en\/wp-json\/wp\/v2\/types\/product"}],"replies":[{"embeddable":true,"href":"https:\/\/luba.de\/en\/wp-json\/wp\/v2\/comments?post=8463"}],"wp:featuredmedia":[{"embeddable":true,"href":"https:\/\/luba.de\/en\/wp-json\/wp\/v2\/media\/5605"}],"wp:attachment":[{"href":"https:\/\/luba.de\/en\/wp-json\/wp\/v2\/media?parent=8463"}],"wp:term":[{"taxonomy":"pwb-brand","embeddable":true,"href":"https:\/\/luba.de\/en\/wp-json\/wp\/v2\/pwb-brand?post=8463"},{"taxonomy":"product_brand","embeddable":true,"href":"https:\/\/luba.de\/en\/wp-json\/wp\/v2\/product_brand?post=8463"},{"taxonomy":"product_cat","embeddable":true,"href":"https:\/\/luba.de\/en\/wp-json\/wp\/v2\/product_cat?post=8463"},{"taxonomy":"product_tag","embeddable":true,"href":"https:\/\/luba.de\/en\/wp-json\/wp\/v2\/product_tag?post=8463"}],"curies":[{"name":"wp","href":"https:\/\/api.w.org\/{rel}","templated":true}]}}