{"id":8467,"date":"2020-03-15T19:59:29","date_gmt":"2020-03-15T18:59:29","guid":{"rendered":"https:\/\/luba.de\/product\/vta-6-st-tuerkisch-kaffeemuehle-spezialstahl\/"},"modified":"2025-01-02T02:46:32","modified_gmt":"2025-01-02T01:46:32","slug":"vta-6-st-tuerkisch-kaffeemuehle-spezialstahl","status":"publish","type":"product","link":"https:\/\/luba.de\/en\/vta-6-st-tuerkisch-kaffeemuehle-spezialstahl\/","title":{"rendered":"VTA 6 ST t\u00fcrkisch Kaffeem\u00fchle Spezialstahl"},"content":{"rendered":"<p>Die VTA6ST vermahlt gr\u00f6\u00dfere Volumen jeder R\u00f6stung und f\u00fcr jede Br\u00fchmethode direkt in die Kaffeet\u00fcte. Das spezielle Mahlscheibendesign und die integrierte Motorventilation sorgen daf\u00fcr, dass das kostbare Aroma der Bohnen auch bei hoher Auslastung erhalten bleibt.<\/p>\n<div>\n<h2>Einzelheiten<\/h2>\n<div>\n<ul>\n<li>Top Performance f\u00fcr hohe Auslastungen<\/li>\n<li>Hervorragende Kaffeequalit\u00e4t dank gleichm\u00e4\u00dfiger Vermahlung<\/li>\n<li>K\u00fchlung durch integrierte Motorbel\u00fcftung<\/li>\n<li>Gro\u00dfe Vermahlungsbandbreite von t\u00fcrkischfeiner bis zur Filterkaffeevermahlung<\/li>\n<li>Individuelle Spezialmahlscheiben f\u00fcr t\u00fcrkischfeine oder f\u00fcr Espressovermahlung erh\u00e4ltlich<\/li>\n<li>T\u00fctenhalterkombihebel-Schalter: Klemmung und R\u00fcttelblech<\/li>\n<li>Klassisches Mahlk\u00f6nig-Design, welches Qualit\u00e4t und Langlebigkeit vereint<\/li>\n<\/ul>\n<\/div>\n<\/div>\n<h2><\/h2>\n<h2>Youtube Videos<\/h2>\n<div>\n<ul>\n<li><a class=\"openvideo\" href=\"https:\/\/www.youtube.com\/watch?v=5BBlz0aSXf0\" target=\"_blank\" rel=\"noopener\">Mahlk\u00f6nig VTA 6S Anwendung<\/a><\/li>\n<li><a class=\"openvideo\" href=\"https:\/\/www.youtube.com\/watch?v=yUq3dbrwRFo\" target=\"_blank\" rel=\"noopener\">Mahlk\u00f6nig VTA 6S Manuelle Reinigung<\/a><\/li>\n<li><a class=\"openvideo\" href=\"https:\/\/www.youtube.com\/watch?v=1Rx9EmiLAIs\" target=\"_blank\" rel=\"noopener\">Mahlk\u00f6nig VTA 6S Mahlscheibenwechsel<\/a><\/li>\n<li><a class=\"openvideo\" href=\"https:\/\/www.youtube.com\/watch?v=e3OV2R46gVQ\" target=\"_blank\" rel=\"noopener\">Mahlk\u00f6nig VTA 6S Feineinstellung<\/a><\/li>\n<li><a class=\"openvideo\" href=\"https:\/\/www.youtube.com\/watch?v=Ue6rP91Ki8Y\" target=\"_blank\" rel=\"noopener\">Mahlk\u00f6nig VTA 6S Austausch des St\u00f6\u00dfels<\/a><\/li>\n<\/ul>\n<\/div>\n<p>&nbsp;<\/p>\n<p><a href=\"https:\/\/www.dropbox.com\/s\/jja5uhrnc61747a\/Mahlkoenig_VTA6_S_shop_grinder_productsheet.pdf?dl=0\" target=\"_blank\" rel=\"noopener\">Produktblatt<\/a><\/p>\n<h2>Technische Details<\/h2>\n<div>\n<p><strong>Spannung \/\/ Frequenz \/\/ Phasen:<\/strong><\/p>\n<p><strong>VTA6 S:<\/strong><\/p>\n<ul>\n<li>380-415 V \/\/ 50 Hz \/\/ 3~<\/li>\n<li>380-415 V \/\/ 60 Hz \/\/ 3~<\/li>\n<\/ul>\n<p><strong>VTA6 SW:<\/strong><\/p>\n<ul>\n<li>220-240 V \/\/ 50 Hz \/\/ 1~<\/li>\n<li>220-240 V \/\/ 60 Hz \/\/ 1~<\/li>\n<li>208-220 V \/\/ 50 Hz \/\/ 3~<\/li>\n<li>208-220 V \/\/ 60 Hz \/\/ 3~<\/li>\n<\/ul>\n<p><strong>Leerlaufdrehzahl:\u00a0<\/strong>1430 rpm (50 Hz); 1725 rpm (60 Hz)<br \/>\n<strong>Mahlscheibendurchmesser:\u00a0<\/strong>120 mm \/ 4.72 in<br \/>\n<strong>Mahlscheibenmaterial:\u00a0<\/strong>Spezialstahl<br \/>\n<strong>Mittlere Mahlleistung*:\u00a0<\/strong>43 g\/s<br \/>\n<strong>Fassungsverm\u00f6gen des Bohnenbeh\u00e4lters:\u00a0<\/strong>ca. 1000 g \/ 2.20 lb<\/p>\n<p><strong>Max. Nennaufnahme:<\/strong><\/p>\n<ul>\n<li><strong>VTA6 S:\u00a0<\/strong>2100 W<\/li>\n<li><strong>VTA6 SW:\u00a0<\/strong>1720 W<\/li>\n<\/ul>\n<p><strong>Abmessungen (B x H x T)<\/strong><strong>:\u00a0<\/strong>37 x 63 x 38 cm<br \/>\n<strong>Verpackungsma\u00dfe (B x H x T):\u00a0<\/strong>40 x 41 x 70 cm<br \/>\n<strong>Nettogewicht:\u00a0<\/strong>42 kg<br \/>\n<strong>Bruttogewicht:\u00a0<\/strong>46 kg<\/p>\n<p><strong>Standardfarben:<\/strong><\/p>\n<ul>\n<li>Schwarz-matt<\/li>\n<li>Silber<\/li>\n<li>Kupfer<\/li>\n<\/ul>\n<hr \/>\n<p><strong>SONDERAUSSTATTUNG<\/strong><\/p>\n<ul>\n<li>Spezialmahlscheiben f\u00fcr Espresso- oder t\u00fcrkischfeine Vermahlung<\/li>\n<li>Tastbetrieb in Kombination mit R\u00fcttelkorb<\/li>\n<li>Gr\u00f6\u00dferer Bohnenbeh\u00e4lter (ca. 3000 g)<\/li>\n<li>Sockelerh\u00f6hung, 100 mm<\/li>\n<li>Frequenzumwandler<\/li>\n<\/ul>\n<hr \/>\n<h5>*Abh\u00e4ngig vom Mahlgut und dem gew\u00e4hlten Mahlgrad.<br \/>\nAlle Werte wurden unter Laborbedingungen gemessen. Andere elektrische Spezifikationen auf Anfrage erh\u00e4ltlich. Irrt\u00fcmer und \u00c4nderungen vorbehalten.<\/h5>\n<\/div>\n<p>&nbsp;<\/p>\n<p><a href=\"https:\/\/www.dropbox.com\/s\/6dkfrzkztoalypg\/Mahlkoenig_Bedienungsanleitung_VTA_6S.pdf?dl=0\" target=\"_blank\" rel=\"noopener\">Anleitung<\/a><\/p>\n","protected":false},"excerpt":{"rendered":"<p>Die VTA6ST vermahlt gr\u00f6\u00dfere Volumen jeder R\u00f6stung und f\u00fcr jede Br\u00fchmethode direkt in die Kaffeet\u00fcte. Das spezielle Mahlscheibendesign und die integrierte Motorventilation sorgen daf\u00fcr, dass das kostbare Aroma der Bohnen auch bei hoher Auslastung erhalten bleibt. Einzelheiten Top Performance f\u00fcr hohe Auslastungen Hervorragende Kaffeequalit\u00e4t dank gleichm\u00e4\u00dfiger Vermahlung K\u00fchlung durch integrierte Motorbel\u00fcftung Gro\u00dfe Vermahlungsbandbreite von t\u00fcrkischfeiner [&#8230;]\n","protected":false},"featured_media":0,"comment_status":"closed","ping_status":"closed","template":"","meta":{"_acf_changed":false},"pwb-brand":[1195],"product_brand":[],"product_cat":[850,849],"product_tag":[],"class_list":{"0":"post-8467","1":"product","2":"type-product","3":"status-publish","5":"pwb-brand-stawert-en","6":"product_cat-commercial-equipment","7":"product_cat-flour-mills","9":"first","10":"outofstock","11":"taxable","12":"shipping-taxable","13":"purchasable","14":"product-type-simple"},"bundled_by":[],"bundle_stock_status":"outofstock","bundle_stock_quantity":0,"bundle_virtual":false,"bundle_layout":"","bundle_add_to_cart_form_location":"","bundle_editable_in_cart":false,"bundle_sold_individually_context":"","bundle_item_grouping":"","bundle_min_size":"","bundle_max_size":"","bundle_price":[],"bundled_items":[],"bundle_sell_ids":[],"exclude_global_add_ons":[],"addons":[],"acf":[],"brands":[{"id":1195,"name":"Stawert","slug":"stawert-en"}],"_links":{"self":[{"href":"https:\/\/luba.de\/en\/wp-json\/wp\/v2\/product\/8467","targetHints":{"allow":["GET"]}}],"collection":[{"href":"https:\/\/luba.de\/en\/wp-json\/wp\/v2\/product"}],"about":[{"href":"https:\/\/luba.de\/en\/wp-json\/wp\/v2\/types\/product"}],"replies":[{"embeddable":true,"href":"https:\/\/luba.de\/en\/wp-json\/wp\/v2\/comments?post=8467"}],"wp:attachment":[{"href":"https:\/\/luba.de\/en\/wp-json\/wp\/v2\/media?parent=8467"}],"wp:term":[{"taxonomy":"pwb-brand","embeddable":true,"href":"https:\/\/luba.de\/en\/wp-json\/wp\/v2\/pwb-brand?post=8467"},{"taxonomy":"product_brand","embeddable":true,"href":"https:\/\/luba.de\/en\/wp-json\/wp\/v2\/product_brand?post=8467"},{"taxonomy":"product_cat","embeddable":true,"href":"https:\/\/luba.de\/en\/wp-json\/wp\/v2\/product_cat?post=8467"},{"taxonomy":"product_tag","embeddable":true,"href":"https:\/\/luba.de\/en\/wp-json\/wp\/v2\/product_tag?post=8467"}],"curies":[{"name":"wp","href":"https:\/\/api.w.org\/{rel}","templated":true}]}}