{"id":8592,"date":"2020-03-15T19:58:43","date_gmt":"2020-03-15T18:58:43","guid":{"rendered":"https:\/\/luba.de\/product\/haeussler-teigknetmaschine-sp-10-ka-weiss\/"},"modified":"2026-01-13T15:09:03","modified_gmt":"2026-01-13T14:09:03","slug":"haeussler-teigknetmaschine-sp-10-ka-weiss","status":"publish","type":"product","link":"https:\/\/luba.de\/en\/haeussler-teigknetmaschine-sp-10-ka-weiss\/","title":{"rendered":"H\u00e4ussler Teigknetmaschine SP 10 KA wei\u00df"},"content":{"rendered":"<div class=\"row\">\n<div class=\"col-sm-12 col-xs-12\">\n<div class=\"dd-shortcode-text\">\n<p><b>Die Kraftvolle Kleine<\/b><br \/>\nMit ihrem Kesselinhalt von 12 Litern knetet die SP 10 KA alle Teige von 900 g bis 9 kg! Durch den gro\u00dfdimensionierten Knetarm und die sich drehen-de Sch\u00fcssel ist sie auch f\u00fcr kleine Mengen ideal.\u00a0 Der kraftvolle Industriemotor knetet m\u00fchelos alle Arten von Teigen: Brot- und Zopfteige, M\u00fcrb- und Stollenteige und vieles mehr! Die Reinigung ist einfach, da der Knetarm hochschwenkbar und die Teigsch\u00fcssel abnehmbar ist. Die SP 10 KA gibt es auch mit 2 Knetgeschwindigkeiten (2G) und als SP 10 F, bei der der Knetarm nicht schwenkbar ist und der Kessel fest auf der Maschine befestigt ist.<\/p>\n<p>Bis zum Typ SP 40 KA ist der Teigkessel dank Bayonettverschluss leicht abnehmbar. Zusatz-Teigkessel sowie R\u00e4der sind ebenfalls im Online-Shop erh\u00e4ltlich.<\/p>\n<p><b>Modellvarianten:<\/b><\/p>\n<p>F = festes einfaches Modell. Der Knetarm ist nicht hochschwenkbar, der Kessel ist fest auf der Maschine montiert.<\/p>\n<p>2G = 2 Knetgeschwindigkeiten.<\/p>\n<p>KA = Knetarm hochschwenkbar, Teigkessel abnehmbar.<\/p>\n<p>Die SP 10 KA 2 G ist unsere meistverkaufte Variante der SP 10-Teigknetmaschine.<\/p>\n<h3>Besonderheiten der SP-Serie:<\/h3>\n<p><b>Lockere geschmeidige Teige<\/b><br \/>\nNur guter Teig gibt gutes Brot! Das kraftvoll und pr\u00e4zise arbeitende Centra-Spiralknetsystem durchmischt gleichm\u00e4\u00dfig und knetet Ihre Teige intensiv. Die unterschiedlichen Drehgeschwindigkeiten von Knethaken und Teigsch\u00fcssel unterst\u00fctzen den Effekt des guten homogenen Mischens. Der Arbeitsradius des massiven Knethakens reicht bis zur Sch\u00fcsselmitte und erm\u00f6glicht auch die Verarbeitung klein\u00adster Mengen (als Mindestmenge kann etwa 10 % der H\u00f6chstmenge geknetet werden).<br \/>\n<b>Industriemotor<\/b><br \/>\nDas Herz unserer Teigknetmaschinen ist ein robus-ter Industriemotor, welcher auch bei schweren Teigen St\u00e4rke zeigt \u2013 das ruhige Laufger\u00e4usch und der gute Stand der Maschinen beweisen es.<br \/>\n<b>Leichte Reinigung<\/b><br \/>\nBis zum Typ SP 40 KA ist der Teigkessel abnehmbar und der Knetarm hochschwenkbar. Dadurch ist die Maschine leicht zu reinigen und zu handhaben.<br \/>\n<b>Lebensmittelecht<\/b><br \/>\nAlle mit dem Teig in Ber\u00fchrung kommenden Teile wie Knetarm und Teigkessel sind aus hochwertigem, lebensmittelechtem Edelstahl gefertigt.<br \/>\n<b>Robuste Bauweise<\/b><br \/>\nDas Geh\u00e4use ist aus dickem Stahlblech gefertigt und unempfindlich durch Pulverbeschichtung. Die Kettenantriebe f\u00fcr Knetarm und Teigkessel halten ein Leben lang.<br \/>\n<b>Sicherheit<\/b><br \/>\nAlle unsere Maschinen sind mit einem Sicherungs-schalter ausgestattet. Beim Hochklappen des Knetarms oder Schutzdeckels schaltet die Maschine automatisch ab. Alle Maschinen sind GS-gepr\u00fcft.<br \/>\n<b>Zeitschaltuhr<\/b><br \/>\nDie integrierte Zeitschaltuhr erm\u00f6glicht Ihnen eine einfache Einstellung und \u00dcberwachung der Knetdauer. Nach Ablauf der eingestellten Zeit schaltet die Maschine automatisch ab und verhindert so ein \u00dcberkneten des Teiges.<br \/>\n<b>Zeitschaltuhr<\/b><br \/>\nDie H\u00e4ussler Teigknetmaschinen sind mit einer Zeitschaltuhr ausgestattet, d.h. die Maschine schaltet nach Ablauf der eingestellten Knetzeit automatisch ab.<br \/>\n<b>Centra Spiralknetsystem<\/b><br \/>\nDurchmischt gleichm\u00e4\u00dfig und pr\u00e4zise. Der Arbeitsradius reicht bis zur Sch\u00fcsselmitte.<br \/>\n<b>Durchdachte Details<\/b><br \/>\nDer Deckel der SP-Maschinen ist hochklappbar, der gesamte Knetarm ist hochschwenkbar.<br \/>\n<b>Abnehmbarer Kessel<\/b><br \/>\nAlle mit Teig in Ber\u00fchrung kommenden Teile sind aus Edelstahl. Der Kessel ist bis zur \u00ad<br \/>\nSP 40 KA einfach mit einer Drehung abnehmbar \u2013 dank Bajonettverschluss.<br \/>\n<b>Robuster Doppelkettenantrieb<\/b><br \/>\nDie hochwertigen Materialien garantieren eine lange Lebensdauer auch bei der Verarbeitung von schweren Teigen.<br \/>\n<b>Gasdruckfedern &amp; Kabelhalter<\/b><br \/>\nDer Kabelhalter ist auf der R\u00fcckseite, somit ist das Stromkabel immer aufger\u00e4umt. Die Gasdruckfedern unterst\u00fctzen das Hochklappen des Knetarmes und halten ihn oben.<\/p>\n<p>&nbsp;<\/p>\n<\/div>\n<\/div>\n<\/div>\n<div class=\"row\">\n<div class=\"col-sm-12 col-xs-12\">\n<div class=\"dd-shortcode-text\">\n<p>Knetzeiten:<\/p>\n<table class=\"table table-bordered\">\n<tbody>\n<tr>\n<td>1-Gang-Maschine<br \/>\n(Knetzeit in ca. Minuten)<\/td>\n<td>Knetzeit<br \/>\ngesamt<\/td>\n<\/tr>\n<tr>\n<td>Br\u00f6tchenteig<\/td>\n<td>12<\/td>\n<\/tr>\n<tr>\n<td>Weizen-Dinkelteig<\/td>\n<td>15<\/td>\n<\/tr>\n<tr>\n<td>Roggenteig<\/td>\n<td>8<\/td>\n<\/tr>\n<tr>\n<td>Weizen-Vollkornteig<\/td>\n<td>15<\/td>\n<\/tr>\n<tr>\n<td>Baguette<\/td>\n<td>13<\/td>\n<\/tr>\n<tr>\n<td>Ciabatta<\/td>\n<td>16<\/td>\n<\/tr>\n<tr>\n<td>Pizzateig<\/td>\n<td>12<\/td>\n<\/tr>\n<tr>\n<td>Hefezopf-Stutenteig<\/td>\n<td>10<\/td>\n<\/tr>\n<\/tbody>\n<\/table>\n<table class=\"table table-bordered\">\n<tbody>\n<tr>\n<td>2-Gang-Maschine<br \/>\n(Knetzeit in ca. Minuten)<\/td>\n<td>Gang 1<br \/>\nlangsam<\/td>\n<td>Gang 2<br \/>\nschnell<\/td>\n<td>Knetzeit<br \/>\ngesamt<\/td>\n<\/tr>\n<tr>\n<td>Br\u00f6tchenteig<\/td>\n<td>4<\/td>\n<td>+ 5<\/td>\n<td>= 9<\/td>\n<\/tr>\n<tr>\n<td>Weizen-Dinkelteig<\/td>\n<td>4<\/td>\n<td>+ 9<\/td>\n<td>= 13<\/td>\n<\/tr>\n<tr>\n<td>Roggenteig<\/td>\n<td>5<\/td>\n<td>+ 2<\/td>\n<td>= 7<\/td>\n<\/tr>\n<tr>\n<td>Weizen-Vollkornteig<\/td>\n<td>4<\/td>\n<td>+ 9<\/td>\n<td>= 13<\/td>\n<\/tr>\n<tr>\n<td>Baguette<\/td>\n<td>5<\/td>\n<td>+ 6<\/td>\n<td>= 11<\/td>\n<\/tr>\n<tr>\n<td>Ciabatta<\/td>\n<td>5<\/td>\n<td>+ 10<\/td>\n<td>= 15<\/td>\n<\/tr>\n<tr>\n<td>Pizzateig<\/td>\n<td>4<\/td>\n<td>+ 6<\/td>\n<td>= 10<\/td>\n<\/tr>\n<tr>\n<td>Hefezopf-Stutenteig<\/td>\n<td>4<\/td>\n<td>+ 3<\/td>\n<td>= 7<\/td>\n<\/tr>\n<\/tbody>\n<\/table>\n<\/div>\n<\/div>\n<\/div>\n<div class=\"row\">\n<div class=\"col-sm-12 col-xs-12\">\n<div class=\"dd-shortcode-text\">\n<p>Dieser Artikel wird per Spedition versendet, die Speditionskosten werden im Bestellvorgang angezeigt. Der Artikel kann in folgende L\u00e4nder verschickt werden:<\/p>\n<p>Deutschland 95.- \u20ac inkl. MwSt.<br \/>\n\u00d6sterreich 170.- \u20ac inkl. MwSt.<br \/>\nNiederlande 170.- inkl. MwSt.<br \/>\nLuxemburg 170.- inkl. MwSt.<br \/>\nFrankreich 170.- inkl. MwSt.<br \/>\nItalien 170.- inkl. MwSt.<br \/>\nUngarn 170.- inkl. MwSt.<br \/>\nPolen 170.- inkl. MwSt.<br \/>\nD\u00e4nemark 170.- inkl. MwSt.<br \/>\nSchweden 230.- inkl. MwSt.<br \/>\n<b><\/b><\/p>\n<p><b>Vorteile im \u00dcberblick:<\/b><\/p>\n<ul>\n<li>Rund 30 Jahre Erfahrung im Teigknetmaschinenbau<\/li>\n<li>Laufende Qualit\u00e4tskontrollen<\/li>\n<li>Modernste, stromsparende Technik<\/li>\n<li>Verwendung hochwertigster Materialien<\/li>\n<li>Lange Lebensdauer durch robuste Bauweise<\/li>\n<li>Pflegeleicht und bedienerfreundlich<\/li>\n<\/ul>\n<\/div>\n<\/div>\n<\/div>\n","protected":false},"excerpt":{"rendered":"<div class=\"message-box relative dark\" style=\"padding-top:15px;padding-bottom:15px;\"><div class=\"message-box-bg-image bg-fill fill\" ><\/div><div class=\"message-box-bg-overlay bg-fill fill\" ><\/div><div class=\"container relative\"><div class=\"inner last-reset\">Vor dem bestellen bitte mit Luba in Verbindung setzen um Lieferzeiten und Kosten zu kl\u00e4ren!<br \/>\nE-Mail:<a href=\"mailto:info@luba.de\"> info@luba.de<\/a><\/div><\/div><\/div>\n","protected":false},"featured_media":10327,"comment_status":"closed","ping_status":"closed","template":"","meta":{"_acf_changed":false},"pwb-brand":[1174],"product_brand":[],"product_cat":[850],"product_tag":[],"class_list":{"0":"post-8592","1":"product","2":"type-product","3":"status-publish","4":"has-post-thumbnail","6":"pwb-brand-haeussler-en","7":"product_cat-commercial-equipment","9":"first","10":"instock","11":"taxable","12":"shipping-taxable","13":"purchasable","14":"product-type-simple"},"bundled_by":[],"bundle_stock_status":"instock","bundle_stock_quantity":99900,"bundle_virtual":false,"bundle_layout":"","bundle_add_to_cart_form_location":"","bundle_editable_in_cart":false,"bundle_sold_individually_context":"","bundle_item_grouping":"","bundle_min_size":"","bundle_max_size":"","bundle_price":[],"bundled_items":[],"bundle_sell_ids":[],"exclude_global_add_ons":[],"addons":[],"acf":[],"brands":[{"id":1174,"name":"H\u00e4ussler","slug":"haeussler-en"}],"_links":{"self":[{"href":"https:\/\/luba.de\/en\/wp-json\/wp\/v2\/product\/8592","targetHints":{"allow":["GET"]}}],"collection":[{"href":"https:\/\/luba.de\/en\/wp-json\/wp\/v2\/product"}],"about":[{"href":"https:\/\/luba.de\/en\/wp-json\/wp\/v2\/types\/product"}],"replies":[{"embeddable":true,"href":"https:\/\/luba.de\/en\/wp-json\/wp\/v2\/comments?post=8592"}],"wp:featuredmedia":[{"embeddable":true,"href":"https:\/\/luba.de\/en\/wp-json\/wp\/v2\/media\/10327"}],"wp:attachment":[{"href":"https:\/\/luba.de\/en\/wp-json\/wp\/v2\/media?parent=8592"}],"wp:term":[{"taxonomy":"pwb-brand","embeddable":true,"href":"https:\/\/luba.de\/en\/wp-json\/wp\/v2\/pwb-brand?post=8592"},{"taxonomy":"product_brand","embeddable":true,"href":"https:\/\/luba.de\/en\/wp-json\/wp\/v2\/product_brand?post=8592"},{"taxonomy":"product_cat","embeddable":true,"href":"https:\/\/luba.de\/en\/wp-json\/wp\/v2\/product_cat?post=8592"},{"taxonomy":"product_tag","embeddable":true,"href":"https:\/\/luba.de\/en\/wp-json\/wp\/v2\/product_tag?post=8592"}],"curies":[{"name":"wp","href":"https:\/\/api.w.org\/{rel}","templated":true}]}}