{"id":8671,"date":"2020-03-15T19:58:13","date_gmt":"2020-03-15T18:58:13","guid":{"rendered":"https:\/\/luba.de\/product\/schuessel-set-lindenholz-16-18-20-25-cm-oe\/"},"modified":"2025-10-11T23:41:46","modified_gmt":"2025-10-11T21:41:46","slug":"schuessel-set-lindenholz-16-18-20-25-cm-oe","status":"publish","type":"product","link":"https:\/\/luba.de\/en\/schuessel-set-lindenholz-16-18-20-25-cm-oe\/","title":{"rendered":"Sch\u00fcssel-Set Lindenholz 16\/18\/20\/25 cm \u00f8"},"content":{"rendered":"<h2>Holz Sch\u00fcssel Set aus Lindenholz<\/h2>\n<p>Lindenholzsch\u00fcssel naturbehandelt, als Auffanggef\u00e4\u00df f\u00fcr Ihre Getreidem\u00fchle \u2013 auch f\u00fcr Obst, Brot oder Geb\u00e4ck gut geeignet.<\/p>\n<p><strong>Set besteht aus 4 Holzsch\u00fcsseln<\/strong><\/p>\n<ul>\n<li>16 cm<\/li>\n<li>18 cm<\/li>\n<li>20 cm<\/li>\n<li>25 cm<\/li>\n<\/ul>\n","protected":false},"excerpt":{"rendered":"<p>Holz Sch\u00fcssel Set aus Lindenholz Lindenholzsch\u00fcssel naturbehandelt, als Auffanggef\u00e4\u00df f\u00fcr Ihre Getreidem\u00fchle \u2013 auch f\u00fcr Obst, Brot oder Geb\u00e4ck gut geeignet. Set besteht aus 4 Holzsch\u00fcsseln 16 cm 18 cm 20 cm 25 cm<\/p>\n","protected":false},"featured_media":13730,"comment_status":"closed","ping_status":"closed","template":"","meta":{"_acf_changed":false},"pwb-brand":[1185],"product_brand":[],"product_cat":[909],"product_tag":[],"class_list":{"0":"post-8671","1":"product","2":"type-product","3":"status-publish","4":"has-post-thumbnail","6":"pwb-brand-malom-en","7":"product_cat-bowls-en","9":"first","10":"instock","11":"taxable","12":"shipping-taxable","13":"purchasable","14":"product-type-bundle"},"bundled_by":[],"bundle_stock_status":"instock","bundle_stock_quantity":42,"bundle_virtual":false,"bundle_layout":"default","bundle_add_to_cart_form_location":"default","bundle_editable_in_cart":false,"bundle_sold_individually_context":"product","bundle_item_grouping":"parent","bundle_min_size":"","bundle_max_size":"","bundle_price":{"price":{"min":{"incl_tax":"117.7","excl_tax":"98.907563"},"max":{"incl_tax":"117.7","excl_tax":"98.907563"}},"regular_price":{"min":{"incl_tax":"117.7","excl_tax":"98.907563"},"max":{"incl_tax":"117.7","excl_tax":"98.907563"}}},"bundled_items":[{"bundled_item_id":115,"product_id":9516,"menu_order":0,"quantity_min":1,"quantity_max":1,"quantity_default":1,"priced_individually":false,"shipped_individually":false,"override_title":false,"title":"Lindenholzsch\u00fcssel aus einem St\u00fcck 16 cm \u00f8","override_description":false,"description":"Lindenholzsch\u00fcssel aus einem St\u00fcck 16 cm \u00f8","optional":false,"hide_thumbnail":false,"discount":"","override_variations":false,"allowed_variations":[""],"override_default_variation_attributes":false,"default_variation_attributes":[],"single_product_visibility":"visible","cart_visibility":"visible","order_visibility":"visible","single_product_price_visibility":"visible","cart_price_visibility":"visible","order_price_visibility":"visible","stock_status":"in_stock"},{"bundled_item_id":116,"product_id":9518,"menu_order":1,"quantity_min":1,"quantity_max":1,"quantity_default":1,"priced_individually":false,"shipped_individually":false,"override_title":false,"title":"Lindenholzsch\u00fcssel aus einem St\u00fcck 18 cm \u00f8","override_description":false,"description":"Lindenholzsch\u00fcssel aus einem St\u00fcck 18 cm \u00f8","optional":false,"hide_thumbnail":false,"discount":"","override_variations":false,"allowed_variations":[""],"override_default_variation_attributes":false,"default_variation_attributes":[],"single_product_visibility":"visible","cart_visibility":"visible","order_visibility":"visible","single_product_price_visibility":"visible","cart_price_visibility":"visible","order_price_visibility":"visible","stock_status":"in_stock"},{"bundled_item_id":117,"product_id":9524,"menu_order":2,"quantity_min":1,"quantity_max":1,"quantity_default":1,"priced_individually":false,"shipped_individually":false,"override_title":false,"title":"Lindenholzsch\u00fcssel aus einem St\u00fcck 20 cm \u00f8","override_description":false,"description":"Lindenholzsch\u00fcssel aus einem St\u00fcck 20 cm \u00f8","optional":false,"hide_thumbnail":false,"discount":"","override_variations":false,"allowed_variations":[""],"override_default_variation_attributes":false,"default_variation_attributes":[],"single_product_visibility":"visible","cart_visibility":"visible","order_visibility":"visible","single_product_price_visibility":"visible","cart_price_visibility":"visible","order_price_visibility":"visible","stock_status":"in_stock"},{"bundled_item_id":118,"product_id":9530,"menu_order":3,"quantity_min":1,"quantity_max":1,"quantity_default":1,"priced_individually":false,"shipped_individually":false,"override_title":false,"title":"Lindenholzsch\u00fcssel aus einem St\u00fcck 25 cm \u00f8","override_description":false,"description":"Lindenholzsch\u00fcssel aus einem St\u00fcck 25 cm \u00f8","optional":false,"hide_thumbnail":false,"discount":"","override_variations":false,"allowed_variations":[""],"override_default_variation_attributes":false,"default_variation_attributes":[],"single_product_visibility":"visible","cart_visibility":"visible","order_visibility":"visible","single_product_price_visibility":"visible","cart_price_visibility":"visible","order_price_visibility":"visible","stock_status":"in_stock"}],"bundle_sell_ids":[],"exclude_global_add_ons":[],"addons":[],"acf":[],"brands":[{"id":1185,"name":"Malom","slug":"malom-en"}],"_links":{"self":[{"href":"https:\/\/luba.de\/en\/wp-json\/wp\/v2\/product\/8671","targetHints":{"allow":["GET"]}}],"collection":[{"href":"https:\/\/luba.de\/en\/wp-json\/wp\/v2\/product"}],"about":[{"href":"https:\/\/luba.de\/en\/wp-json\/wp\/v2\/types\/product"}],"replies":[{"embeddable":true,"href":"https:\/\/luba.de\/en\/wp-json\/wp\/v2\/comments?post=8671"}],"wp:featuredmedia":[{"embeddable":true,"href":"https:\/\/luba.de\/en\/wp-json\/wp\/v2\/media\/13730"}],"wp:attachment":[{"href":"https:\/\/luba.de\/en\/wp-json\/wp\/v2\/media?parent=8671"}],"wp:term":[{"taxonomy":"pwb-brand","embeddable":true,"href":"https:\/\/luba.de\/en\/wp-json\/wp\/v2\/pwb-brand?post=8671"},{"taxonomy":"product_brand","embeddable":true,"href":"https:\/\/luba.de\/en\/wp-json\/wp\/v2\/product_brand?post=8671"},{"taxonomy":"product_cat","embeddable":true,"href":"https:\/\/luba.de\/en\/wp-json\/wp\/v2\/product_cat?post=8671"},{"taxonomy":"product_tag","embeddable":true,"href":"https:\/\/luba.de\/en\/wp-json\/wp\/v2\/product_tag?post=8671"}],"curies":[{"name":"wp","href":"https:\/\/api.w.org\/{rel}","templated":true}]}}