{"id":8724,"date":"2020-03-14T10:21:22","date_gmt":"2020-03-14T09:21:22","guid":{"rendered":"https:\/\/luba.de\/product\/breadcake-die-einzigartige-backplatte-rund-2\/"},"modified":"2026-04-16T11:08:52","modified_gmt":"2026-04-16T09:08:52","slug":"breadcake-die-einzigartige-backplatte-rund-2","status":"publish","type":"product","link":"https:\/\/luba.de\/en\/breadcake-die-einzigartige-backplatte-rund-2\/","title":{"rendered":"Bread&#038;Cake &#8211; Die einzigartige Backplatte &#8211; rund"},"content":{"rendered":"<p>Die naturbelassene Backplatte f\u00fcr Brot und Kuchen mit integrierter Wasserrinne. Sie erzielen optimale Backergebnisse durch gezielte Wasserverdunstung und dadurch rundherum ein kunspriges Brot. Hergestellt wird diese Backplatte aus gesch\u00fctzter, hitzebest\u00e4ndiger und w\u00e4rmespeichernder CeraFlam\u00ae Keramik.. Die Backplatte ist unglasiert, die Farbe changiert in Braunt\u00f6nen. Nach h\u00e4ufiger Nutzung erh\u00e4lt die Backplatte eine nat\u00fcrliche Patina. Die Bread + Cake ist lebensmittelecht und muss beim Backen nicht eingefettet werden. Ausgelegt ist sie f\u00fcr Rezepte mit bis zu 750 g Mehl. Lieferumfang: Backplatte Bread + Cake, Rezeptheft, Ma\u00dfe: \u00d8 30 cm, H\u00f6he: 4 cm, Gewicht: 2 kg<\/p>\n","protected":false},"excerpt":{"rendered":"<p>Die naturbelassene Backplatte f\u00fcr Brot und Kuchen mit integrierter Wasserrinne. Sie erzielen optimale Backergebnisse durch gezielte Wasserverdunstung und dadurch rundherum ein kunspriges Brot. Hergestellt wird diese Backplatte aus gesch\u00fctzter, hitzebest\u00e4ndiger und w\u00e4rmespeichernder CeraFlam\u00ae Keramik.. Die Backplatte ist unglasiert, die Farbe changiert in Braunt\u00f6nen. Nach h\u00e4ufiger Nutzung erh\u00e4lt die Backplatte eine nat\u00fcrliche Patina. Die Bread + [&#8230;]\n","protected":false},"featured_media":8725,"comment_status":"closed","ping_status":"closed","template":"","meta":{"_acf_changed":false},"pwb-brand":[1213],"product_brand":[],"product_cat":[1440],"product_tag":[],"class_list":{"0":"post-8724","1":"product","2":"type-product","3":"status-publish","4":"has-post-thumbnail","6":"pwb-brand-denk-en","7":"product_cat-sonstiges-en","9":"first","10":"instock","11":"taxable","12":"shipping-taxable","13":"purchasable","14":"product-type-simple"},"bundled_by":[],"bundle_stock_status":"instock","bundle_stock_quantity":100,"bundle_virtual":false,"bundle_layout":"","bundle_add_to_cart_form_location":"","bundle_editable_in_cart":false,"bundle_sold_individually_context":"","bundle_item_grouping":"","bundle_min_size":"","bundle_max_size":"","bundle_price":[],"bundled_items":[],"bundle_sell_ids":[],"exclude_global_add_ons":[],"addons":[],"acf":[],"brands":[{"id":1213,"name":"Denk","slug":"denk-en"}],"_links":{"self":[{"href":"https:\/\/luba.de\/en\/wp-json\/wp\/v2\/product\/8724","targetHints":{"allow":["GET"]}}],"collection":[{"href":"https:\/\/luba.de\/en\/wp-json\/wp\/v2\/product"}],"about":[{"href":"https:\/\/luba.de\/en\/wp-json\/wp\/v2\/types\/product"}],"replies":[{"embeddable":true,"href":"https:\/\/luba.de\/en\/wp-json\/wp\/v2\/comments?post=8724"}],"wp:featuredmedia":[{"embeddable":true,"href":"https:\/\/luba.de\/en\/wp-json\/wp\/v2\/media\/8725"}],"wp:attachment":[{"href":"https:\/\/luba.de\/en\/wp-json\/wp\/v2\/media?parent=8724"}],"wp:term":[{"taxonomy":"pwb-brand","embeddable":true,"href":"https:\/\/luba.de\/en\/wp-json\/wp\/v2\/pwb-brand?post=8724"},{"taxonomy":"product_brand","embeddable":true,"href":"https:\/\/luba.de\/en\/wp-json\/wp\/v2\/product_brand?post=8724"},{"taxonomy":"product_cat","embeddable":true,"href":"https:\/\/luba.de\/en\/wp-json\/wp\/v2\/product_cat?post=8724"},{"taxonomy":"product_tag","embeddable":true,"href":"https:\/\/luba.de\/en\/wp-json\/wp\/v2\/product_tag?post=8724"}],"curies":[{"name":"wp","href":"https:\/\/api.w.org\/{rel}","templated":true}]}}