{"id":8726,"date":"2020-03-14T10:21:22","date_gmt":"2020-03-14T09:21:22","guid":{"rendered":"https:\/\/luba.de\/product\/graef-hand-allesschneider-rot-h-93-eu\/"},"modified":"2026-04-07T09:08:50","modified_gmt":"2026-04-07T07:08:50","slug":"graef-hand-allesschneider-manuale-h-93-eu-rot","status":"publish","type":"product","link":"https:\/\/luba.de\/en\/graef-hand-allesschneider-manuale-h-93-eu-rot\/","title":{"rendered":"Graef Hand-Allesschneider Manuale H 93 EU, rot"},"content":{"rendered":"<h2>Manuelle Brotschneidemaschine von Graef im Retro Design rot<\/h2>\n<p>Der Handallesschneider in Vollmetallausf\u00fchrung in Optik der 60er Jahre. Mit abnehmbarem Edelstahlschlitten und 190 mm, gezahntem, durchgeh\u00e4rtetem Edelstahlmesser. Schnittst\u00e4rke von 0 &#8211; 15 mm regulierbar, leichtg\u00e4ngige Handkurbel mit Echtholzgriff; Gummisaugf\u00fc\u00dfe und Edelstahl-Restehalter. Standfl\u00e4che: 37 x 36 cm<\/p>\n<h3 class=\"a-spacing-mini\">Hand Allesschneider Manuale H 93<\/h3>\n<ul class=\"a-unordered-list a-vertical\">\n<li><span class=\"a-list-item\">Hochwertiger Retro-Allesschneider<\/span><\/li>\n<li><span class=\"a-list-item\">\u00dcberall einsetzbar &#8211; extrem energiesparend!<\/span><\/li>\n<li><span class=\"a-list-item\">Vollmetallausf\u00fchrung<\/span><\/li>\n<li><span class=\"a-list-item\">Gro\u00dfes, \u2205 190 mm Wellenschliff-Edelstahlmesser<\/span><\/li>\n<li>Die Schnittst\u00e4rke ist stufenlos einstellbar, 0-15 mm<\/li>\n<li><span class=\"a-list-item\">Ideal f\u00fcr Brot, Wurst und K\u00e4se<\/span><\/li>\n<\/ul>\n<p><strong><span class=\"a-text-bold\">Daumenschutz<\/span>:<\/strong> Der Fingerschutz sorgt f\u00fcr Sicherheit. Der Daumen wird w\u00e4hrend des Schneidens optimal gesch\u00fctzt.<\/p>\n<p><strong><span class=\"a-text-bold\">Abnehmbarer Edelstahlschlitten<\/span>:<\/strong> Der abnehmbare Edelstahlschlitten erleichtert die Reinigung.<\/p>\n<div class=\"celwidget\" data-csa-c-id=\"7n7t1m-5styud-usna66-aw1pdm\" data-cel-widget=\"dpx-aplus-product-description_csm_instrumentation_wrapper\">\n<div id=\"aplus_feature_div\" class=\"celwidget\" data-feature-name=\"aplus\" data-csa-c-id=\"gtmq6s-ee16qa-mnxao2-ylj001\" data-cel-widget=\"aplus_feature_div\">\n<div id=\"aplus\" class=\"a-section a-spacing-large bucket\">\n<div class=\"aplus-v2 desktop celwidget\" data-csa-c-id=\"cu9qfa-j3hdm6-nc6ow2-1o0a8k\" data-cel-widget=\"aplus\">\n<div class=\"celwidget aplus-module module-2 aplus-standard\" data-csa-c-id=\"4owpj5-tk8ugu-iw7num-obrpwy\" data-cel-widget=\"aplus-module-2\">\n<div class=\"a-expander-collapsed-height a-row a-expander-container a-expander-partial-collapse-container\" data-a-expander-name=\"aplus-module-expander\" data-a-expander-collapsed-height=\"700\">\n<div class=\"a-expander-content a-expander-partial-collapse-content\" aria-expanded=\"false\">\n<div class=\"aplus-module-wrapper apm-floatnone apm-fixed-width\">\n<div class=\"apm-sidemodule apm-spacing\">\n<div class=\"apm-sidemodule-textright\">\n<p><strong><span class=\"a-text-bold\">Leichtg\u00e4ngige Kurbel<\/span>:<\/strong> Die leichtg\u00e4ngige Kurbel mit Holzgriff sorgt f\u00fcr optimalen Bedienkomfort.<\/p>\n<p>Der Hand-Allesschneider Manuale H93 von GRAEF vereint zeitloses Design mit herausragender Funktionalit\u00e4t \u2013 ein echter Klassiker in jeder K\u00fcche. Mit seiner leichtg\u00e4ngigen Kurbel, die mit einem eleganten Holzgriff ausgestattet ist, sorgt dieses Ger\u00e4t nicht nur f\u00fcr eine ansprechende Optik, sondern auch f\u00fcr hohen Bedienkomfort bei jedem Schnitt.<\/p>\n<p>Dank des integrierten Fingerschutzes wird Ihr Daumen w\u00e4hrend des Schneidens optimal gesch\u00fctzt, was f\u00fcr zus\u00e4tzliche Sicherheit sorgt. Die stabilen Standbeine mit Gummisaugf\u00fc\u00dfen garantieren einen festen Halt und machen den Schneideprozess noch komfortabler.<\/p>\n<p>Ausgestattet mit einem scharfen Edelstahl-Wellenschliffmesser (Durchmesser 190 mm) erm\u00f6glicht der Manuale H9 pr\u00e4zise und gleichm\u00e4\u00dfige Schnittst\u00e4rken von 0 bis 15 mm \u2013 ideal f\u00fcr alles von hauchd\u00fcnnen bis dicken Scheiben. Der abnehmbare Edelstahlschlitten und die ebenfalls aus Edelstahl gefertigte Schlittenf\u00fchrung sorgen nicht nur f\u00fcr eine edle Optik, sondern erleichtern auch die Reinigung erheblich.<\/p>\n<p>Ein praktischer Restehalter ist im Lieferumfang enthalten, damit Sie auch kleine St\u00fccke problemlos bis zur letzten Scheibe schneiden k\u00f6nnen. Der GRAEF Hand-Allesschneider Manuale H93 ist besonders leicht und kompakt, wodurch er sich auch hervorragend f\u00fcr kleinere K\u00fcchen oder f\u00fcr den Einsatz unterwegs eignet.<\/p>\n<p>Mit seiner nostalgischen Optik und der hochwertigen Verarbeitung ist der Manuale H93 nicht nur ein praktisches Werkzeug, sondern auch ein stilvolles Highlight in jeder K\u00fcche.<\/p>\n<\/div>\n<\/div>\n<\/div>\n<\/div>\n<\/div>\n<\/div>\n<\/div>\n<\/div>\n<\/div>\n<\/div>\n","protected":false},"excerpt":{"rendered":"<p>Manuelle Brotschneidemaschine von Graef im Retro Design rot Der Handallesschneider in Vollmetallausf\u00fchrung in Optik der 60er Jahre. Mit abnehmbarem Edelstahlschlitten und 190 mm, gezahntem, durchgeh\u00e4rtetem Edelstahlmesser. Schnittst\u00e4rke von 0 &#8211; 15 mm regulierbar, leichtg\u00e4ngige Handkurbel mit Echtholzgriff; Gummisaugf\u00fc\u00dfe und Edelstahl-Restehalter. Standfl\u00e4che: 37 x 36 cm Hand Allesschneider Manuale H 93 Hochwertiger Retro-Allesschneider \u00dcberall einsetzbar &#8211; [&#8230;]\n","protected":false},"featured_media":12356,"comment_status":"closed","ping_status":"closed","template":"","meta":{"_acf_changed":false},"pwb-brand":[1180],"product_brand":[],"product_cat":[1380],"product_tag":[],"class_list":{"0":"post-8726","1":"product","2":"type-product","3":"status-publish","4":"has-post-thumbnail","6":"pwb-brand-graef-en","7":"product_cat-universal-slicer","9":"first","10":"outofstock","11":"taxable","12":"shipping-taxable","13":"purchasable","14":"product-type-simple"},"bundled_by":[],"bundle_stock_status":"outofstock","bundle_stock_quantity":0,"bundle_virtual":false,"bundle_layout":"","bundle_add_to_cart_form_location":"","bundle_editable_in_cart":false,"bundle_sold_individually_context":"","bundle_item_grouping":"","bundle_min_size":"","bundle_max_size":"","bundle_price":[],"bundled_items":[],"bundle_sell_ids":[],"exclude_global_add_ons":[],"addons":[],"acf":[],"brands":[{"id":1180,"name":"Graef","slug":"graef-en"}],"_links":{"self":[{"href":"https:\/\/luba.de\/en\/wp-json\/wp\/v2\/product\/8726","targetHints":{"allow":["GET"]}}],"collection":[{"href":"https:\/\/luba.de\/en\/wp-json\/wp\/v2\/product"}],"about":[{"href":"https:\/\/luba.de\/en\/wp-json\/wp\/v2\/types\/product"}],"replies":[{"embeddable":true,"href":"https:\/\/luba.de\/en\/wp-json\/wp\/v2\/comments?post=8726"}],"wp:featuredmedia":[{"embeddable":true,"href":"https:\/\/luba.de\/en\/wp-json\/wp\/v2\/media\/12356"}],"wp:attachment":[{"href":"https:\/\/luba.de\/en\/wp-json\/wp\/v2\/media?parent=8726"}],"wp:term":[{"taxonomy":"pwb-brand","embeddable":true,"href":"https:\/\/luba.de\/en\/wp-json\/wp\/v2\/pwb-brand?post=8726"},{"taxonomy":"product_brand","embeddable":true,"href":"https:\/\/luba.de\/en\/wp-json\/wp\/v2\/product_brand?post=8726"},{"taxonomy":"product_cat","embeddable":true,"href":"https:\/\/luba.de\/en\/wp-json\/wp\/v2\/product_cat?post=8726"},{"taxonomy":"product_tag","embeddable":true,"href":"https:\/\/luba.de\/en\/wp-json\/wp\/v2\/product_tag?post=8726"}],"curies":[{"name":"wp","href":"https:\/\/api.w.org\/{rel}","templated":true}]}}