{"id":8728,"date":"2020-03-14T10:21:22","date_gmt":"2020-03-14T09:21:22","guid":{"rendered":"https:\/\/luba.de\/product\/blendtec-total-blender\/"},"modified":"2025-04-10T11:03:23","modified_gmt":"2025-04-10T09:03:23","slug":"blendtec-total-blender","status":"publish","type":"product","link":"https:\/\/luba.de\/en\/blendtec-total-blender\/","title":{"rendered":"Blendtec Total Blender inkl. WildSide+ Jar"},"content":{"rendered":"<h2>Blendtec Total Blender Standmixer mit WildSide+ Beh\u00e4lter<\/h2>\n<p>Der Total Blender Classic bringt professionelle Leistung und Power in Ihr Zuhause. Er \u00fcberzeugt mit den beliebtesten vorprogrammierten Mischzyklen, um das Zubereiten Ihrer Lieblingsspeise so einfach wie m\u00f6glich zu gestalten.\u00a0 Diese Version des Total Blender ist seit 2018 auf dem Markt.<\/p>\n<h3>Kraftvoll, vielf\u00e4ltig und leicht zu reinigen<\/h3>\n<p>Der Total Blender Classic vereint die geballte Kraft des Blendtec mit vielen praktischen Funktionen und Features.<\/p>\n<h3>Diese Features sind unter anderem:<\/h3>\n<ul>\n<li>3,0 PS Maximalleistung, 1560 Watt, 240 V<\/li>\n<li><span class=\"s1\">Komplett versiegelte Tasten-Bedienelemente<\/span><\/li>\n<li><span class=\"s1\">Einfach zu bedienende und reinigende Druckkn\u00f6pfe<\/span><\/li>\n<li>Vorprogrammierte Zyklen: Smoothie, Teig, hei\u00dfe Suppe, Saft aus ganzen Fr\u00fcchten, Eis, Crushed Ice<\/li>\n<li><span class=\"s1\">10 ausw\u00e4hlbare Geschwindigkeitsstufen + Pulse-Funktion<\/span><\/li>\n<li>H\u00f6he x Breite x Tiefe: 38 x 18 cm x 20 cm<\/li>\n<li>Beleuchtetes LCD-Display zeigt die Restlaufzeit des Vorgangs an<\/li>\n<li>2 Jahre Garantie<\/li>\n<\/ul>\n<h3>Verpackungsinhalt<\/h3>\n<ul>\n<li>Total Blender Motorbasis<\/li>\n<li>WildSide+ Beh\u00e4lter (BPA Frei) mit ventiliertem Deckel<\/li>\n<li>Schnellstart-Anleitung sowie Rezepte<\/li>\n<\/ul>\n<h3>Qualit\u00e4t, wie bei kommerziellen Ger\u00e4ten<\/h3>\n<p>Seit Jahren werden die Maschinen von Blendtec in den besten Caf\u00e9s, Saftbars und Restaurants auf der ganzen Welt verwendet. Die Total Blender Classic Reihe, liefert die gleichen gro\u00dfartigen Ergebnisse in Ihrem Zuhause.<\/p>\n<div class=\"row\"  id=\"row-712524627\">\n\n\t<div id=\"col-1520171997\" class=\"col medium-5 small-12 large-5\"  >\n\t\t\t\t<div class=\"col-inner\"  >\n\t\t\t\n\t\t\t\n\t<div class=\"img has-hover x md-x lg-x y md-y lg-y\" id=\"image_218345764\">\n\t\t\t\t\t\t\t\t<div class=\"img-inner dark\" >\n\t\t\t<img decoding=\"async\" width=\"360\" height=\"152\" src=\"https:\/\/luba.de\/wp-content\/uploads\/2022\/10\/Total-Blender_interface.jpg\" class=\"attachment-large size-large\" alt=\"\" title=\"\">\t\t\t\t\t\t\n\t\t\t\t\t<\/div>\n\t\t\t\t\t\t\t\t\n<style>\n#image_218345764 {\n  width: 100%;\n}\n<\/style>\n\t<\/div>\n\t\n\t\t<\/div>\n\t\t\t\t\t<\/div>\n\n\t\n<\/div>\n<h3>Mischzyklen<\/h3>\n<p>Der Total Blender verf\u00fcgt \u00fcber sechs vorprogrammierte Zyklen: Crushed Ice, Smoothie, hei\u00dfe Suppe, Eis, Saft aus ganzen Fr\u00fcchten und Teig. Diese exklusive Mischzyklus-Technologie schafft die perfekte Mischung mit einem Knopfdruck.<\/p>\n<h3>Leistungsstark und voller Kraft<\/h3>\n<p>Sie wollen selbst Crushed Ice herstellen? Mit dem Total Blender Classic ist dies kein Problem, denn mit seinem 3,0 PS starken Motor verwandelt er in Sekundenschnelle Eis in Schnee.<\/p>\n","protected":false},"excerpt":{"rendered":"<p>Blendtec Total Blender Standmixer mit WildSide+ Beh\u00e4lter Der Total Blender Classic bringt professionelle Leistung und Power in Ihr Zuhause. Er \u00fcberzeugt mit den beliebtesten vorprogrammierten Mischzyklen, um das Zubereiten Ihrer Lieblingsspeise so einfach wie m\u00f6glich zu gestalten.\u00a0 Diese Version des Total Blender ist seit 2018 auf dem Markt. Kraftvoll, vielf\u00e4ltig und leicht zu reinigen Der [&#8230;]\n","protected":false},"featured_media":17280,"comment_status":"closed","ping_status":"closed","template":"","meta":{"_acf_changed":false},"pwb-brand":[1233],"product_brand":[],"product_cat":[1387],"product_tag":[],"class_list":{"0":"post-8728","1":"product","2":"type-product","3":"status-publish","4":"has-post-thumbnail","6":"pwb-brand-blendtec-en","7":"product_cat-blendtec-en","9":"first","10":"instock","11":"sale","12":"taxable","13":"shipping-taxable","14":"purchasable","15":"product-type-variable","16":"has-default-attributes"},"bundled_by":[],"bundle_stock_status":"instock","bundle_stock_quantity":null,"bundle_virtual":false,"bundle_layout":"","bundle_add_to_cart_form_location":"","bundle_editable_in_cart":false,"bundle_sold_individually_context":"","bundle_item_grouping":"","bundle_min_size":"","bundle_max_size":"","bundle_price":[],"bundled_items":[],"bundle_sell_ids":[],"exclude_global_add_ons":[],"addons":[],"acf":[],"brands":[{"id":1233,"name":"Blendtec","slug":"blendtec-en"}],"_links":{"self":[{"href":"https:\/\/luba.de\/en\/wp-json\/wp\/v2\/product\/8728","targetHints":{"allow":["GET"]}}],"collection":[{"href":"https:\/\/luba.de\/en\/wp-json\/wp\/v2\/product"}],"about":[{"href":"https:\/\/luba.de\/en\/wp-json\/wp\/v2\/types\/product"}],"replies":[{"embeddable":true,"href":"https:\/\/luba.de\/en\/wp-json\/wp\/v2\/comments?post=8728"}],"wp:featuredmedia":[{"embeddable":true,"href":"https:\/\/luba.de\/en\/wp-json\/wp\/v2\/media\/17280"}],"wp:attachment":[{"href":"https:\/\/luba.de\/en\/wp-json\/wp\/v2\/media?parent=8728"}],"wp:term":[{"taxonomy":"pwb-brand","embeddable":true,"href":"https:\/\/luba.de\/en\/wp-json\/wp\/v2\/pwb-brand?post=8728"},{"taxonomy":"product_brand","embeddable":true,"href":"https:\/\/luba.de\/en\/wp-json\/wp\/v2\/product_brand?post=8728"},{"taxonomy":"product_cat","embeddable":true,"href":"https:\/\/luba.de\/en\/wp-json\/wp\/v2\/product_cat?post=8728"},{"taxonomy":"product_tag","embeddable":true,"href":"https:\/\/luba.de\/en\/wp-json\/wp\/v2\/product_tag?post=8728"}],"curies":[{"name":"wp","href":"https:\/\/api.w.org\/{rel}","templated":true}]}}