{"id":8735,"date":"2020-03-14T10:21:22","date_gmt":"2020-03-14T09:21:22","guid":{"rendered":"https:\/\/luba.de\/product\/waldner-mona-laerche\/"},"modified":"2026-02-20T18:17:45","modified_gmt":"2026-02-20T17:17:45","slug":"waldner-mona-laerche","status":"publish","type":"product","link":"https:\/\/luba.de\/en\/waldner-mona-laerche\/","title":{"rendered":"Waldner Mona L\u00e4rche"},"content":{"rendered":"<h2>Die neue Waldner Haushaltsm\u00fchle MONA L\u00e4rche<\/h2>\n<div class=\"row\">\n<div class=\"col-12 col-md-8 col-lg-7 my-5\">\n<div class=\"product-detail-description-text\">Eine der sch\u00f6nsten Verbindungen zwischen Innovation, Natur und Tradition: Die neue\u00a0Getreidem\u00fchle\u00a0MONA. Aus 100% heimischen L\u00e4rchen- bzw. Zirbenholz. Mit Stil und Leidenschaft kreiert sie auf Knopfdruck feinstes Mehl &#8211; gerne auch Speisemais.<\/div>\n<\/div>\n<\/div>\n<div class=\"pb-5\">\n<div class=\"dreisc-cms--accordion\" data-dreisc-cms-accordion=\"\">\n<div id=\"accordion-technical\" class=\"accordion-card\">\n<div class=\"icon-toggle\"><\/div>\n<div class=\"accordion-collapse collapse show\">\n<p class=\"p1\"><b>Kompakte Abmessungen:<br \/>\n<\/b>Mit ihren schlanken Ma\u00dfen von 32 cm H\u00f6he und 19 cm Durchmesser f\u00fcgt sich die Getreidem\u00fchle Mona elegant in jede K\u00fcchenumgebung ein. Sie beansprucht minimalen Platz, ohne bei der Leistung Kompromisse einzugehen, und beweist, dass wahre Gr\u00f6\u00dfe in der Effizienz liegt.<\/p>\n<p class=\"p2\"><b>Leichtgewicht mit gro\u00dfer Leistung:<\/b><br \/>\nDie Mona wiegt nur 7,5 kg und beeindruckt mit einer Mahlleistung von 120 g pro Minute. Dieses Leichtgewicht unter den Getreidem\u00fchlen verbindet m\u00fchelose Handhabung mit beeindruckender Effizienz und bew\u00e4ltigt m\u00fchelos die Bed\u00fcrfnisse des t\u00e4glichen Mahlens.<\/p>\n<p class=\"p2\"><b>Langlebiges Material:<\/b><br \/>\nAusgew\u00e4hlt f\u00fcr ihre Robustheit und nat\u00fcrliche \u00c4sthetik, wird die Mona aus hochwertigem<b>\u00a0L\u00e4rchen<\/b>&#8211; und\u00a0<b>Zirbenholz\u00a0<\/b>gefertigt. Diese Materialien nicht nur versch\u00f6nern jede K\u00fcche, sondern bieten auch eine langlebige und gesunde Mahlumgebung.<\/p>\n<p class=\"p2\"><b>Effiziente Mahltechnik:<\/b><br \/>\nAusgestattet mit einem 90-mm-Mahlstein aus Edelkorund und Keramik, erm\u00f6glicht die Mona eine gleichbleibend hohe Mahlqualit\u00e4t. Von feinstem Mehl bis zu grobem Schrot passt sich die M\u00fchle flexibel Ihren Bed\u00fcrfnissen an, einfach und intuitiv.<\/p>\n<p class=\"p2\"><b>Selbstreinigende Mahlkammer:<\/b><br \/>\nDie Mona verf\u00fcgt \u00fcber eine innovative selbstreinigende Mahlkammer. Eine einfache Einstellung auf grobes Mahlen erleichtert die Reinigung von Mahlstein und Kammer, reduziert den Wartungsaufwand und erh\u00f6ht die Langlebigkeit der M\u00fchle.<\/p>\n<p class=\"p2\"><b>Umweltfreundlich und energieeffizient:<br \/>\n<\/b>Mit einem bewussten Energieverbrauch von nur 400 Watt bei 220-240 Volt und 50 Hertz steht die Mona f\u00fcr das Engagement von Waldner biotech in Sachen\u00a0Umweltfreundlichkeit. Sie symbolisiert nachhaltige Leistung in jeder K\u00fcche.<\/p>\n<p class=\"p2\"><b>Vielseitige Anwendung:<br \/>\n<\/b>Die Mona ist nicht nur f\u00fcr Getreide aller Art geeignet, sondern auch perfekt f\u00fcr die Verarbeitung von Gew\u00fcrzen und Salzen. Ihre Flexibilit\u00e4t und einfache Bedienung machen sie zu einem unverzichtbaren Helfer f\u00fcr frische und vielf\u00e4ltige Zutaten.<\/p>\n<p class=\"p2\"><b>Lange Garantiezeit:<\/b><br \/>\nWaldner biotech bietet f\u00fcr die Mona eine beeindruckende\u00a0<a href=\"https:\/\/www.waldner-biotech.at\/nachhaltigkeit-garantie\/\" target=\"_blank\" rel=\"noopener\"><b>Garantie von 8 Jahren<\/b><\/a>, ein Zeugnis f\u00fcr Qualit\u00e4t, Verl\u00e4sslichkeit und die Langlebigkeit der M\u00fchle. Ein Versprechen, das Vertrauen und Zufriedenheit schafft.<\/p>\n<p class=\"p1\"><b>Fazit:<br \/>\n<\/b>Die Getreidem\u00fchle Mona von Waldner biotech repr\u00e4sentiert eine perfekte Symbiose aus\u00a0<a href=\"https:\/\/www.waldner-biotech.at\/ueber-uns\/design\/\" target=\"_blank\" rel=\"noopener\"><b>Design, Leistung und Nachhaltigkeit<\/b><\/a>. Sie ist die ideale L\u00f6sung f\u00fcr jeden, der frische Zutaten sch\u00e4tzt und dabei nicht auf Stil und Umweltbewusstsein verzichten m\u00f6chte. Ein unverzichtbares K\u00fcchenger\u00e4t, das die Kunst des Mahlens neu definiert und in jeder Hinsicht \u00fcberzeugt.<\/p>\n<\/div>\n<\/div>\n<\/div>\n<\/div>\n","protected":false},"excerpt":{"rendered":"<p>Mit ihrem starken 400 Watt Motor mahlt sie feinstes Mehl.<\/p>\n<p>Holzart: L\u00e4rche<br \/>\nMahlleistung fein: 120g\/min<br \/>\nMahlstein: d = 90 mm<br \/>\nTrichterf\u00fcllmenge 1000 g<br \/>\nMa\u00dfe H\/d: 32\/19 cm<br \/>\nMotor: 400 Watt<br \/>\nGewicht: 7,5 kg<br \/>\nGarantie: 8 Jahre<\/p>\n","protected":false},"featured_media":27656,"comment_status":"closed","ping_status":"closed","template":"","meta":{"_acf_changed":false},"pwb-brand":[1226],"product_brand":[],"product_cat":[919,851],"product_tag":[],"class_list":{"0":"post-8735","1":"product","2":"type-product","3":"status-publish","4":"has-post-thumbnail","6":"pwb-brand-waldner-en","7":"product_cat-electric-grain-mills","8":"product_cat-grain-mills","10":"first","11":"instock","12":"taxable","13":"shipping-taxable","14":"purchasable","15":"product-type-simple"},"bundled_by":[],"bundle_stock_status":"instock","bundle_stock_quantity":14,"bundle_virtual":false,"bundle_layout":"","bundle_add_to_cart_form_location":"","bundle_editable_in_cart":false,"bundle_sold_individually_context":"","bundle_item_grouping":"","bundle_min_size":"","bundle_max_size":"","bundle_price":[],"bundled_items":[],"bundle_sell_ids":[],"exclude_global_add_ons":[],"addons":[],"acf":[],"brands":[{"id":1226,"name":"Waldner","slug":"waldner-en"}],"_links":{"self":[{"href":"https:\/\/luba.de\/en\/wp-json\/wp\/v2\/product\/8735","targetHints":{"allow":["GET"]}}],"collection":[{"href":"https:\/\/luba.de\/en\/wp-json\/wp\/v2\/product"}],"about":[{"href":"https:\/\/luba.de\/en\/wp-json\/wp\/v2\/types\/product"}],"replies":[{"embeddable":true,"href":"https:\/\/luba.de\/en\/wp-json\/wp\/v2\/comments?post=8735"}],"wp:featuredmedia":[{"embeddable":true,"href":"https:\/\/luba.de\/en\/wp-json\/wp\/v2\/media\/27656"}],"wp:attachment":[{"href":"https:\/\/luba.de\/en\/wp-json\/wp\/v2\/media?parent=8735"}],"wp:term":[{"taxonomy":"pwb-brand","embeddable":true,"href":"https:\/\/luba.de\/en\/wp-json\/wp\/v2\/pwb-brand?post=8735"},{"taxonomy":"product_brand","embeddable":true,"href":"https:\/\/luba.de\/en\/wp-json\/wp\/v2\/product_brand?post=8735"},{"taxonomy":"product_cat","embeddable":true,"href":"https:\/\/luba.de\/en\/wp-json\/wp\/v2\/product_cat?post=8735"},{"taxonomy":"product_tag","embeddable":true,"href":"https:\/\/luba.de\/en\/wp-json\/wp\/v2\/product_tag?post=8735"}],"curies":[{"name":"wp","href":"https:\/\/api.w.org\/{rel}","templated":true}]}}