{"id":8746,"date":"2020-03-14T10:21:22","date_gmt":"2020-03-14T09:21:22","guid":{"rendered":"https:\/\/luba.de\/product\/rohkostvorsatz-metall-mit-3-trommeln\/"},"modified":"2026-02-23T15:24:29","modified_gmt":"2026-02-23T14:24:29","slug":"rohkostvorsatz-metall-mit-3-trommeln","status":"publish","type":"product","link":"https:\/\/luba.de\/en\/rohkostvorsatz-metall-mit-3-trommeln\/","title":{"rendered":"Rohkostvorsatz Metall mit 3 Trommeln"},"content":{"rendered":"<h2>Gem\u00fcseschneider Vorsatz Metall \u2013 Original Messerschmidt Anschluss<\/h2>\n<p>Der Gem\u00fcseschneider (Raffel-Vorsatz) ist eine seit Jahrzehnten bew\u00e4hrte und sehr beliebte Erg\u00e4nzung f\u00fcr Ihre K\u00fcchenmaschine, mit der Sie einfach und schnell frische Kost schnitzeln, schneiden, raspeln und reiben k\u00f6nnen. Jetzt gibt es den vielseitigen Vorsatz auch in Metall-Ausf\u00fchrung. Mit noch mehr Stabilit\u00e4t und edler, hochwertiger Optik. Wirklich gesunde Ern\u00e4hrung ist ohne Obst und Gem\u00fcse nicht denkbar. Die wichtigen Inhaltsstoffe wie Vitamine, Mineralstoffe und nat\u00fcrlich auch die aromatischen Substanzen bereichern Ihre Ern\u00e4hrung substantiell. Zum Beispiel f\u00fcr leckere Salate und viele herrliche Gem\u00fcsegerichte. Den Gem\u00fcseschneider Vorsatz Metall liefern wir komplett mit den Trommeln 1 (Birchertrommel), 2 (Scheibentrommel) und 3 (Grobtrommel). Zus\u00e4tzlich k\u00f6nnen Sie den Gem\u00fcseschneider mit unserem Zusatztrommelset erg\u00e4nzen.<\/p>\n<p>Setzen Sie auf Bew\u00e4hrtes: Seit \u00fcber 45 Jahren stellt Messerschmidt Zubeh\u00f6r f\u00fcr K\u00fcchenmaschinen her. Messerschmidt legt dabei sehr gro\u00dfen Wert auf einfache aber nachhaltige L\u00f6sungen, hochwertige Materialien und lange Lebensdauer. Die Trommeln sind aus hochwertigem Edelstahl gefertigt und haben eine lang anhaltende, hohe Schnitt- und Raspelleistung. Die Metallteile sind sehr hygienisch und mit einer BPA-freien Beschichtung versehen, so dass die Teile leicht von Hand abgewaschen werden k\u00f6nnen.<\/p>\n","protected":false},"excerpt":{"rendered":"<p>Gem\u00fcseschneider Vorsatz Metall \u2013 Original Messerschmidt Anschluss Der Gem\u00fcseschneider (Raffel-Vorsatz) ist eine seit Jahrzehnten bew\u00e4hrte und sehr beliebte Erg\u00e4nzung f\u00fcr Ihre K\u00fcchenmaschine, mit der Sie einfach und schnell frische Kost schnitzeln, schneiden, raspeln und reiben k\u00f6nnen. Jetzt gibt es den vielseitigen Vorsatz auch in Metall-Ausf\u00fchrung. Mit noch mehr Stabilit\u00e4t und edler, hochwertiger Optik. Wirklich gesunde [&#8230;]\n","protected":false},"featured_media":19517,"comment_status":"open","ping_status":"closed","template":"","meta":{"_acf_changed":false},"pwb-brand":[1163],"product_brand":[],"product_cat":[920],"product_tag":[],"class_list":{"0":"post-8746","1":"product","2":"type-product","3":"status-publish","4":"has-post-thumbnail","6":"pwb-brand-messerschmidt-en","7":"product_cat-messerschmidt-kuechenmaschienen-zubehoer-en","9":"first","10":"outofstock","11":"taxable","12":"shipping-taxable","13":"purchasable","14":"product-type-simple"},"bundled_by":[],"bundle_stock_status":"outofstock","bundle_stock_quantity":0,"bundle_virtual":false,"bundle_layout":"","bundle_add_to_cart_form_location":"","bundle_editable_in_cart":false,"bundle_sold_individually_context":"","bundle_item_grouping":"","bundle_min_size":"","bundle_max_size":"","bundle_price":[],"bundled_items":[],"bundle_sell_ids":[],"exclude_global_add_ons":[],"addons":[],"acf":[],"brands":[{"id":1163,"name":"Messerschmidt","slug":"messerschmidt-en"}],"_links":{"self":[{"href":"https:\/\/luba.de\/en\/wp-json\/wp\/v2\/product\/8746","targetHints":{"allow":["GET"]}}],"collection":[{"href":"https:\/\/luba.de\/en\/wp-json\/wp\/v2\/product"}],"about":[{"href":"https:\/\/luba.de\/en\/wp-json\/wp\/v2\/types\/product"}],"replies":[{"embeddable":true,"href":"https:\/\/luba.de\/en\/wp-json\/wp\/v2\/comments?post=8746"}],"wp:featuredmedia":[{"embeddable":true,"href":"https:\/\/luba.de\/en\/wp-json\/wp\/v2\/media\/19517"}],"wp:attachment":[{"href":"https:\/\/luba.de\/en\/wp-json\/wp\/v2\/media?parent=8746"}],"wp:term":[{"taxonomy":"pwb-brand","embeddable":true,"href":"https:\/\/luba.de\/en\/wp-json\/wp\/v2\/pwb-brand?post=8746"},{"taxonomy":"product_brand","embeddable":true,"href":"https:\/\/luba.de\/en\/wp-json\/wp\/v2\/product_brand?post=8746"},{"taxonomy":"product_cat","embeddable":true,"href":"https:\/\/luba.de\/en\/wp-json\/wp\/v2\/product_cat?post=8746"},{"taxonomy":"product_tag","embeddable":true,"href":"https:\/\/luba.de\/en\/wp-json\/wp\/v2\/product_tag?post=8746"}],"curies":[{"name":"wp","href":"https:\/\/api.w.org\/{rel}","templated":true}]}}