{"id":8748,"date":"2020-03-14T10:21:22","date_gmt":"2020-03-14T09:21:22","guid":{"rendered":"https:\/\/luba.de\/product\/rohkostvorsatz-metall-mit-3-trommeln-2\/"},"modified":"2026-03-04T15:24:30","modified_gmt":"2026-03-04T14:24:30","slug":"messerschmidt-rohkostvorsatz-metall-mvsa-fuer-kitchenaid-mit-3-trommeln","status":"publish","type":"product","link":"https:\/\/luba.de\/en\/messerschmidt-rohkostvorsatz-metall-mvsa-fuer-kitchenaid-mit-3-trommeln\/","title":{"rendered":"Messerschmidt Rohkostvorsatz Metall MVSA f\u00fcr KitchenAid mit 3 Trommeln"},"content":{"rendered":"<p>Der Messerschmidt Gem\u00fcseschneider-Vorsatz METALL ist ein Zubeh\u00f6r speziell f\u00fcr KitchenAid K\u00fcchenmaschinen und eine sehr beliebte Erg\u00e4nzung Ihrer KirchenAid, mit der Sie einfach und schnell frische Kost schnitzeln, schneiden, raspeln und reiben k\u00f6nnen.<br \/>\nZum Beispiel f\u00fcr leckere Salate und viele herrliche Gem\u00fcsegerichte.<\/p>\n<p>Den Gem\u00fcseschneider MVSA wird geliefert mit einer mittleren Raspeltrommel (Birchertrommel), Schneidetrommel und groben Raspeltrommel.<\/p>\n","protected":false},"excerpt":{"rendered":"<p>Der Messerschmidt Gem\u00fcseschneider-Vorsatz METALL ist ein Zubeh\u00f6r speziell f\u00fcr KitchenAid K\u00fcchenmaschinen und eine sehr beliebte Erg\u00e4nzung Ihrer KirchenAid, mit der Sie einfach und schnell frische Kost schnitzeln, schneiden, raspeln und reiben k\u00f6nnen. Zum Beispiel f\u00fcr leckere Salate und viele herrliche Gem\u00fcsegerichte. Den Gem\u00fcseschneider MVSA wird geliefert mit einer mittleren Raspeltrommel (Birchertrommel), Schneidetrommel und groben Raspeltrommel.<\/p>\n","protected":false},"featured_media":8749,"comment_status":"closed","ping_status":"closed","template":"","meta":{"_acf_changed":false},"pwb-brand":[1163],"product_brand":[],"product_cat":[1057,885],"product_tag":[],"class_list":{"0":"post-8748","1":"product","2":"type-product","3":"status-publish","4":"has-post-thumbnail","6":"pwb-brand-messerschmidt-en","7":"product_cat-attachments","8":"product_cat-kitchenaid-kuechenmaschienen-zubehoer-en","10":"first","11":"instock","12":"taxable","13":"shipping-taxable","14":"purchasable","15":"product-type-simple"},"bundled_by":[],"bundle_stock_status":"instock","bundle_stock_quantity":25,"bundle_virtual":false,"bundle_layout":"","bundle_add_to_cart_form_location":"","bundle_editable_in_cart":false,"bundle_sold_individually_context":"","bundle_item_grouping":"","bundle_min_size":"","bundle_max_size":"","bundle_price":[],"bundled_items":[],"bundle_sell_ids":[],"exclude_global_add_ons":[],"addons":[],"acf":[],"brands":[{"id":1163,"name":"Messerschmidt","slug":"messerschmidt-en"}],"_links":{"self":[{"href":"https:\/\/luba.de\/en\/wp-json\/wp\/v2\/product\/8748","targetHints":{"allow":["GET"]}}],"collection":[{"href":"https:\/\/luba.de\/en\/wp-json\/wp\/v2\/product"}],"about":[{"href":"https:\/\/luba.de\/en\/wp-json\/wp\/v2\/types\/product"}],"replies":[{"embeddable":true,"href":"https:\/\/luba.de\/en\/wp-json\/wp\/v2\/comments?post=8748"}],"wp:featuredmedia":[{"embeddable":true,"href":"https:\/\/luba.de\/en\/wp-json\/wp\/v2\/media\/8749"}],"wp:attachment":[{"href":"https:\/\/luba.de\/en\/wp-json\/wp\/v2\/media?parent=8748"}],"wp:term":[{"taxonomy":"pwb-brand","embeddable":true,"href":"https:\/\/luba.de\/en\/wp-json\/wp\/v2\/pwb-brand?post=8748"},{"taxonomy":"product_brand","embeddable":true,"href":"https:\/\/luba.de\/en\/wp-json\/wp\/v2\/product_brand?post=8748"},{"taxonomy":"product_cat","embeddable":true,"href":"https:\/\/luba.de\/en\/wp-json\/wp\/v2\/product_cat?post=8748"},{"taxonomy":"product_tag","embeddable":true,"href":"https:\/\/luba.de\/en\/wp-json\/wp\/v2\/product_tag?post=8748"}],"curies":[{"name":"wp","href":"https:\/\/api.w.org\/{rel}","templated":true}]}}