{"id":8750,"date":"2020-03-14T10:21:22","date_gmt":"2020-03-14T09:21:22","guid":{"rendered":"https:\/\/luba.de\/product\/blendtec-designer-650\/"},"modified":"2025-01-06T09:20:36","modified_gmt":"2025-01-06T08:20:36","slug":"blendtec-designer-650","status":"publish","type":"product","link":"https:\/\/luba.de\/en\/blendtec-designer-650\/","title":{"rendered":"Blendtec Designer 650 inkl. WildSide+ Jar"},"content":{"rendered":"<h2>Blendtec Designer 650 Standmixer mit WildSide+ Beh\u00e4lter<\/h2>\n<h3>Design trifft Funktion<\/h3>\n<p>Der Blendtec Designer 650 bietet alles was Sie ben\u00f6tigen, um gesunde Smoothies, kleine sowie gro\u00dfe Gerichte in wenigen Sekunden herzustellen &#8211; und dabei sieht er auch noch gut aus. Die fortschrittliche Mixtechnologie &#8211; in sieben Farben erh\u00e4ltlich &#8211; machen ihn zu einem Hingucker auf Ihrer Arbeitsfl\u00e4che.<\/p>\n<h3>Beleuchtete Touch-Bedienoberfl\u00e4che<\/h3>\n<p>Ein intuitives Touchscreen mit einfach abzulesenden Elementen machen den Designer 650 vielseitig und besonders leicht zu bedienen. Ein einziger Fingerdruck und die Bedieneroberfl\u00e4che leuchtet auf. Sie schaltet auch automatisch ab, und dank absolut glatter Oberfl\u00e4che ist mit einem Wisch alles gereinigt.<\/p>\n<div class=\"row\"  id=\"row-1039765737\">\n\n\t<div id=\"col-2009819772\" class=\"col medium-5 small-12 large-5\"  >\n\t\t\t\t<div class=\"col-inner\"  >\n\t\t\t\n\t\t\t\n\t<div class=\"img has-hover x md-x lg-x y md-y lg-y\" id=\"image_1483431940\">\n\t\t\t\t\t\t\t\t<div class=\"img-inner dark\" >\n\t\t\t<img decoding=\"async\" width=\"400\" height=\"208\" src=\"https:\/\/luba.de\/wp-content\/uploads\/2022\/10\/Blendtec-Designer-650-Display-nI-2020.jpg\" class=\"attachment-large size-large\" alt=\"\" title=\"\">\t\t\t\t\t\t\n\t\t\t\t\t<\/div>\n\t\t\t\t\t\t\t\t\n<style>\n#image_1483431940 {\n  width: 100%;\n}\n<\/style>\n\t<\/div>\n\t\n\t\t<\/div>\n\t\t\t\t\t<\/div>\n\n\t\n<\/div>\n<h3>8 Geschwindigkeitsstufen Touchschieberegler + Pulse<\/h3>\n<div>\n<p>Streichen Sie einfach mit dem Finger auf dem Schieber nach rechts, um die Geschwindigkeit zu erh\u00f6hen, oder nach links, um sie zu verringern. Nutzen Sie Pulse f\u00fcr einen schnellen Schub an Power.<\/p>\n<\/div>\n<div>\n<h3>6 Vorprogrammierte Abl\u00e4ufe<\/h3>\n<p>Der Blendtec Designer 650 beinhaltet sechs verschiedene Programmabl\u00e4ufe:R\u00fchrteig, Kalte Mix-Getr\u00e4nke, Sorbet, Smoothie, Saft (aus ganzen Fr\u00fcchten) sowie hei\u00dfe Suppe. Die Programme ver\u00e4ndern automatisch die Mix-Intensit\u00e4t, um dauerhaft beste Resultate zu erm\u00f6glichen &#8211; alles mit einem einzigen Fingerdruck.<\/p>\n<\/div>\n<div class=\"row row-small row-divided\"  id=\"row-2103850628\">\n\n\t<div id=\"col-769660302\" class=\"col medium-2 small-12 large-2\"  >\n\t\t\t\t<div class=\"col-inner text-center\"  >\n\t\t\t\n\t\t\t\n\t<div class=\"img has-hover x md-x lg-x y md-y lg-y\" id=\"image_1035421263\">\n\t\t\t\t\t\t\t\t<div class=\"img-inner dark\" >\n\t\t\t<img decoding=\"async\" width=\"1\" height=\"1\" src=\"https:\/\/luba.de\/wp-content\/uploads\/2022\/10\/batters-blendtec-icon.svg\" class=\"attachment-large size-large\" alt=\"\" title=\"\">\t\t\t\t\t\t\n\t\t\t\t\t<\/div>\n\t\t\t\t\t\t\t\t\n<style>\n#image_1035421263 {\n  width: 50%;\n}\n<\/style>\n\t<\/div>\n\t\n<p style=\"text-align: center;\">R\u00fchrteig<\/p>\n\t\t<\/div>\n\t\t\t\t\t<\/div>\n\n\t\n\n\t<div id=\"col-408330212\" class=\"col medium-2 small-12 large-2\"  >\n\t\t\t\t<div class=\"col-inner text-center\"  >\n\t\t\t\n\t\t\t\n\t<div class=\"img has-hover x md-x lg-x y md-y lg-y\" id=\"image_271139857\">\n\t\t\t\t\t\t\t\t<div class=\"img-inner dark\" >\n\t\t\t<img decoding=\"async\" width=\"1\" height=\"1\" src=\"https:\/\/luba.de\/wp-content\/uploads\/2022\/10\/mixed_drinks-blendtec-icon.svg\" class=\"attachment-large size-large\" alt=\"\" title=\"\">\t\t\t\t\t\t\n\t\t\t\t\t<\/div>\n\t\t\t\t\t\t\t\t\n<style>\n#image_271139857 {\n  width: 50%;\n}\n<\/style>\n\t<\/div>\n\t\n<p style=\"text-align: center;\">Mixgetr\u00e4nke<\/p>\n\t\t<\/div>\n\t\t\t\t\t<\/div>\n\n\t\n\n\t<div id=\"col-638738351\" class=\"col medium-2 small-12 large-2\"  >\n\t\t\t\t<div class=\"col-inner text-center\"  >\n\t\t\t\n\t\t\t\n\t<div class=\"img has-hover x md-x lg-x y md-y lg-y\" id=\"image_1328323338\">\n\t\t\t\t\t\t\t\t<div class=\"img-inner dark\" >\n\t\t\t<img decoding=\"async\" width=\"1\" height=\"1\" src=\"https:\/\/luba.de\/wp-content\/uploads\/2022\/10\/smoothie-blendtec-icon.svg\" class=\"attachment-large size-large\" alt=\"\" title=\"\">\t\t\t\t\t\t\n\t\t\t\t\t<\/div>\n\t\t\t\t\t\t\t\t\n<style>\n#image_1328323338 {\n  width: 50%;\n}\n<\/style>\n\t<\/div>\n\t\n<p style=\"text-align: center;\">Smoothie<\/p>\n\t\t<\/div>\n\t\t\t\t\t<\/div>\n\n\t\n\n\t<div id=\"col-1989640842\" class=\"col medium-2 small-12 large-2\"  >\n\t\t\t\t<div class=\"col-inner text-center\"  >\n\t\t\t\n\t\t\t\n\t<div class=\"img has-hover x md-x lg-x y md-y lg-y\" id=\"image_244672449\">\n\t\t\t\t\t\t\t\t<div class=\"img-inner dark\" >\n\t\t\t<img decoding=\"async\" width=\"1\" height=\"1\" src=\"https:\/\/luba.de\/wp-content\/uploads\/2022\/10\/ice_cream-blendtec-icon.svg\" class=\"attachment-large size-large\" alt=\"\" title=\"\">\t\t\t\t\t\t\n\t\t\t\t\t<\/div>\n\t\t\t\t\t\t\t\t\n<style>\n#image_244672449 {\n  width: 50%;\n}\n<\/style>\n\t<\/div>\n\t\n<p style=\"text-align: center;\">Sorbet<\/p>\n\t\t<\/div>\n\t\t\t\t\t<\/div>\n\n\t\n\n\t<div id=\"col-1366439500\" class=\"col medium-2 small-12 large-2\"  >\n\t\t\t\t<div class=\"col-inner text-center\"  >\n\t\t\t\n\t\t\t\n\t<div class=\"img has-hover x md-x lg-x y md-y lg-y\" id=\"image_1231468339\">\n\t\t\t\t\t\t\t\t<div class=\"img-inner dark\" >\n\t\t\t<img decoding=\"async\" width=\"1\" height=\"1\" src=\"https:\/\/luba.de\/wp-content\/uploads\/2022\/10\/whole_juice-blendtec-icon.svg\" class=\"attachment-large size-large\" alt=\"\" title=\"\">\t\t\t\t\t\t\n\t\t\t\t\t<\/div>\n\t\t\t\t\t\t\t\t\n<style>\n#image_1231468339 {\n  width: 50%;\n}\n<\/style>\n\t<\/div>\n\t\n<p style=\"text-align: center;\">Saft (aus ganzen Fr\u00fcchten)<\/p>\n\t\t<\/div>\n\t\t\t\t\t<\/div>\n\n\t\n\n\t<div id=\"col-383257470\" class=\"col medium-2 small-12 large-2\"  >\n\t\t\t\t<div class=\"col-inner text-center\"  >\n\t\t\t\n\t\t\t\n\t<div class=\"img has-hover x md-x lg-x y md-y lg-y\" id=\"image_887915960\">\n\t\t\t\t\t\t\t\t<div class=\"img-inner dark\" >\n\t\t\t<img decoding=\"async\" width=\"1\" height=\"1\" src=\"https:\/\/luba.de\/wp-content\/uploads\/2022\/10\/hot_soup-blendtec-icon.svg\" class=\"attachment-large size-large\" alt=\"\" title=\"\">\t\t\t\t\t\t\n\t\t\t\t\t<\/div>\n\t\t\t\t\t\t\t\t\n<style>\n#image_887915960 {\n  width: 50%;\n}\n<\/style>\n\t<\/div>\n\t\n<p style=\"text-align: center;\">Hei\u00dfe Suppe<\/p>\n\t\t<\/div>\n\t\t\t\t\t<\/div>\n\n\t\n<\/div>\n<div class=\"accordion\">\n\t<div id=\"accordion-116123268\" class=\"accordion-item\">\n\t\t<a id=\"accordion-116123268-label\" class=\"accordion-title plain active\" href=\"#accordion-item-programm-beschreibung\" aria-expanded=\"true\" aria-controls=\"accordion-116123268-content\">\n\t\t\t<button class=\"toggle\" aria-label=\"Toggle\"><i class=\"icon-angle-down\" aria-hidden=\"true\"><\/i><\/button>\n\t\t\t<span>Programm Beschreibung<\/span>\n\t\t<\/a>\n\t\t<div id=\"accordion-116123268-content\" class=\"accordion-inner\" style=\"display: block;\" aria-labelledby=\"accordion-116123268-label\">\n\t\t\t\n<div class=\"row\"  id=\"row-1110559272\">\n\n\t<div id=\"col-1564757065\" class=\"col medium-1 small-12 large-1\"  >\n\t\t\t\t<div class=\"col-inner\"  >\n\t\t\t\n\t\t\t\n\t<div class=\"img has-hover x md-x lg-x y md-y lg-y\" id=\"image_650490297\">\n\t\t\t\t\t\t\t\t<div class=\"img-inner dark\" >\n\t\t\t<img decoding=\"async\" width=\"1\" height=\"1\" src=\"https:\/\/luba.de\/wp-content\/uploads\/2022\/10\/batters-blendtec-icon.svg\" class=\"attachment-large size-large\" alt=\"\" title=\"\">\t\t\t\t\t\t\n\t\t\t\t\t<\/div>\n\t\t\t\t\t\t\t\t\n<style>\n#image_650490297 {\n  width: 100%;\n}\n<\/style>\n\t<\/div>\n\t\n\t\t<\/div>\n\t\t\t\t\t<\/div>\n\n\t\n\n\t<div id=\"col-1270415354\" class=\"col medium-10 small-12 large-10\"  >\n\t\t\t\t<div class=\"col-inner\"  >\n\t\t\t\n\t\t\t\n<p><strong> R\u00fchrteig <\/strong><br \/>\nVerwenden Sie diesen Zyklus zum Mixen, Schlagen und Mischen von R\u00fchrteig, So\u00dfen, Dips\u00a0und Dressings.<\/p>\n\t\t<\/div>\n\t\t\t\t\t<\/div>\n\n\t\n<\/div>\n<div class=\"row\"  id=\"row-123129456\">\n\n\t<div id=\"col-163656322\" class=\"col medium-1 small-12 large-1\"  >\n\t\t\t\t<div class=\"col-inner\"  >\n\t\t\t\n\t\t\t\n\t<div class=\"img has-hover x md-x lg-x y md-y lg-y\" id=\"image_343242558\">\n\t\t\t\t\t\t\t\t<div class=\"img-inner dark\" >\n\t\t\t<img decoding=\"async\" width=\"1\" height=\"1\" src=\"https:\/\/luba.de\/wp-content\/uploads\/2022\/10\/mixed_drinks-blendtec-icon.svg\" class=\"attachment-large size-large\" alt=\"\" title=\"\">\t\t\t\t\t\t\n\t\t\t\t\t<\/div>\n\t\t\t\t\t\t\t\t\n<style>\n#image_343242558 {\n  width: 100%;\n}\n<\/style>\n\t<\/div>\n\t\n\t\t<\/div>\n\t\t\t\t\t<\/div>\n\n\t\n\n\t<div id=\"col-332318576\" class=\"col medium-10 small-12 large-10\"  >\n\t\t\t\t<div class=\"col-inner\"  >\n\t\t\t\n\t\t\t\n<p><strong> Mixgetr\u00e4nke <\/strong><br \/>\nBenutzen Sie diese Taste, um Ihre Mixgetr\u00e4nke, Milchshakes oder Crush-Eis zu mixen..<\/p>\n\t\t<\/div>\n\t\t\t\t\t<\/div>\n\n\t\n<\/div>\n<div class=\"row\"  id=\"row-37024262\">\n\n\t<div id=\"col-1648509220\" class=\"col medium-1 small-12 large-1\"  >\n\t\t\t\t<div class=\"col-inner\"  >\n\t\t\t\n\t\t\t\n\t<div class=\"img has-hover x md-x lg-x y md-y lg-y\" id=\"image_1311705991\">\n\t\t\t\t\t\t\t\t<div class=\"img-inner dark\" >\n\t\t\t<img decoding=\"async\" width=\"1\" height=\"1\" src=\"https:\/\/luba.de\/wp-content\/uploads\/2022\/10\/smoothie-blendtec-icon.svg\" class=\"attachment-large size-large\" alt=\"\" title=\"\">\t\t\t\t\t\t\n\t\t\t\t\t<\/div>\n\t\t\t\t\t\t\t\t\n<style>\n#image_1311705991 {\n  width: 100%;\n}\n<\/style>\n\t<\/div>\n\t\n\t\t<\/div>\n\t\t\t\t\t<\/div>\n\n\t\n\n\t<div id=\"col-1752106003\" class=\"col medium-10 small-12 large-10\"  >\n\t\t\t\t<div class=\"col-inner\"  >\n\t\t\t\n\t\t\t\n<p><strong> Smoothie<\/strong><br \/>\nBenutzen Sie diese Taste, um Ihre Smoothies zu mixen.<\/p>\n\t\t<\/div>\n\t\t\t\t\t<\/div>\n\n\t\n<\/div>\n<div class=\"row\"  id=\"row-2062661811\">\n\n\t<div id=\"col-1098105324\" class=\"col medium-1 small-12 large-1\"  >\n\t\t\t\t<div class=\"col-inner\"  >\n\t\t\t\n\t\t\t\n\t<div class=\"img has-hover x md-x lg-x y md-y lg-y\" id=\"image_1129680888\">\n\t\t\t\t\t\t\t\t<div class=\"img-inner dark\" >\n\t\t\t<img decoding=\"async\" width=\"1\" height=\"1\" src=\"https:\/\/luba.de\/wp-content\/uploads\/2022\/10\/ice_cream-blendtec-icon.svg\" class=\"attachment-large size-large\" alt=\"\" title=\"\">\t\t\t\t\t\t\n\t\t\t\t\t<\/div>\n\t\t\t\t\t\t\t\t\n<style>\n#image_1129680888 {\n  width: 100%;\n}\n<\/style>\n\t<\/div>\n\t\n\t\t<\/div>\n\t\t\t\t\t<\/div>\n\n\t\n\n\t<div id=\"col-362704539\" class=\"col medium-10 small-12 large-10\"  >\n\t\t\t\t<div class=\"col-inner\"  >\n\t\t\t\n\t\t\t\n<p><strong> Sorbet<\/strong><br \/>\nBenutzen Sie diese Taste, um Eiscreme herzustellen.<\/p>\n\t\t<\/div>\n\t\t\t\t\t<\/div>\n\n\t\n<\/div>\n<div class=\"row\"  id=\"row-1355836017\">\n\n\t<div id=\"col-700451706\" class=\"col medium-1 small-12 large-1\"  >\n\t\t\t\t<div class=\"col-inner\"  >\n\t\t\t\n\t\t\t\n\t<div class=\"img has-hover x md-x lg-x y md-y lg-y\" id=\"image_972798869\">\n\t\t\t\t\t\t\t\t<div class=\"img-inner dark\" >\n\t\t\t<img decoding=\"async\" width=\"1\" height=\"1\" src=\"https:\/\/luba.de\/wp-content\/uploads\/2022\/10\/whole_juice-blendtec-icon.svg\" class=\"attachment-large size-large\" alt=\"\" title=\"\">\t\t\t\t\t\t\n\t\t\t\t\t<\/div>\n\t\t\t\t\t\t\t\t\n<style>\n#image_972798869 {\n  width: 100%;\n}\n<\/style>\n\t<\/div>\n\t\n\t\t<\/div>\n\t\t\t\t\t<\/div>\n\n\t\n\n\t<div id=\"col-28309439\" class=\"col medium-10 small-12 large-10\"  >\n\t\t\t\t<div class=\"col-inner\"  >\n\t\t\t\n\t\t\t\n<p><strong>Saft (aus ganzen Fr\u00fcchten)<\/strong><br \/>\nVerwenden Sie diese Taste, um Saft (aus ganzen Fr\u00fcchten) und gr\u00fcne Getr\u00e4nke herzustellen.<\/p>\n<p>Bei der Saftzubereitung aus M\u00f6hren oder anderen festen Gem\u00fcsesorten m\u00fcssen\u00a0Sie den Zyklus eventuell ein bis zwei Mal wiederholen, bis die gew\u00fcnschte\u00a0S\u00e4migkeit und Konsistenz erreicht ist.<\/p>\n\t\t<\/div>\n\t\t\t\t\t<\/div>\n\n\t\n<\/div>\n<div class=\"row\"  id=\"row-1405387479\">\n\n\t<div id=\"col-697671827\" class=\"col medium-1 small-12 large-1\"  >\n\t\t\t\t<div class=\"col-inner\"  >\n\t\t\t\n\t\t\t\n\t<div class=\"img has-hover x md-x lg-x y md-y lg-y\" id=\"image_397206904\">\n\t\t\t\t\t\t\t\t<div class=\"img-inner dark\" >\n\t\t\t<img decoding=\"async\" width=\"1\" height=\"1\" src=\"https:\/\/luba.de\/wp-content\/uploads\/2022\/10\/hot_soup-blendtec-icon.svg\" class=\"attachment-large size-large\" alt=\"\" title=\"\">\t\t\t\t\t\t\n\t\t\t\t\t<\/div>\n\t\t\t\t\t\t\t\t\n<style>\n#image_397206904 {\n  width: 100%;\n}\n<\/style>\n\t<\/div>\n\t\n\t\t<\/div>\n\t\t\t\t\t<\/div>\n\n\t\n\n\t<div id=\"col-796012225\" class=\"col medium-10 small-12 large-10\"  >\n\t\t\t\t<div class=\"col-inner\"  >\n\t\t\t\n\t\t\t\n<p><strong> Hei\u00dfe Suppe <\/strong><br \/>\nBenutzen Sie diese Taste, um hei\u00dfe Suppe und hei\u00dfe Schokolade zuzubereiten.<\/p>\n\t\t<\/div>\n\t\t\t\t\t<\/div>\n\n\t\n<\/div>\n\t\t<\/div>\n\t<\/div>\n\t\n<\/div>\n<h3>Besonderheiten<\/h3>\n<ul>\n<li>1560 W Nennleistung, 240 V,\u00a03,0 PS Maximalleistung<\/li>\n<li>Beleuchtete Touch-Oberfl\u00e4che<\/li>\n<li>6 vorprogrammierte Abl\u00e4ufe: R\u00fchrteig, Kalte Mix-Getr\u00e4nke, Sorbet, Smoothie, Saft (aus ganzen Fr\u00fcchten), hei\u00dfe Suppe<\/li>\n<li>8 ausw\u00e4hlbare Geschwindigkeitsstufen durch\u00a0Touch Schieberegler + Pulse Funktion<\/li>\n<li>Das beleuchtete Display zeigt die verbleibende Zeit an<\/li>\n<li>H\u00f6he x Breite x Tiefe:\u00a039,6 cm x 17,8 cm x 23,4 cm<\/li>\n<\/ul>\n<h3>Verpackungsinhalt<\/h3>\n<ul>\n<li>Designer 650 Motorbasis<\/li>\n<li>WildSide+ Beh\u00e4lter (BPA Frei) mit ventiliertem Deckel<\/li>\n<li>Schnellstart-Anleitung sowie Rezepte<\/li>\n<\/ul>\n","protected":false},"excerpt":{"rendered":"<p>Blendtec Designer 650 Standmixer mit WildSide+ Beh\u00e4lter Design trifft Funktion Der Blendtec Designer 650 bietet alles was Sie ben\u00f6tigen, um gesunde Smoothies, kleine sowie gro\u00dfe Gerichte in wenigen Sekunden herzustellen &#8211; und dabei sieht er auch noch gut aus. Die fortschrittliche Mixtechnologie &#8211; in sieben Farben erh\u00e4ltlich &#8211; machen ihn zu einem Hingucker auf Ihrer [&#8230;]\n","protected":false},"featured_media":2332,"comment_status":"closed","ping_status":"closed","template":"","meta":{"_acf_changed":false},"pwb-brand":[1233],"product_brand":[],"product_cat":[1387],"product_tag":[],"class_list":{"0":"post-8750","1":"product","2":"type-product","3":"status-publish","4":"has-post-thumbnail","6":"pwb-brand-blendtec-en","7":"product_cat-blendtec-en","9":"first","10":"instock","11":"sale","12":"taxable","13":"shipping-taxable","14":"purchasable","15":"product-type-variable"},"bundled_by":[],"bundle_stock_status":"instock","bundle_stock_quantity":null,"bundle_virtual":false,"bundle_layout":"","bundle_add_to_cart_form_location":"","bundle_editable_in_cart":false,"bundle_sold_individually_context":"","bundle_item_grouping":"","bundle_min_size":"","bundle_max_size":"","bundle_price":[],"bundled_items":[],"bundle_sell_ids":[],"exclude_global_add_ons":[],"addons":[],"acf":[],"brands":[{"id":1233,"name":"Blendtec","slug":"blendtec-en"}],"_links":{"self":[{"href":"https:\/\/luba.de\/en\/wp-json\/wp\/v2\/product\/8750","targetHints":{"allow":["GET"]}}],"collection":[{"href":"https:\/\/luba.de\/en\/wp-json\/wp\/v2\/product"}],"about":[{"href":"https:\/\/luba.de\/en\/wp-json\/wp\/v2\/types\/product"}],"replies":[{"embeddable":true,"href":"https:\/\/luba.de\/en\/wp-json\/wp\/v2\/comments?post=8750"}],"wp:featuredmedia":[{"embeddable":true,"href":"https:\/\/luba.de\/en\/wp-json\/wp\/v2\/media\/2332"}],"wp:attachment":[{"href":"https:\/\/luba.de\/en\/wp-json\/wp\/v2\/media?parent=8750"}],"wp:term":[{"taxonomy":"pwb-brand","embeddable":true,"href":"https:\/\/luba.de\/en\/wp-json\/wp\/v2\/pwb-brand?post=8750"},{"taxonomy":"product_brand","embeddable":true,"href":"https:\/\/luba.de\/en\/wp-json\/wp\/v2\/product_brand?post=8750"},{"taxonomy":"product_cat","embeddable":true,"href":"https:\/\/luba.de\/en\/wp-json\/wp\/v2\/product_cat?post=8750"},{"taxonomy":"product_tag","embeddable":true,"href":"https:\/\/luba.de\/en\/wp-json\/wp\/v2\/product_tag?post=8750"}],"curies":[{"name":"wp","href":"https:\/\/api.w.org\/{rel}","templated":true}]}}