{"id":8761,"date":"2020-03-14T10:21:22","date_gmt":"2020-03-14T09:21:22","guid":{"rendered":"https:\/\/luba.de\/product\/doerrfolie-duenn-t3-490-x-290-mm-sahara\/"},"modified":"2026-03-25T09:08:57","modified_gmt":"2026-03-25T08:08:57","slug":"doerrfolie-duenn-t3-490-x-290-mm-sahara","status":"publish","type":"product","link":"https:\/\/luba.de\/en\/doerrfolie-duenn-t3-490-x-290-mm-sahara\/","title":{"rendered":"D\u00f6rrfolie d\u00fcnn T3 490 x 290 mm Sahara"},"content":{"rendered":"<p>D\u00f6rrfolie d\u00fcnn T3 passgenau zugeschnitten f\u00fcr Sahara D\u00f6rrautomat<\/p>\n","protected":false},"excerpt":{"rendered":"<p>D\u00f6rrfolie d\u00fcnn T3 passgenau zugeschnitten f\u00fcr Sahara D\u00f6rrautomat<\/p>\n","protected":false},"featured_media":5436,"comment_status":"closed","ping_status":"closed","template":"","meta":{"_acf_changed":false},"pwb-brand":[1168],"product_brand":[],"product_cat":[903],"product_tag":[],"class_list":{"0":"post-8761","1":"product","2":"type-product","3":"status-publish","4":"has-post-thumbnail","6":"pwb-brand-brod-taylor-en","7":"product_cat-accessories-dehydrators","9":"first","10":"instock","11":"taxable","12":"shipping-taxable","13":"purchasable","14":"product-type-simple"},"bundled_by":[],"bundle_stock_status":"instock","bundle_stock_quantity":100,"bundle_virtual":false,"bundle_layout":"","bundle_add_to_cart_form_location":"","bundle_editable_in_cart":false,"bundle_sold_individually_context":"","bundle_item_grouping":"","bundle_min_size":"","bundle_max_size":"","bundle_price":[],"bundled_items":[],"bundle_sell_ids":[],"exclude_global_add_ons":[],"addons":[],"acf":[],"brands":[{"id":1168,"name":"Brod &amp; Taylor","slug":"brod-taylor-en"}],"_links":{"self":[{"href":"https:\/\/luba.de\/en\/wp-json\/wp\/v2\/product\/8761","targetHints":{"allow":["GET"]}}],"collection":[{"href":"https:\/\/luba.de\/en\/wp-json\/wp\/v2\/product"}],"about":[{"href":"https:\/\/luba.de\/en\/wp-json\/wp\/v2\/types\/product"}],"replies":[{"embeddable":true,"href":"https:\/\/luba.de\/en\/wp-json\/wp\/v2\/comments?post=8761"}],"wp:featuredmedia":[{"embeddable":true,"href":"https:\/\/luba.de\/en\/wp-json\/wp\/v2\/media\/5436"}],"wp:attachment":[{"href":"https:\/\/luba.de\/en\/wp-json\/wp\/v2\/media?parent=8761"}],"wp:term":[{"taxonomy":"pwb-brand","embeddable":true,"href":"https:\/\/luba.de\/en\/wp-json\/wp\/v2\/pwb-brand?post=8761"},{"taxonomy":"product_brand","embeddable":true,"href":"https:\/\/luba.de\/en\/wp-json\/wp\/v2\/product_brand?post=8761"},{"taxonomy":"product_cat","embeddable":true,"href":"https:\/\/luba.de\/en\/wp-json\/wp\/v2\/product_cat?post=8761"},{"taxonomy":"product_tag","embeddable":true,"href":"https:\/\/luba.de\/en\/wp-json\/wp\/v2\/product_tag?post=8761"}],"curies":[{"name":"wp","href":"https:\/\/api.w.org\/{rel}","templated":true}]}}