{"id":8775,"date":"2020-03-14T10:20:21","date_gmt":"2020-03-14T09:20:21","guid":{"rendered":"https:\/\/luba.de\/product\/catz-buchweizen\/"},"modified":"2025-10-11T23:29:41","modified_gmt":"2025-10-11T21:29:41","slug":"catz-buchweizen","status":"publish","type":"product","link":"https:\/\/luba.de\/en\/catz-buchweizen\/","title":{"rendered":"Buchweizen"},"content":{"rendered":"<p>Kleines Korn, ganz gro\u00dfWer Buchweizen bisher nur als Gr\u00fctze kannte, wird positiv \u00fcberrascht sein von der Vielseitigkeit des kleinen bek\u00f6mmlichen Korns, das gut schmeckt und dazu noch ein wahres Vitalstoff-Paket ist.Nicht nur f\u00fcr Menschen, die eine glutenfreie Alternative suchen, sind die vegetarischen Rezepte von Cl\u00e9mence Catz ein wahrer Genuss: angefangen bei den Grundrezepten, \u00fcber Rohkostideen mit Buchweizen und Buchweizensprossen, bis zu Rezepten mit Buchweizenk\u00f6rnern und -flocken sowie Backideen mit Buchweizenmehl vom Brot bis zum Pl\u00e4tzchen.Buchweizen ist \u00fcberaus bek\u00f6mmlich und ausgesprochen gesund. Das Pseudogetreide bietet eine Menge wichtiger N\u00e4hrstoffen, darunter B-Vitamine sowie Mineralien, und besitzt einen hohen Ballaststoffgehalt, liefert zudem viele pflanzliche Eiwei\u00dfe. Als glutenfreier Ersatz ist er eine tolle Alternative f\u00fcr die \u00fcblichen Getreide. Seine sekund\u00e4ren Pflanzeninhaltsstoffe (darunter die essenzielle Aminos\u00e4ure Lysin) sch\u00fctzen unter anderem das Herz-Kreislauf-System und das in ihm enthaltene Rutin wirkt aktiv gegen Entz\u00fcndungen. Hierzulande wird Buchweizen vor allem in Franken angebaut, auch in S\u00fcdtirol gibt es Anbaugebiete.<\/p>\n","protected":false},"excerpt":{"rendered":"<p>Kleines Korn, ganz gro\u00dfWer Buchweizen bisher nur als Gr\u00fctze kannte, wird positiv \u00fcberrascht sein von der Vielseitigkeit des kleinen bek\u00f6mmlichen Korns, das gut schmeckt und dazu noch ein wahres Vitalstoff-Paket ist.Nicht nur f\u00fcr Menschen, die eine glutenfreie Alternative suchen, sind die vegetarischen Rezepte von Cl\u00e9mence Catz ein wahrer Genuss: angefangen bei den Grundrezepten, \u00fcber Rohkostideen [&#8230;]\n","protected":false},"featured_media":14951,"comment_status":"closed","ping_status":"closed","template":"","meta":{"_acf_changed":false},"pwb-brand":[1135],"product_brand":[],"product_cat":[1063],"product_tag":[],"class_list":{"0":"post-8775","1":"product","2":"type-product","3":"status-publish","4":"has-post-thumbnail","6":"pwb-brand-haedecke-en","7":"product_cat-other-books","9":"first","10":"instock","11":"taxable","12":"shipping-taxable","13":"purchasable","14":"product-type-simple"},"bundled_by":[],"bundle_stock_status":"instock","bundle_stock_quantity":2,"bundle_virtual":false,"bundle_layout":"","bundle_add_to_cart_form_location":"","bundle_editable_in_cart":false,"bundle_sold_individually_context":"","bundle_item_grouping":"","bundle_min_size":"","bundle_max_size":"","bundle_price":[],"bundled_items":[],"bundle_sell_ids":[],"exclude_global_add_ons":[],"addons":[],"acf":[],"brands":[{"id":1135,"name":"H\u00e4decke","slug":"haedecke-en"}],"_links":{"self":[{"href":"https:\/\/luba.de\/en\/wp-json\/wp\/v2\/product\/8775","targetHints":{"allow":["GET"]}}],"collection":[{"href":"https:\/\/luba.de\/en\/wp-json\/wp\/v2\/product"}],"about":[{"href":"https:\/\/luba.de\/en\/wp-json\/wp\/v2\/types\/product"}],"replies":[{"embeddable":true,"href":"https:\/\/luba.de\/en\/wp-json\/wp\/v2\/comments?post=8775"}],"wp:featuredmedia":[{"embeddable":true,"href":"https:\/\/luba.de\/en\/wp-json\/wp\/v2\/media\/14951"}],"wp:attachment":[{"href":"https:\/\/luba.de\/en\/wp-json\/wp\/v2\/media?parent=8775"}],"wp:term":[{"taxonomy":"pwb-brand","embeddable":true,"href":"https:\/\/luba.de\/en\/wp-json\/wp\/v2\/pwb-brand?post=8775"},{"taxonomy":"product_brand","embeddable":true,"href":"https:\/\/luba.de\/en\/wp-json\/wp\/v2\/product_brand?post=8775"},{"taxonomy":"product_cat","embeddable":true,"href":"https:\/\/luba.de\/en\/wp-json\/wp\/v2\/product_cat?post=8775"},{"taxonomy":"product_tag","embeddable":true,"href":"https:\/\/luba.de\/en\/wp-json\/wp\/v2\/product_tag?post=8775"}],"curies":[{"name":"wp","href":"https:\/\/api.w.org\/{rel}","templated":true}]}}