{"id":8796,"date":"2020-03-14T10:20:21","date_gmt":"2020-03-14T09:20:21","guid":{"rendered":"https:\/\/luba.de\/product\/eschenfelder-weizengrassieb-anthrazit-sieb-23-cm\/"},"modified":"2026-04-07T15:39:02","modified_gmt":"2026-04-07T13:39:02","slug":"eschenfelder-weizengrassieb-anthrazit-sieb-23-cm","status":"publish","type":"product","link":"https:\/\/luba.de\/en\/eschenfelder-weizengrassieb-anthrazit-sieb-23-cm\/","title":{"rendered":"Eschenfelder Weizengrassieb anthrazit (Sieb 23 cm)"},"content":{"rendered":"<h2>Eschenfelder Weizengrassieb anthrazit<\/h2>\n<p>Weizengrass hat den h\u00f6chsten Chlorophyllgehalt von allen Gr\u00e4sern (Blutbildung), es enth\u00e4lt alle lebenswichtigen Vitalstoffe in h\u00f6chster Konzentration, wirkt stark basisch, antibakteriell, entgiftend, st\u00e4rkt das Immunsystem und wird als Heilmittel vor allem in der Krebstherapie eingesetzt.<\/p>\n<p>Die neue dekorative Schale \u00a0besteht aus sehr hochwertigem Steinzeug in deutscher Spitzenqualit\u00e4t, sie ist hochgebrannt bei 1220 \u00b0C und wasserdicht. Die anthrazit Komplettglasur enth\u00e4lt keine gesundheits- oder umweltgef\u00e4hrdenden Bestandteile. Sie ist mit Edelstahlsieb f\u00fcr das einfache Anziehen von Weizengras ohne Erde, die Grundlage f\u00fcr die Herstellung von frischem Weizengrassaft.<\/p>\n","protected":false},"excerpt":{"rendered":"<p>Eschenfelder Weizengrassieb anthrazit Weizengrass hat den h\u00f6chsten Chlorophyllgehalt von allen Gr\u00e4sern (Blutbildung), es enth\u00e4lt alle lebenswichtigen Vitalstoffe in h\u00f6chster Konzentration, wirkt stark basisch, antibakteriell, entgiftend, st\u00e4rkt das Immunsystem und wird als Heilmittel vor allem in der Krebstherapie eingesetzt. Die neue dekorative Schale \u00a0besteht aus sehr hochwertigem Steinzeug in deutscher Spitzenqualit\u00e4t, sie ist hochgebrannt bei 1220 [&#8230;]\n","protected":false},"featured_media":11073,"comment_status":"closed","ping_status":"closed","template":"","meta":{"_acf_changed":false},"pwb-brand":[1183],"product_brand":[],"product_cat":[845],"product_tag":[],"class_list":{"0":"post-8796","1":"product","2":"type-product","3":"status-publish","4":"has-post-thumbnail","6":"pwb-brand-eschenfelder-en","7":"product_cat-eschenfelder-en","9":"first","10":"instock","11":"taxable","12":"shipping-taxable","13":"purchasable","14":"product-type-simple"},"bundled_by":[],"bundle_stock_status":"instock","bundle_stock_quantity":31,"bundle_virtual":false,"bundle_layout":"","bundle_add_to_cart_form_location":"","bundle_editable_in_cart":false,"bundle_sold_individually_context":"","bundle_item_grouping":"","bundle_min_size":"","bundle_max_size":"","bundle_price":[],"bundled_items":[],"bundle_sell_ids":[],"exclude_global_add_ons":[],"addons":[],"acf":[],"brands":[{"id":1183,"name":"Eschenfelder","slug":"eschenfelder-en"}],"_links":{"self":[{"href":"https:\/\/luba.de\/en\/wp-json\/wp\/v2\/product\/8796","targetHints":{"allow":["GET"]}}],"collection":[{"href":"https:\/\/luba.de\/en\/wp-json\/wp\/v2\/product"}],"about":[{"href":"https:\/\/luba.de\/en\/wp-json\/wp\/v2\/types\/product"}],"replies":[{"embeddable":true,"href":"https:\/\/luba.de\/en\/wp-json\/wp\/v2\/comments?post=8796"}],"wp:featuredmedia":[{"embeddable":true,"href":"https:\/\/luba.de\/en\/wp-json\/wp\/v2\/media\/11073"}],"wp:attachment":[{"href":"https:\/\/luba.de\/en\/wp-json\/wp\/v2\/media?parent=8796"}],"wp:term":[{"taxonomy":"pwb-brand","embeddable":true,"href":"https:\/\/luba.de\/en\/wp-json\/wp\/v2\/pwb-brand?post=8796"},{"taxonomy":"product_brand","embeddable":true,"href":"https:\/\/luba.de\/en\/wp-json\/wp\/v2\/product_brand?post=8796"},{"taxonomy":"product_cat","embeddable":true,"href":"https:\/\/luba.de\/en\/wp-json\/wp\/v2\/product_cat?post=8796"},{"taxonomy":"product_tag","embeddable":true,"href":"https:\/\/luba.de\/en\/wp-json\/wp\/v2\/product_tag?post=8796"}],"curies":[{"name":"wp","href":"https:\/\/api.w.org\/{rel}","templated":true}]}}