{"id":8806,"date":"2020-03-14T10:19:19","date_gmt":"2020-03-14T09:19:19","guid":{"rendered":"https:\/\/luba.de\/product\/solis-vakuumier-vac-smart-typ-577-edelstahl\/"},"modified":"2025-10-12T01:09:25","modified_gmt":"2025-10-11T23:09:25","slug":"solis-vakuumier-vac-smart-typ-577-edelstahl","status":"publish","type":"product","link":"https:\/\/luba.de\/en\/solis-vakuumier-vac-smart-typ-577-edelstahl\/","title":{"rendered":"Solis Vakuumierer Vac Smart Typ 577, Edelstahl"},"content":{"rendered":"<h2>Vakuumierer Vac Smart von Solis<\/h2>\n<p>Durch Vakuumieren bleiben Lebensmittel bis zu 8-mal l\u00e4nger frisch. Sie reduzieren nicht nur Lebensmittelverschwendung und tragen auf diese Weise zu einer nachhaltigeren Welt bei, sondern sparen auch Geld. Dieses vollautomatische Vakuumierger\u00e4t erf\u00fcllt alle Grundbed\u00fcrfnisse bei der Konservierung von Lebensmitteln.<br \/>\nDas Solis Vac Smart ist sehr einfach zu bedienen, da es nicht mehr als 2 Betriebsmodi hat: eine Vakuum-Verschwei\u00dffunktion, die Ihre Lebensmittel vollautomatisch vakuumiert und verschwei\u00dft, und eine Sofort-Versiegelungsfunktion, die den automatischen Vakuumiervorgang bei Bedarf sofort stoppt und mit dem Verschwei\u00dfen beginnt. Diese Funktion eignet sich auch zum Vakuumieren von druckempfindlichen Lebensmitteln, da hiermit vollst\u00e4ndig gesteuert werden kann, wie viel Luft aus dem Beutel gesaugt wird.<\/p>\n<p>Verwenden Sie Rollen und Beutel mit einer Breite von bis zu 30 cm, um Lebensmittel zu vakuumieren. Lebensmittel, die in geschlossenen Vakuumbeh\u00e4ltern aufbewahrt werden, k\u00f6nnen mit Hilfe des Vakuumierschlauchs, der an das Ger\u00e4t angeschlossen werden kann, vakuumiert werden. Solche Beh\u00e4lter sind ideal zum Vakuumieren von fl\u00fcssigen und druckempfindlichen Lebensmitteln.<\/p>\n<p>Das hygienische Design spiegelt sich in einem Bedienfeld wider, das einfach und hygienisch von Lebensmittelresten gereinigt werden kann. Eine integrierte Tropfschale sammelt zuverl\u00e4ssig Feuchtigkeit, die w\u00e4hrend des Vakuumierens aus feuchten Lebensmitteln freigesetzt wird. Die Tropfschale ist zur einfachen Reinigung herausnehmbar.<\/p>\n<p>Wussten Sie, dass Sie mit dem Solis Vac Smart nicht nur Lebensmittel konservieren k\u00f6nnen? Die vakuumversiegelten Beutel eignen sich auch perfekt zum Sous-Vide-Garen. Oder haben Sie jemals dar\u00fcber nachgedacht, Streichh\u00f6lzer oder ein Erste-Hilfe-Set effektiv vor N\u00e4sse zu sch\u00fctzen, wenn Sie campen oder andere Outdoor-Abenteuer erleben? Entdecken Sie die vielf\u00e4ltigen M\u00f6glichkeiten unserer Mehrzweck-Vakuumierger\u00e4te!<\/p>\n<h3>Hygienisches Design<\/h3>\n<p>Dieses Ger\u00e4t ist f\u00fcr eine schnelle, einfache und hygienische Reinigung konzipiert.<\/p>\n<h3>Schlauchanschluss<\/h3>\n<p>Praktischer Schlauchanschluss zum Vakuumieren von Vorratsbeh\u00e4ltern h\u00e4lt Ihre Lebensmittel bis zu 4-mal l\u00e4nger frisch.<\/p>\n<h3>Herausnehmbare Tropfschale<\/h3>\n<p>Wenn beim Vakuumieren \u00fcbersch\u00fcssige Feuchtigkeit von feuchten Lebensmitteln freigesetzt wird, wird diese zur einfachen Reinigung in der herausnehmbaren Tropfschale gesammelt.<\/p>\n<h3>2 Betriebsarten<\/h3>\n<p>W\u00e4hlen Sie vollautomatisches Vakuumieren und Versiegeln oder bedarfsgesteuertes Versiegeln f\u00fcr eine vollst\u00e4ndige Kontrolle des Vakuumierprozesses.<\/p>\n<h3>Platzsparende Aufbewahrung<\/h3>\n<p>Das Vakuumierger\u00e4t kann einfach auf der R\u00fcckseite oder Seite gelagert werden, um Platz in Ihrer K\u00fcche zu sparen.<\/p>\n<h3>Versteckte Kabelaufbewahrung<\/h3>\n<p>Ein n\u00fctzliches Aufbewahrungsfach im Ger\u00e4teboden versteckt nicht ben\u00f6tigte Teile des Kabels.<\/p>\n<h3>Leistungsstarke Vakuumpumpe<\/h3>\n<p>Mit einem Vakuumdruck von -0,7 bar k\u00f6nnen Lebensmittel sofort vakuumverpackt werden.<\/p>\n<h3>Schutz vor Gefrierbrand<\/h3>\n<p>Vakuumverpackte Lebensmittel sind effektiv vor Gefrierbrand gesch\u00fctzt und reduzieren Lebensmittelverschwendung.<\/p>\n<h3>Extra starke Schwei\u00dfnaht<\/h3>\n<p>Die extra starke Schwei\u00dfnaht von 2,5 mm h\u00e4lt Lebensmittel f\u00fcr eine optimale Konservierung sicher vakuumverpackt.<\/p>\n<h3>Rutschfeste Gummif\u00fc\u00dfe<\/h3>\n<p>Ausgestattet mit rutschfesten Gummif\u00fc\u00dfen f\u00fcr einen sicheren Halt zu jeder Zeit.<\/p>\n<h3>Benutzerfreundlich<\/h3>\n<p>Einfaches und leicht zu bedienendes ber\u00fchrungsempfindliches Bedienfeld.<\/p>\n<h3>Schlauchanschluss<\/h3>\n<p>Eingebauter Schlauchanschluss zum Vakuumieren geschlossener Beh\u00e4lter. Der Schlauch ist nicht im Lieferumfang enthalten.<\/p>\n<h3>Lieferumfang:<\/h3>\n<ul>\n<li>Vakuumierer Vac Smart<\/li>\n<li>deutsche Bedienungsanleitung<\/li>\n<\/ul>\n","protected":false},"excerpt":{"rendered":"<ul>\n<li>Leistungsstarke Vakuumpumpe<\/li>\n<li>Extra starke Schwei\u00dfnaht von 2,5 mm<\/li>\n<li>F\u00fcr bis zu 30 cm breite Beutel<\/li>\n<li>F\u00fcr Dauerbetrieb (30 bis 40 T\u00fcten) geeignet<\/li>\n<\/ul>\n","protected":false},"featured_media":24797,"comment_status":"closed","ping_status":"closed","template":"","meta":{"_acf_changed":false},"pwb-brand":[1190],"product_brand":[],"product_cat":[871],"product_tag":[],"class_list":{"0":"post-8806","1":"product","2":"type-product","3":"status-publish","4":"has-post-thumbnail","6":"pwb-brand-solis-en","7":"product_cat-solis-en","9":"first","10":"instock","11":"taxable","12":"shipping-taxable","13":"purchasable","14":"product-type-simple"},"bundled_by":[],"bundle_stock_status":"instock","bundle_stock_quantity":5,"bundle_virtual":false,"bundle_layout":"","bundle_add_to_cart_form_location":"","bundle_editable_in_cart":false,"bundle_sold_individually_context":"","bundle_item_grouping":"","bundle_min_size":"","bundle_max_size":"","bundle_price":[],"bundled_items":[],"bundle_sell_ids":[],"exclude_global_add_ons":[],"addons":[],"acf":[],"brands":[{"id":1190,"name":"Solis","slug":"solis-en"}],"_links":{"self":[{"href":"https:\/\/luba.de\/en\/wp-json\/wp\/v2\/product\/8806","targetHints":{"allow":["GET"]}}],"collection":[{"href":"https:\/\/luba.de\/en\/wp-json\/wp\/v2\/product"}],"about":[{"href":"https:\/\/luba.de\/en\/wp-json\/wp\/v2\/types\/product"}],"replies":[{"embeddable":true,"href":"https:\/\/luba.de\/en\/wp-json\/wp\/v2\/comments?post=8806"}],"wp:featuredmedia":[{"embeddable":true,"href":"https:\/\/luba.de\/en\/wp-json\/wp\/v2\/media\/24797"}],"wp:attachment":[{"href":"https:\/\/luba.de\/en\/wp-json\/wp\/v2\/media?parent=8806"}],"wp:term":[{"taxonomy":"pwb-brand","embeddable":true,"href":"https:\/\/luba.de\/en\/wp-json\/wp\/v2\/pwb-brand?post=8806"},{"taxonomy":"product_brand","embeddable":true,"href":"https:\/\/luba.de\/en\/wp-json\/wp\/v2\/product_brand?post=8806"},{"taxonomy":"product_cat","embeddable":true,"href":"https:\/\/luba.de\/en\/wp-json\/wp\/v2\/product_cat?post=8806"},{"taxonomy":"product_tag","embeddable":true,"href":"https:\/\/luba.de\/en\/wp-json\/wp\/v2\/product_tag?post=8806"}],"curies":[{"name":"wp","href":"https:\/\/api.w.org\/{rel}","templated":true}]}}