{"id":8819,"date":"2020-03-14T10:19:19","date_gmt":"2020-03-14T09:19:19","guid":{"rendered":"https:\/\/luba.de\/product\/angel-juicer-siebgehaeuse-grob-sus316\/"},"modified":"2026-04-01T14:24:18","modified_gmt":"2026-04-01T12:24:18","slug":"angel-juicer-siebgehaeuse-grob-sus316","status":"publish","type":"product","link":"https:\/\/luba.de\/en\/angel-juicer-siebgehaeuse-grob-sus316\/","title":{"rendered":"Angel Juicer Siebgeh\u00e4use grob SUS316"},"content":{"rendered":"<p>Das grobe Sieb f\u00fcr den Angel Juicer wird ben\u00f6tigt, wenn sie weiche Obst- oder Gem\u00fcsearten entsaften m\u00f6chten wie z.B. Zitrusfr\u00fcchte, Orangen, Nektarinen, mehlige \u00c4pfel, Kiwi und Feigen. Diese k\u00f6nnen das feine Sieb leicht verstopfen, was die Saftausbeute negativ beeinflussen w\u00fcrde. Das grobe Sieb hingegen l\u00e4sst mehr Saft durch, sorgt jedoch trotzdem f\u00fcr eine hohe Saftausbeute aus dem Pressgut.<\/p>\n<p>Mit dem \u201eSiebgeh\u00e4use grob\u201c entsaften Sie etwas schneller als mit dem feinen Siebgeh\u00e4use.<\/p>\n<p>Das Siebgeh\u00e4use grob ist in der Qualit\u00e4t SUS304 (f\u00fcr Angel Juicer 5500 und 7500) erh\u00e4ltlich und in der SUS316-Qualit\u00e4t f\u00fcr den Angel Juicer 8500. Nat\u00fcrlich k\u00f6nnen Sie f\u00fcr den 8500er auch das Siebgeh\u00e4use grob in der SUS304 Qualit\u00e4t bestellen.<\/p>\n","protected":false},"excerpt":{"rendered":"<p>Das Grobe Sieb eignet sich wunderbar f\u00fcr weiche Zutaten<\/p>\n","protected":false},"featured_media":10916,"comment_status":"closed","ping_status":"closed","template":"","meta":{"_acf_changed":false},"pwb-brand":[1241],"product_brand":[],"product_cat":[896],"product_tag":[1288],"class_list":{"0":"post-8819","1":"product","2":"type-product","3":"status-publish","4":"has-post-thumbnail","6":"pwb-brand-angel-juicer-en","7":"product_cat-accessories-for-angel-juicer","8":"product_tag-angel-juicer-vorsatz-en","10":"first","11":"instock","12":"sale","13":"taxable","14":"shipping-taxable","15":"purchasable","16":"product-type-simple"},"bundled_by":[],"bundle_stock_status":"instock","bundle_stock_quantity":5,"bundle_virtual":false,"bundle_layout":"","bundle_add_to_cart_form_location":"","bundle_editable_in_cart":false,"bundle_sold_individually_context":"","bundle_item_grouping":"","bundle_min_size":"","bundle_max_size":"","bundle_price":[],"bundled_items":[],"bundle_sell_ids":[],"exclude_global_add_ons":[],"addons":[],"acf":[],"brands":[{"id":1241,"name":"Angel Juicer","slug":"angel-juicer-en"}],"_links":{"self":[{"href":"https:\/\/luba.de\/en\/wp-json\/wp\/v2\/product\/8819","targetHints":{"allow":["GET"]}}],"collection":[{"href":"https:\/\/luba.de\/en\/wp-json\/wp\/v2\/product"}],"about":[{"href":"https:\/\/luba.de\/en\/wp-json\/wp\/v2\/types\/product"}],"replies":[{"embeddable":true,"href":"https:\/\/luba.de\/en\/wp-json\/wp\/v2\/comments?post=8819"}],"wp:featuredmedia":[{"embeddable":true,"href":"https:\/\/luba.de\/en\/wp-json\/wp\/v2\/media\/10916"}],"wp:attachment":[{"href":"https:\/\/luba.de\/en\/wp-json\/wp\/v2\/media?parent=8819"}],"wp:term":[{"taxonomy":"pwb-brand","embeddable":true,"href":"https:\/\/luba.de\/en\/wp-json\/wp\/v2\/pwb-brand?post=8819"},{"taxonomy":"product_brand","embeddable":true,"href":"https:\/\/luba.de\/en\/wp-json\/wp\/v2\/product_brand?post=8819"},{"taxonomy":"product_cat","embeddable":true,"href":"https:\/\/luba.de\/en\/wp-json\/wp\/v2\/product_cat?post=8819"},{"taxonomy":"product_tag","embeddable":true,"href":"https:\/\/luba.de\/en\/wp-json\/wp\/v2\/product_tag?post=8819"}],"curies":[{"name":"wp","href":"https:\/\/api.w.org\/{rel}","templated":true}]}}