{"id":8821,"date":"2020-03-14T10:19:19","date_gmt":"2020-03-14T09:19:19","guid":{"rendered":"https:\/\/luba.de\/product\/gaerblech-zu-brod-taylor-gaerautomat\/"},"modified":"2026-04-08T10:23:48","modified_gmt":"2026-04-08T08:23:48","slug":"gaerblech-zu-brod-taylor-gaerautomat","status":"publish","type":"product","link":"https:\/\/luba.de\/en\/gaerblech-zu-brod-taylor-gaerautomat\/","title":{"rendered":"G\u00e4rblech zu  Brod &#038; Taylor G\u00e4rautomat"},"content":{"rendered":"<h2>Zus\u00e4tzliches G\u00e4rblech f\u00fcr klappbaren G\u00e4rautomat &amp; Schongarer von Brod&amp;Taylor<\/h2>\n<p>GN 1\/2 (Gastro-Norm) , 26.5&#215;32.5x2cm (BxLxT) , Edelstahl, Rostfrei.<\/p>\n<p>Mit praktischer Stapelnocke f\u00fcr ein leichtes Auseinandernehmen gestapelter G\u00e4rbleche.<\/p>\n","protected":false},"excerpt":{"rendered":"<p>Zus\u00e4tzliches G\u00e4rblech f\u00fcr klappbaren G\u00e4rautomat &amp; Schongarer von Brod&amp;Taylor GN 1\/2 (Gastro-Norm) , 26.5&#215;32.5x2cm (BxLxT) , Edelstahl, Rostfrei. Mit praktischer Stapelnocke f\u00fcr ein leichtes Auseinandernehmen gestapelter G\u00e4rbleche.<\/p>\n","protected":false},"featured_media":11165,"comment_status":"closed","ping_status":"closed","template":"","meta":{"_acf_changed":false},"pwb-brand":[],"product_brand":[],"product_cat":[933],"product_tag":[],"class_list":{"0":"post-8821","1":"product","2":"type-product","3":"status-publish","4":"has-post-thumbnail","6":"product_cat-proofers","8":"first","9":"instock","10":"taxable","11":"shipping-taxable","12":"purchasable","13":"product-type-simple"},"bundled_by":[],"bundle_stock_status":"instock","bundle_stock_quantity":100,"bundle_virtual":false,"bundle_layout":"","bundle_add_to_cart_form_location":"","bundle_editable_in_cart":false,"bundle_sold_individually_context":"","bundle_item_grouping":"","bundle_min_size":"","bundle_max_size":"","bundle_price":[],"bundled_items":[],"bundle_sell_ids":[],"exclude_global_add_ons":[],"addons":[],"acf":[],"brands":[],"_links":{"self":[{"href":"https:\/\/luba.de\/en\/wp-json\/wp\/v2\/product\/8821","targetHints":{"allow":["GET"]}}],"collection":[{"href":"https:\/\/luba.de\/en\/wp-json\/wp\/v2\/product"}],"about":[{"href":"https:\/\/luba.de\/en\/wp-json\/wp\/v2\/types\/product"}],"replies":[{"embeddable":true,"href":"https:\/\/luba.de\/en\/wp-json\/wp\/v2\/comments?post=8821"}],"wp:featuredmedia":[{"embeddable":true,"href":"https:\/\/luba.de\/en\/wp-json\/wp\/v2\/media\/11165"}],"wp:attachment":[{"href":"https:\/\/luba.de\/en\/wp-json\/wp\/v2\/media?parent=8821"}],"wp:term":[{"taxonomy":"pwb-brand","embeddable":true,"href":"https:\/\/luba.de\/en\/wp-json\/wp\/v2\/pwb-brand?post=8821"},{"taxonomy":"product_brand","embeddable":true,"href":"https:\/\/luba.de\/en\/wp-json\/wp\/v2\/product_brand?post=8821"},{"taxonomy":"product_cat","embeddable":true,"href":"https:\/\/luba.de\/en\/wp-json\/wp\/v2\/product_cat?post=8821"},{"taxonomy":"product_tag","embeddable":true,"href":"https:\/\/luba.de\/en\/wp-json\/wp\/v2\/product_tag?post=8821"}],"curies":[{"name":"wp","href":"https:\/\/api.w.org\/{rel}","templated":true}]}}