{"id":8823,"date":"2020-03-14T10:19:19","date_gmt":"2020-03-14T09:19:19","guid":{"rendered":"https:\/\/luba.de\/product\/jupiter-motorblock-typ-862-schwarz-200-watt\/"},"modified":"2026-04-02T14:53:41","modified_gmt":"2026-04-02T12:53:41","slug":"jupiter-motorblock-typ-862-schwarz-200-watt","status":"publish","type":"product","link":"https:\/\/luba.de\/en\/jupiter-motorblock-typ-862-schwarz-200-watt\/","title":{"rendered":"Jupiter Motorblock Typ 862, schwarz, 200 Watt"},"content":{"rendered":"<h2><em>Jupiter<\/em> MySystem Systemantrieb Motorblock 862 (862-160)<\/h2>\n<p>Entdecken Sie den Jupiter MySystem Systemantrieb Motorblock 862 (862-160) \u2013 das Multitalent f\u00fcr Ihre K\u00fcche! Mit 200 W Leistung und einem sicheren 3-Stufen-Bedienkonzept bietet dieser energiesparende und dauerlauffeste Motorblock unz\u00e4hlige M\u00f6glichkeiten.<br \/>\nDank des Universal-Bajonettverschlusses lassen sich vielseitige Vors\u00e4tze wie der Messerschmidt Stahlmahlwerk-Vorsatz, der Flockenbar-Vorsatz f\u00fcr frische Getreideflocken, der Jupiter Raffelvorsatz mit 3 Trommeln oder der Fleischwolf-Vorsatz Gr. 5 einfach aufstecken \u2013 ideal f\u00fcr Gem\u00fcse, Fleisch, Mehl oder Spritzgeb\u00e4ck.<\/p>\n<p>Im Lieferumfang enthalten sind austauschbare Blenden in Wei\u00df, Rot und Anthrazit sowie ein praktischer, steckbarer Timer.<br \/>\nKompakt (26 x 15 x 22 cm), wartungsfrei und flexibel anpassbar, ist dieser Systemantrieb perfekt f\u00fcr kleine und mittlere Mengen in jedem Haushalt.<\/p>\n<h3>SICHERES BEDIENKONZEPT<\/h3>\n<p>3 Stufen \u2013 3 Schritte<\/p>\n<p>Mit den drei Geschwindigkeitsstufen finden Sie kinderleicht das passende Tempo f\u00fcr jede Anwendung. Dabei ist die Bedienung besonders sicher, denn der Antrieb f\u00e4ngt erst an zu arbeiten, wenn die gew\u00fcnschte Geschwindigkeitsstufe best\u00e4tigt ist.<\/p>\n<ul>\n<li>Energiesparend<\/li>\n<li>Dauerlauffest<\/li>\n<li>Wartungsfrei<\/li>\n<li>200 W \/ 230 V<\/li>\n<\/ul>\n<p>Ma\u00dfe: H x B x T: 26 x 15 x 22 cm<\/p>\n<h3>Lieferumfang:<\/h3>\n<ul>\n<li>Systemantrieb mit Kupplung f\u00fcr einfachen Vorsatztausch<\/li>\n<li>Austauschbare Blenden<\/li>\n<li>Steckbarer Timer<\/li>\n<\/ul>\n<h3>Vors\u00e4tze f\u00fcr den Jupiter Motorblock:<\/h3>\n<ul>\n<li>der\u00a0<a href=\"https:\/\/luba.de\/produkt\/messerschmidt-stahlmahlvorsatz\/\"><em>Messerschmidt<\/em>\u00a0Stahlmahlwerk-Vorsatz<\/a><\/li>\n<li><a href=\"https:\/\/luba.de\/produkt\/messerschmidt-flockenbar-vorsatz\/\"><em>Messerschmidt<\/em>\u00a0Flockenbar-Vorsatz<\/a>\u00a0f\u00fcr frische Getreideflocken<\/li>\n<li><em>Jupiter<\/em>\u00a0Raffelvorsatz\u00a0mit 3 Trommeln<\/li>\n<li><em>Jupiter<\/em>\u00a0Fleischwolf-Vorsatz Gr. 5<\/li>\n<li><em>Jupiter<\/em>\u00a0Spritzgeb\u00e4ckvorsatz\u00a0(nur in Verbindung mit dem Fleischwolfvorsatz nutzbar!)<\/li>\n<\/ul>\n","protected":false},"excerpt":{"rendered":"<p>Jupiter MySystem Systemantrieb Motorblock 862 (862-160) Entdecken Sie den Jupiter MySystem Systemantrieb Motorblock 862 (862-160) \u2013 das Multitalent f\u00fcr Ihre K\u00fcche! Mit 200 W Leistung und einem sicheren 3-Stufen-Bedienkonzept bietet dieser energiesparende und dauerlauffeste Motorblock unz\u00e4hlige M\u00f6glichkeiten. Dank des Universal-Bajonettverschlusses lassen sich vielseitige Vors\u00e4tze wie der Messerschmidt Stahlmahlwerk-Vorsatz, der Flockenbar-Vorsatz f\u00fcr frische Getreideflocken, der Jupiter [&#8230;]\n","protected":false},"featured_media":17123,"comment_status":"open","ping_status":"closed","template":"","meta":{"_acf_changed":false},"pwb-brand":[1143],"product_brand":[],"product_cat":[959],"product_tag":[],"class_list":{"0":"post-8823","1":"product","2":"type-product","3":"status-publish","4":"has-post-thumbnail","6":"pwb-brand-jupiter-en","7":"product_cat-motor-block","9":"first","10":"instock","11":"taxable","12":"shipping-taxable","13":"purchasable","14":"product-type-simple"},"bundled_by":[],"bundle_stock_status":"instock","bundle_stock_quantity":100,"bundle_virtual":false,"bundle_layout":"","bundle_add_to_cart_form_location":"","bundle_editable_in_cart":false,"bundle_sold_individually_context":"","bundle_item_grouping":"","bundle_min_size":"","bundle_max_size":"","bundle_price":[],"bundled_items":[],"bundle_sell_ids":[],"exclude_global_add_ons":[],"addons":[],"acf":[],"brands":[{"id":1143,"name":"Jupiter","slug":"jupiter-en"}],"_links":{"self":[{"href":"https:\/\/luba.de\/en\/wp-json\/wp\/v2\/product\/8823","targetHints":{"allow":["GET"]}}],"collection":[{"href":"https:\/\/luba.de\/en\/wp-json\/wp\/v2\/product"}],"about":[{"href":"https:\/\/luba.de\/en\/wp-json\/wp\/v2\/types\/product"}],"replies":[{"embeddable":true,"href":"https:\/\/luba.de\/en\/wp-json\/wp\/v2\/comments?post=8823"}],"wp:featuredmedia":[{"embeddable":true,"href":"https:\/\/luba.de\/en\/wp-json\/wp\/v2\/media\/17123"}],"wp:attachment":[{"href":"https:\/\/luba.de\/en\/wp-json\/wp\/v2\/media?parent=8823"}],"wp:term":[{"taxonomy":"pwb-brand","embeddable":true,"href":"https:\/\/luba.de\/en\/wp-json\/wp\/v2\/pwb-brand?post=8823"},{"taxonomy":"product_brand","embeddable":true,"href":"https:\/\/luba.de\/en\/wp-json\/wp\/v2\/product_brand?post=8823"},{"taxonomy":"product_cat","embeddable":true,"href":"https:\/\/luba.de\/en\/wp-json\/wp\/v2\/product_cat?post=8823"},{"taxonomy":"product_tag","embeddable":true,"href":"https:\/\/luba.de\/en\/wp-json\/wp\/v2\/product_tag?post=8823"}],"curies":[{"name":"wp","href":"https:\/\/api.w.org\/{rel}","templated":true}]}}