{"id":8835,"date":"2020-03-14T10:19:19","date_gmt":"2020-03-14T09:19:19","guid":{"rendered":"https:\/\/luba.de\/product\/angel-juicer-holzstopfer-mit-silikonring\/"},"modified":"2026-04-01T14:24:38","modified_gmt":"2026-04-01T12:24:38","slug":"angel-juicer-holzstopfer-mit-silikonring","status":"publish","type":"product","link":"https:\/\/luba.de\/en\/angel-juicer-holzstopfer-mit-silikonring\/","title":{"rendered":"Angel Juicer Holzstopfer mit Silikonring"},"content":{"rendered":"<p>Der Silikonring am Holzstopfer gew\u00e4hrleistet einen zus\u00e4tzlichen Spritzschutz bei der Entsaftung von weichem Obst und Gem\u00fcse.<\/p>\n","protected":false},"excerpt":{"rendered":"<p>Der Silikonring am Holzstopfer gew\u00e4hrleistet einen zus\u00e4tzlichen Spritzschutz bei der Entsaftung von weichem Obst und Gem\u00fcse.<\/p>\n","protected":false},"featured_media":8836,"comment_status":"closed","ping_status":"closed","template":"","meta":{"_acf_changed":false},"pwb-brand":[1241],"product_brand":[],"product_cat":[896],"product_tag":[],"class_list":{"0":"post-8835","1":"product","2":"type-product","3":"status-publish","4":"has-post-thumbnail","6":"pwb-brand-angel-juicer-en","7":"product_cat-accessories-for-angel-juicer","9":"first","10":"instock","11":"taxable","12":"shipping-taxable","13":"purchasable","14":"product-type-simple"},"bundled_by":[],"bundle_stock_status":"instock","bundle_stock_quantity":100,"bundle_virtual":false,"bundle_layout":"","bundle_add_to_cart_form_location":"","bundle_editable_in_cart":false,"bundle_sold_individually_context":"","bundle_item_grouping":"","bundle_min_size":"","bundle_max_size":"","bundle_price":[],"bundled_items":[],"bundle_sell_ids":[],"exclude_global_add_ons":[],"addons":[],"acf":[],"brands":[{"id":1241,"name":"Angel Juicer","slug":"angel-juicer-en"}],"_links":{"self":[{"href":"https:\/\/luba.de\/en\/wp-json\/wp\/v2\/product\/8835","targetHints":{"allow":["GET"]}}],"collection":[{"href":"https:\/\/luba.de\/en\/wp-json\/wp\/v2\/product"}],"about":[{"href":"https:\/\/luba.de\/en\/wp-json\/wp\/v2\/types\/product"}],"replies":[{"embeddable":true,"href":"https:\/\/luba.de\/en\/wp-json\/wp\/v2\/comments?post=8835"}],"wp:featuredmedia":[{"embeddable":true,"href":"https:\/\/luba.de\/en\/wp-json\/wp\/v2\/media\/8836"}],"wp:attachment":[{"href":"https:\/\/luba.de\/en\/wp-json\/wp\/v2\/media?parent=8835"}],"wp:term":[{"taxonomy":"pwb-brand","embeddable":true,"href":"https:\/\/luba.de\/en\/wp-json\/wp\/v2\/pwb-brand?post=8835"},{"taxonomy":"product_brand","embeddable":true,"href":"https:\/\/luba.de\/en\/wp-json\/wp\/v2\/product_brand?post=8835"},{"taxonomy":"product_cat","embeddable":true,"href":"https:\/\/luba.de\/en\/wp-json\/wp\/v2\/product_cat?post=8835"},{"taxonomy":"product_tag","embeddable":true,"href":"https:\/\/luba.de\/en\/wp-json\/wp\/v2\/product_tag?post=8835"}],"curies":[{"name":"wp","href":"https:\/\/api.w.org\/{rel}","templated":true}]}}