{"id":8840,"date":"2020-03-14T10:19:19","date_gmt":"2020-03-14T09:19:19","guid":{"rendered":"https:\/\/luba.de\/product\/doerrfolie-stark-t6-300-x-315-mm-fuer-yden-d5\/"},"modified":"2025-10-11T23:30:44","modified_gmt":"2025-10-11T21:30:44","slug":"doerrfolie-stark-t6-300-x-315-mm-fuer-yden-d5","status":"publish","type":"product","link":"https:\/\/luba.de\/en\/doerrfolie-stark-t6-300-x-315-mm-fuer-yden-d5\/","title":{"rendered":"D\u00f6rrfolie stark T6 300 x 315 mm f\u00fcr Yden D5"},"content":{"rendered":"<p>Passgenau zugeschnitten f\u00fcr den Yden D5, antihaftbeschichtet und wiederverwendbar.<\/p>\n","protected":false},"excerpt":{"rendered":"<p>Passgenau zugeschnitten f\u00fcr den Yden D5, antihaftbeschichtet und wiederverwendbar.<\/p>\n","protected":false},"featured_media":0,"comment_status":"closed","ping_status":"closed","template":"","meta":{"_acf_changed":false},"pwb-brand":[1166],"product_brand":[],"product_cat":[903],"product_tag":[],"class_list":{"0":"post-8840","1":"product","2":"type-product","3":"status-publish","5":"pwb-brand-luba-en","6":"product_cat-accessories-dehydrators","8":"first","9":"instock","10":"taxable","11":"shipping-taxable","12":"purchasable","13":"product-type-simple"},"bundled_by":[],"bundle_stock_status":"instock","bundle_stock_quantity":100,"bundle_virtual":false,"bundle_layout":"","bundle_add_to_cart_form_location":"","bundle_editable_in_cart":false,"bundle_sold_individually_context":"","bundle_item_grouping":"","bundle_min_size":"","bundle_max_size":"","bundle_price":[],"bundled_items":[],"bundle_sell_ids":[],"exclude_global_add_ons":[],"addons":[],"acf":[],"brands":[{"id":1166,"name":"LUBA","slug":"luba-en"}],"_links":{"self":[{"href":"https:\/\/luba.de\/en\/wp-json\/wp\/v2\/product\/8840","targetHints":{"allow":["GET"]}}],"collection":[{"href":"https:\/\/luba.de\/en\/wp-json\/wp\/v2\/product"}],"about":[{"href":"https:\/\/luba.de\/en\/wp-json\/wp\/v2\/types\/product"}],"replies":[{"embeddable":true,"href":"https:\/\/luba.de\/en\/wp-json\/wp\/v2\/comments?post=8840"}],"wp:attachment":[{"href":"https:\/\/luba.de\/en\/wp-json\/wp\/v2\/media?parent=8840"}],"wp:term":[{"taxonomy":"pwb-brand","embeddable":true,"href":"https:\/\/luba.de\/en\/wp-json\/wp\/v2\/pwb-brand?post=8840"},{"taxonomy":"product_brand","embeddable":true,"href":"https:\/\/luba.de\/en\/wp-json\/wp\/v2\/product_brand?post=8840"},{"taxonomy":"product_cat","embeddable":true,"href":"https:\/\/luba.de\/en\/wp-json\/wp\/v2\/product_cat?post=8840"},{"taxonomy":"product_tag","embeddable":true,"href":"https:\/\/luba.de\/en\/wp-json\/wp\/v2\/product_tag?post=8840"}],"curies":[{"name":"wp","href":"https:\/\/api.w.org\/{rel}","templated":true}]}}