{"id":8841,"date":"2020-03-14T10:18:23","date_gmt":"2020-03-14T09:18:23","guid":{"rendered":"https:\/\/luba.de\/product\/unold-brotbackautomat-skala-typ-68616\/"},"modified":"2026-02-27T09:26:33","modified_gmt":"2026-02-27T08:26:33","slug":"unold-brotbackautomat-skala-typ-68616","status":"publish","type":"product","link":"https:\/\/luba.de\/en\/unold-brotbackautomat-skala-typ-68616\/","title":{"rendered":"Unold Brotbackautomat Skala Typ 68616"},"content":{"rendered":"<h2>Unold Brotbackautomat BACKMEISTER\u00ae Skala Typ 68616 geeignet f\u00fcr Glutenfreies backen!<\/h2>\n<p>Individueller und praktischer geht es kaum: Zutaten, Zeitpunkt, Brotgewicht, Br\u00e4unungsgrad &#8230; das alles l\u00e4sst sich mit dem Backmeister\u00ae Skala von UNOLD\u00ae nach pers\u00f6nlichem Belieben einstellen.<\/p>\n<p>11 gespeicherte Backprogramme und ein individuelles Eigenprogramm machen das Backen des Lieblingsbrotes besonders einfach. So l\u00e4sst sich das Brotgewicht variabel von 500 bis 1.200 Gramm einstellen. Die Br\u00e4unungsgrade werden \u00fcber Wahltasten bestimmt. Sehr praktisch ist der Timer, \u00fcber den das Backen bis zu 13 Stunden im Voraus programmierbar ist. Und das Beste: Der Zutatenspender denkt mit, denn er f\u00fcllt N\u00fcsse oder Fr\u00fcchte automatisch zum richtigen Zeitpunkt in den Teig.<\/p>\n<div class=\"row\"  id=\"row-1168187069\">\n\n\t<div id=\"col-336467743\" class=\"col medium-4 small-12 large-4\"  >\n\t\t\t\t<div class=\"col-inner text-left\"  >\n\t\t\t\n\t\t\t\n\t<div class=\"img has-hover x md-x lg-x y md-y lg-y\" id=\"image_920935727\">\n\t\t\t\t\t\t\t\t<div class=\"img-inner dark\" >\n\t\t\t<img decoding=\"async\" width=\"600\" height=\"437\" src=\"https:\/\/luba.de\/wp-content\/uploads\/2021\/03\/686160-Backmeister-Scala-07.jpg\" class=\"attachment-large size-large\" alt=\"\" srcset=\"https:\/\/luba.de\/wp-content\/uploads\/2021\/03\/686160-Backmeister-Scala-07.jpg 600w, https:\/\/luba.de\/wp-content\/uploads\/2021\/03\/686160-Backmeister-Scala-07-549x400.jpg 549w, https:\/\/luba.de\/wp-content\/uploads\/2021\/03\/686160-Backmeister-Scala-07-510x371.jpg 510w\" sizes=\"(max-width: 600px) 100vw, 600px\" title=\"\">\t\t\t\t\t\t\n\t\t\t\t\t<\/div>\n\t\t\t\t\t\t\t\t\n<style>\n#image_920935727 {\n  width: 100%;\n}\n<\/style>\n\t<\/div>\n\t\n\t\t<\/div>\n\t\t\t\t\t<\/div>\n\n\t\n\n\t<div id=\"col-1835580671\" class=\"col medium-8 small-12 large-8\"  >\n\t\t\t\t<div class=\"col-inner\"  >\n\t\t\t\n\t\t\t\n<p>Die integrierte Waage mit Zuwiegefunktion ist abnehmbar und wird \u00fcber zwei zum Lieferumfang geh\u00f6rende AAA-Micro-Batterien mit Strom versorgt. Eine saubere Sache ist die FUSION Sol-Gel Keramik-Antihaftbeschichtung von Whitford. \u00dcber den Programmablauf informiert das LCD-Display. Ein Sichtfenster mit zuschaltbarer Backraumbeleuchtung l\u00e4sst den direkten Blick auf das Brot bei der Herstellung zu.<\/p>\n\t\t<\/div>\n\t\t\t\t\t<\/div>\n\n\t\n<\/div>\n<div class=\"row\"  id=\"row-1024739005\">\n\n\t<div id=\"col-296469718\" class=\"col medium-8 small-12 large-8\"  >\n\t\t\t\t<div class=\"col-inner\"  >\n\t\t\t\n\t\t\t\n<ul>\n<li>Geeignet f\u00fcr glutenfreies backen oder Rezepte.<\/li>\n<li>Inhalt: 500 g bis 1.200 g Brotgewicht<\/li>\n<li>Spender zum automatischen Zuf\u00fcgen von N\u00fcssen, Fr\u00fcchten etc. w\u00e4hrend des Programmablaufs<\/li>\n<li>Entnehmbare, Integrierte Waage bis 3 kg, mit Zuwiegefunktion, zwei AAA-Micro-Batterien enthalten<\/li>\n<li>Backbeh\u00e4lter &amp; Kneter mit keramischer Beschichtung<\/li>\n<li>Edelstahgeh\u00e4use mit Glasabdeckung<\/li>\n<li>11 gespeicherte Programm und 1 individuelles Eigenprogramm<\/li>\n<li>Anzeige des Programmablaufs \u00fcber LCD-Display<\/li>\n<li>Zeitwahltaste bis zu 13 Stunden vorprogrammierbar<\/li>\n<li>Wahltasten f\u00fcr Br\u00e4unungsgrade und Brotgewicht<\/li>\n<li>Zuschaltbare Backraumbeleuchtung<\/li>\n<\/ul>\n<h3>Technische Angaben<\/h3>\n<p>Leistung: 615 W, 230 V~, 50 Hz<br \/>\nGewicht: ca. 8,3 kg<br \/>\nKabel: ca. 100 cm<br \/>\nMa\u00dfe (BxTxH): 38,5 x 28,0 x 31,5 cm<br \/>\nMaterial: Edelstahl \/ Kunststoff \/ Glas<br \/>\nFarbe: Edelstahl\/Schwarz<br \/>\nZubeh\u00f6r: Messbecher, Messl\u00f6ffel, Kneter, Hakenspie\u00df, entnehmbare Backform mit QuanTanium-Beschichtung<\/p>\n\t\t<\/div>\n\t\t\t\t\t<\/div>\n\n\t\n\n\t<div id=\"col-1094734152\" class=\"col medium-4 small-12 large-4\"  >\n\t\t\t\t<div class=\"col-inner text-left\"  >\n\t\t\t\n\t\t\t\n\t<div class=\"img has-hover x md-x lg-x y md-y lg-y\" id=\"image_1056814215\">\n\t\t\t\t\t\t\t\t<div class=\"img-inner dark\" >\n\t\t\t<img decoding=\"async\" width=\"600\" height=\"745\" src=\"https:\/\/luba.de\/wp-content\/uploads\/2021\/03\/686160-Backmeister-Scala-08.jpg\" class=\"attachment-large size-large\" alt=\"\" srcset=\"https:\/\/luba.de\/wp-content\/uploads\/2021\/03\/686160-Backmeister-Scala-08.jpg 600w, https:\/\/luba.de\/wp-content\/uploads\/2021\/03\/686160-Backmeister-Scala-08-322x400.jpg 322w, https:\/\/luba.de\/wp-content\/uploads\/2021\/03\/686160-Backmeister-Scala-08-510x633.jpg 510w\" sizes=\"(max-width: 600px) 100vw, 600px\" title=\"\">\t\t\t\t\t\t\n\t\t\t\t\t<\/div>\n\t\t\t\t\t\t\t\t\n<style>\n#image_1056814215 {\n  width: 100%;\n}\n<\/style>\n\t<\/div>\n\t\n\t\t<\/div>\n\t\t\t\t\t<\/div>\n\n\t\n<\/div>\n","protected":false},"excerpt":{"rendered":"<p>Unold Brotbackautomat BACKMEISTER\u00ae Skala Typ 68616 geeignet f\u00fcr Glutenfreies backen! Individueller und praktischer geht es kaum: Zutaten, Zeitpunkt, Brotgewicht, Br\u00e4unungsgrad &#8230; das alles l\u00e4sst sich mit dem Backmeister\u00ae Skala von UNOLD\u00ae nach pers\u00f6nlichem Belieben einstellen. 11 gespeicherte Backprogramme und ein individuelles Eigenprogramm machen das Backen des Lieblingsbrotes besonders einfach. So l\u00e4sst sich das Brotgewicht variabel [&#8230;]\n","protected":false},"featured_media":12199,"comment_status":"closed","ping_status":"closed","template":"","meta":{"_acf_changed":false},"pwb-brand":[1216],"product_brand":[],"product_cat":[1368],"product_tag":[],"class_list":{"0":"post-8841","1":"product","2":"type-product","3":"status-publish","4":"has-post-thumbnail","6":"pwb-brand-unold-en","7":"product_cat-bread-maker","9":"first","10":"instock","11":"taxable","12":"shipping-taxable","13":"purchasable","14":"product-type-simple"},"bundled_by":[],"bundle_stock_status":"instock","bundle_stock_quantity":1,"bundle_virtual":false,"bundle_layout":"","bundle_add_to_cart_form_location":"","bundle_editable_in_cart":false,"bundle_sold_individually_context":"","bundle_item_grouping":"","bundle_min_size":"","bundle_max_size":"","bundle_price":[],"bundled_items":[],"bundle_sell_ids":[],"exclude_global_add_ons":[],"addons":[],"acf":[],"brands":[{"id":1216,"name":"Unold","slug":"unold-en"}],"_links":{"self":[{"href":"https:\/\/luba.de\/en\/wp-json\/wp\/v2\/product\/8841","targetHints":{"allow":["GET"]}}],"collection":[{"href":"https:\/\/luba.de\/en\/wp-json\/wp\/v2\/product"}],"about":[{"href":"https:\/\/luba.de\/en\/wp-json\/wp\/v2\/types\/product"}],"replies":[{"embeddable":true,"href":"https:\/\/luba.de\/en\/wp-json\/wp\/v2\/comments?post=8841"}],"wp:featuredmedia":[{"embeddable":true,"href":"https:\/\/luba.de\/en\/wp-json\/wp\/v2\/media\/12199"}],"wp:attachment":[{"href":"https:\/\/luba.de\/en\/wp-json\/wp\/v2\/media?parent=8841"}],"wp:term":[{"taxonomy":"pwb-brand","embeddable":true,"href":"https:\/\/luba.de\/en\/wp-json\/wp\/v2\/pwb-brand?post=8841"},{"taxonomy":"product_brand","embeddable":true,"href":"https:\/\/luba.de\/en\/wp-json\/wp\/v2\/product_brand?post=8841"},{"taxonomy":"product_cat","embeddable":true,"href":"https:\/\/luba.de\/en\/wp-json\/wp\/v2\/product_cat?post=8841"},{"taxonomy":"product_tag","embeddable":true,"href":"https:\/\/luba.de\/en\/wp-json\/wp\/v2\/product_tag?post=8841"}],"curies":[{"name":"wp","href":"https:\/\/api.w.org\/{rel}","templated":true}]}}