{"id":8852,"date":"2020-03-14T10:18:23","date_gmt":"2020-03-14T09:18:23","guid":{"rendered":"https:\/\/luba.de\/product\/hawos-handmuehle-molere-buche-multiplex\/"},"modified":"2026-04-21T08:08:44","modified_gmt":"2026-04-21T06:08:44","slug":"hawos-handmuehle-molere-buche-multiplex","status":"publish","type":"product","link":"https:\/\/luba.de\/en\/hawos-handmuehle-molere-buche-multiplex\/","title":{"rendered":"hawos Handm\u00fchle Molere Buche Multiplex"},"content":{"rendered":"<p>hawos Handm\u00fchle Molere, gefertigt aus Buche Multiplex, mit dem bew\u00e4hrten Mahlstein aus Korund\/Keramik sorgt mit jeder Umdrehung f\u00fcr frisches Mehl oder Schrot. Ob f\u00fcr das t\u00e4gliche Frischkornm\u00fcsli, Br\u00f6tchen, Bratlinge oder zum Andicken von So\u00dfen, kurzum \u2013 f\u00fcr alles, wozu man frisches Mehl nutzen kann. Neben sortenreinen Getreidek\u00f6rnern k\u00f6nnen auch verschiedene Getreidearten gemischt und verarbeitet werden. Die praktische Glasschale mit Deckel sowie zwei Tischzwingen f\u00fcr eine Tischplattenst\u00e4rke bis zu 5 cm sind im Lieferumfang enthalten. Ma\u00dfe L\/B\/H ca. 15\/12\/25,5 cm.<\/p>\n","protected":false},"excerpt":{"rendered":"<p>hawos Handm\u00fchle Molere, gefertigt aus Buche Multiplex, mit dem bew\u00e4hrten Mahlstein aus Korund\/Keramik sorgt mit jeder Umdrehung f\u00fcr frisches Mehl oder Schrot. Ob f\u00fcr das t\u00e4gliche Frischkornm\u00fcsli, Br\u00f6tchen, Bratlinge oder zum Andicken von So\u00dfen, kurzum \u2013 f\u00fcr alles, wozu man frisches Mehl nutzen kann. Neben sortenreinen Getreidek\u00f6rnern k\u00f6nnen auch verschiedene Getreidearten gemischt und verarbeitet werden. [&#8230;]\n","protected":false},"featured_media":8853,"comment_status":"closed","ping_status":"closed","template":"","meta":{"_acf_changed":false},"pwb-brand":[1125],"product_brand":[],"product_cat":[913,914],"product_tag":[],"class_list":{"0":"post-8852","1":"product","2":"type-product","3":"status-publish","4":"has-post-thumbnail","6":"pwb-brand-hawos-en","7":"product_cat-manually-operated-grain-mills","8":"product_cat-manually-operated","10":"first","11":"instock","12":"taxable","13":"shipping-taxable","14":"purchasable","15":"product-type-simple"},"bundled_by":[],"bundle_stock_status":"instock","bundle_stock_quantity":100,"bundle_virtual":false,"bundle_layout":"","bundle_add_to_cart_form_location":"","bundle_editable_in_cart":false,"bundle_sold_individually_context":"","bundle_item_grouping":"","bundle_min_size":"","bundle_max_size":"","bundle_price":[],"bundled_items":[],"bundle_sell_ids":[],"exclude_global_add_ons":[],"addons":[],"acf":[],"brands":[{"id":1125,"name":"hawos","slug":"hawos-en"}],"_links":{"self":[{"href":"https:\/\/luba.de\/en\/wp-json\/wp\/v2\/product\/8852","targetHints":{"allow":["GET"]}}],"collection":[{"href":"https:\/\/luba.de\/en\/wp-json\/wp\/v2\/product"}],"about":[{"href":"https:\/\/luba.de\/en\/wp-json\/wp\/v2\/types\/product"}],"replies":[{"embeddable":true,"href":"https:\/\/luba.de\/en\/wp-json\/wp\/v2\/comments?post=8852"}],"wp:featuredmedia":[{"embeddable":true,"href":"https:\/\/luba.de\/en\/wp-json\/wp\/v2\/media\/8853"}],"wp:attachment":[{"href":"https:\/\/luba.de\/en\/wp-json\/wp\/v2\/media?parent=8852"}],"wp:term":[{"taxonomy":"pwb-brand","embeddable":true,"href":"https:\/\/luba.de\/en\/wp-json\/wp\/v2\/pwb-brand?post=8852"},{"taxonomy":"product_brand","embeddable":true,"href":"https:\/\/luba.de\/en\/wp-json\/wp\/v2\/product_brand?post=8852"},{"taxonomy":"product_cat","embeddable":true,"href":"https:\/\/luba.de\/en\/wp-json\/wp\/v2\/product_cat?post=8852"},{"taxonomy":"product_tag","embeddable":true,"href":"https:\/\/luba.de\/en\/wp-json\/wp\/v2\/product_tag?post=8852"}],"curies":[{"name":"wp","href":"https:\/\/api.w.org\/{rel}","templated":true}]}}