{"id":8862,"date":"2020-03-14T10:18:23","date_gmt":"2020-03-14T09:18:23","guid":{"rendered":"https:\/\/luba.de\/product\/jura-claris-filterpatrone-smart\/"},"modified":"2026-03-05T09:54:18","modified_gmt":"2026-03-05T08:54:18","slug":"jura-claris-filterpatrone-smart","status":"publish","type":"product","link":"https:\/\/luba.de\/en\/jura-claris-filterpatrone-smart\/","title":{"rendered":"JURA CLARIS Filterpatrone Smart"},"content":{"rendered":"<p>Erstmals kommuniziert ein Vollautomat dank moderner RFID-Technologie (RFID = Radio-frequency Identification) permanent mit dem Filter. Er erkennt, ob ein Filter eingesetzt ist und aktiviert automatisch den entsprechenden Modus. Laufend sammelt er Informationen zur Filternutzung und meldet, wenn die Kapazit\u00e4t ersch\u00f6pft ist. Dadurch gestaltet sich nicht blo\u00df der Filterwechsel so einfach wie nie, CLARIS Smart kann auch seine Wirksamkeit ideal entfalten.<\/p>\n","protected":false},"excerpt":{"rendered":"<p>Erstmals kommuniziert ein Vollautomat dank moderner RFID-Technologie (RFID = Radio-frequency Identification) permanent mit dem Filter. Er erkennt, ob ein Filter eingesetzt ist und aktiviert automatisch den entsprechenden Modus. Laufend sammelt er Informationen zur Filternutzung und meldet, wenn die Kapazit\u00e4t ersch\u00f6pft ist. Dadurch gestaltet sich nicht blo\u00df der Filterwechsel so einfach wie nie, CLARIS Smart kann [&#8230;]\n","protected":false},"featured_media":8863,"comment_status":"closed","ping_status":"closed","template":"","meta":{"_acf_changed":false},"pwb-brand":[1181],"product_brand":[],"product_cat":[866],"product_tag":[],"class_list":{"0":"post-8862","1":"product","2":"type-product","3":"status-publish","4":"has-post-thumbnail","6":"pwb-brand-jura-en","7":"product_cat-jura-consumables","9":"first","10":"instock","11":"taxable","12":"shipping-taxable","13":"purchasable","14":"product-type-simple"},"bundled_by":[],"bundle_stock_status":"instock","bundle_stock_quantity":23,"bundle_virtual":false,"bundle_layout":"","bundle_add_to_cart_form_location":"","bundle_editable_in_cart":false,"bundle_sold_individually_context":"","bundle_item_grouping":"","bundle_min_size":"","bundle_max_size":"","bundle_price":[],"bundled_items":[],"bundle_sell_ids":[],"exclude_global_add_ons":[],"addons":[],"acf":[],"brands":[{"id":1181,"name":"Jura","slug":"jura-en"}],"_links":{"self":[{"href":"https:\/\/luba.de\/en\/wp-json\/wp\/v2\/product\/8862","targetHints":{"allow":["GET"]}}],"collection":[{"href":"https:\/\/luba.de\/en\/wp-json\/wp\/v2\/product"}],"about":[{"href":"https:\/\/luba.de\/en\/wp-json\/wp\/v2\/types\/product"}],"replies":[{"embeddable":true,"href":"https:\/\/luba.de\/en\/wp-json\/wp\/v2\/comments?post=8862"}],"wp:featuredmedia":[{"embeddable":true,"href":"https:\/\/luba.de\/en\/wp-json\/wp\/v2\/media\/8863"}],"wp:attachment":[{"href":"https:\/\/luba.de\/en\/wp-json\/wp\/v2\/media?parent=8862"}],"wp:term":[{"taxonomy":"pwb-brand","embeddable":true,"href":"https:\/\/luba.de\/en\/wp-json\/wp\/v2\/pwb-brand?post=8862"},{"taxonomy":"product_brand","embeddable":true,"href":"https:\/\/luba.de\/en\/wp-json\/wp\/v2\/product_brand?post=8862"},{"taxonomy":"product_cat","embeddable":true,"href":"https:\/\/luba.de\/en\/wp-json\/wp\/v2\/product_cat?post=8862"},{"taxonomy":"product_tag","embeddable":true,"href":"https:\/\/luba.de\/en\/wp-json\/wp\/v2\/product_tag?post=8862"}],"curies":[{"name":"wp","href":"https:\/\/api.w.org\/{rel}","templated":true}]}}