{"id":8871,"date":"2020-03-14T10:18:23","date_gmt":"2020-03-14T09:18:23","guid":{"rendered":"https:\/\/luba.de\/product\/hawos-routine-die-tretmuehle\/"},"modified":"2026-04-20T12:53:42","modified_gmt":"2026-04-20T10:53:42","slug":"hawos-routine-die-tretmuehle","status":"publish","type":"product","link":"https:\/\/luba.de\/en\/hawos-routine-die-tretmuehle\/","title":{"rendered":"hawos Routine, die Tretm\u00fchle"},"content":{"rendered":"<p>hawos Tretm\u00fchle Routine &#8211; Gesunde Mahlzeiten mit eigener Fitness produzieren!, M\u00fchle auf den Boden stellen, bequemen Stuhl oder Sessel dazu \u2013 und los geht\u2019s. Dabei entspannt Zeitung lesen, am PC arbeiten oder Fernsehen. Stufenlose Einstellung des Mahlgrades von fein bis grob, optimal geeignet f\u00fcr alle trockenen Getreidearten. Die Tretm\u00fchle ist gefertigt aus robustem Buche-Multiplex mit den bew\u00e4hrten hawos-Mahlsteinen aus Korund\/Keramik mit einem \u00d8 von 125 mm. Die Pedale sind in der L\u00e4nge 3-fach verstellbar und treiben durch die 2-fach gelagerte Kurbelwelle eine Industriekette an. Das ist solide Qualit\u00e4t und Haltbarkeit pur.<\/p>\n","protected":false},"excerpt":{"rendered":"<p>hawos Tretm\u00fchle Routine &#8211; Gesunde Mahlzeiten mit eigener Fitness produzieren!, M\u00fchle auf den Boden stellen, bequemen Stuhl oder Sessel dazu \u2013 und los geht\u2019s. Dabei entspannt Zeitung lesen, am PC arbeiten oder Fernsehen. Stufenlose Einstellung des Mahlgrades von fein bis grob, optimal geeignet f\u00fcr alle trockenen Getreidearten. Die Tretm\u00fchle ist gefertigt aus robustem Buche-Multiplex mit [&#8230;]\n","protected":false},"featured_media":15058,"comment_status":"closed","ping_status":"closed","template":"","meta":{"_acf_changed":false},"pwb-brand":[1125],"product_brand":[],"product_cat":[913,914],"product_tag":[986],"class_list":{"0":"post-8871","1":"product","2":"type-product","3":"status-publish","4":"has-post-thumbnail","6":"pwb-brand-hawos-en","7":"product_cat-manually-operated-grain-mills","8":"product_cat-manually-operated","9":"product_tag-getreidemuehle-en","11":"first","12":"outofstock","13":"taxable","14":"shipping-taxable","15":"purchasable","16":"product-type-simple"},"bundled_by":[],"bundle_stock_status":"outofstock","bundle_stock_quantity":0,"bundle_virtual":false,"bundle_layout":"","bundle_add_to_cart_form_location":"","bundle_editable_in_cart":false,"bundle_sold_individually_context":"","bundle_item_grouping":"","bundle_min_size":"","bundle_max_size":"","bundle_price":[],"bundled_items":[],"bundle_sell_ids":[],"exclude_global_add_ons":[],"addons":[],"acf":[],"brands":[{"id":1125,"name":"hawos","slug":"hawos-en"}],"_links":{"self":[{"href":"https:\/\/luba.de\/en\/wp-json\/wp\/v2\/product\/8871","targetHints":{"allow":["GET"]}}],"collection":[{"href":"https:\/\/luba.de\/en\/wp-json\/wp\/v2\/product"}],"about":[{"href":"https:\/\/luba.de\/en\/wp-json\/wp\/v2\/types\/product"}],"replies":[{"embeddable":true,"href":"https:\/\/luba.de\/en\/wp-json\/wp\/v2\/comments?post=8871"}],"wp:featuredmedia":[{"embeddable":true,"href":"https:\/\/luba.de\/en\/wp-json\/wp\/v2\/media\/15058"}],"wp:attachment":[{"href":"https:\/\/luba.de\/en\/wp-json\/wp\/v2\/media?parent=8871"}],"wp:term":[{"taxonomy":"pwb-brand","embeddable":true,"href":"https:\/\/luba.de\/en\/wp-json\/wp\/v2\/pwb-brand?post=8871"},{"taxonomy":"product_brand","embeddable":true,"href":"https:\/\/luba.de\/en\/wp-json\/wp\/v2\/product_brand?post=8871"},{"taxonomy":"product_cat","embeddable":true,"href":"https:\/\/luba.de\/en\/wp-json\/wp\/v2\/product_cat?post=8871"},{"taxonomy":"product_tag","embeddable":true,"href":"https:\/\/luba.de\/en\/wp-json\/wp\/v2\/product_tag?post=8871"}],"curies":[{"name":"wp","href":"https:\/\/api.w.org\/{rel}","templated":true}]}}