{"id":8877,"date":"2020-03-14T10:18:23","date_gmt":"2020-03-14T09:18:23","guid":{"rendered":"https:\/\/luba.de\/product\/yden-oelpresse\/"},"modified":"2026-03-30T09:54:13","modified_gmt":"2026-03-30T07:54:13","slug":"yden-oelpresse","status":"publish","type":"product","link":"https:\/\/luba.de\/en\/yden-oelpresse\/","title":{"rendered":"Yden \u00d6lpresse"},"content":{"rendered":"<h2>Selbst gepresste \u00d6le in Rohkost-Qualit\u00e4t \u2013 Yden elektrische \u00d6lpresse<\/h2>\n<p>Kommerzielle \u00d6len werden manchmal bei Temperaturen von bis zu 300 \u00b0C gepresst. Mit der elektrischen \u00d6lpresse produzieren Sie Ihre nat\u00fcrlichen \u00d6le zu Hause. W\u00e4hlen Sie Ihre Samenart, Mandeln oder N\u00fcsse und bef\u00fcllen Sie den Trichter. Der Kaltpress-Prozess geht schnell und einfach. Genie\u00dfen Sie Ihre frischen \u00d6le in kalten Speisen, Salaten und Saucen.<\/p>\n<p>Mit der elektrischen \u00d6lpresse in sch\u00f6nem Design produzieren Sie zu Hause frische und hocharomatische \u00d6le f\u00fcr den unverf\u00e4lschten, gesunden Genuss. Genie\u00dfen Sie Ihr frisches \u00d6l wie z.B. Lein\u00f6l, Hanf\u00f6l, Chia\u00f6l, Walnuss\u00f6l, Sesam\u00f6l, Sonnenblumen\u00f6l u.v.m.<\/p>\n<p>Die \u00d6lpresse ist leicht zu bedienen und zu reinigen. Bei niedrigen Temperaturen wird das \u00d6l sanft gepresst. Kaltgepresste \u00d6le haben nat\u00fcrliche N\u00e4hrstoffe und gesunde Fette, genie\u00dfen Sie den frischen Geschmack.<\/p>\n<p>Sowohl durch leichte als auch sichere Handhabung zeichnet sich die \u00d6lpresse aus. Die Transportschnecke sowie der Zylinder bestehen aus Edelstahl. Wird der Deckel entfernt, stoppt das Ger\u00e4t automatisch. Der Auffangbeh\u00e4lter hat praktische Inhaltsangaben in Milliliter, somit k\u00f6nnen Sie genau ablesen, wieviel kostbares \u00d6l Sie bereits gepresst haben.<\/p>\n<p>Am besten lagern Sie Ihr \u00d6l k\u00fchl und trocken in luftdichten, get\u00f6nten Gl\u00e4sern. F\u00fcgen Sie z.B. getrocknete Kr\u00e4uter hinzu um aromatisierte \u00d6le zu erhalten. Die Vielfalt ist unendlich. Das formsch\u00f6ne Design passt in jede K\u00fcche und die hochwertige Verarbeitung spricht f\u00fcr sich.<\/p>\n<h3>Technische Daten<\/h3>\n<p><strong>Leistung:<\/strong> 650 Watt<br \/>\n<strong>Ma\u00dfe (B x T x H):<\/strong> 18 x 30 x 35 cm<br \/>\n<strong>Gewicht:<\/strong> 4,8 kg<br \/>\n<strong>Garantie:<\/strong> 2 Jahre<\/p>\n<h3>Lieferumfang:<\/h3>\n<ul>\n<li>Motorblock<\/li>\n<li>Einf\u00fclltrichter mit Deckel<\/li>\n<li>Presswerk aus Edelstahl<\/li>\n<li>Auffangbeh\u00e4lter f\u00fcr den Trester<\/li>\n<li>Auffangbeh\u00e4lter f\u00fcr das \u00d6l<\/li>\n<li>Sieb f\u00fcr den Auffangbeh\u00e4lter<\/li>\n<li>Reinigungsb\u00fcrste<\/li>\n<\/ul>\n","protected":false},"excerpt":{"rendered":"<p>Selbst gepresste \u00d6le in Rohkost-Qualit\u00e4t \u2013 Yden elektrische \u00d6lpresse Kommerzielle \u00d6len werden manchmal bei Temperaturen von bis zu 300 \u00b0C gepresst. Mit der elektrischen \u00d6lpresse produzieren Sie Ihre nat\u00fcrlichen \u00d6le zu Hause. W\u00e4hlen Sie Ihre Samenart, Mandeln oder N\u00fcsse und bef\u00fcllen Sie den Trichter. Der Kaltpress-Prozess geht schnell und einfach. Genie\u00dfen Sie Ihre frischen \u00d6le [&#8230;]\n","protected":false},"featured_media":8878,"comment_status":"closed","ping_status":"closed","template":"","meta":{"_acf_changed":false},"pwb-brand":[1239],"product_brand":[],"product_cat":[1440],"product_tag":[],"class_list":{"0":"post-8877","1":"product","2":"type-product","3":"status-publish","4":"has-post-thumbnail","6":"pwb-brand-yden-en","7":"product_cat-sonstiges-en","9":"first","10":"instock","11":"taxable","12":"shipping-taxable","13":"purchasable","14":"product-type-simple"},"bundled_by":[],"bundle_stock_status":"instock","bundle_stock_quantity":13,"bundle_virtual":false,"bundle_layout":"","bundle_add_to_cart_form_location":"","bundle_editable_in_cart":false,"bundle_sold_individually_context":"","bundle_item_grouping":"","bundle_min_size":"","bundle_max_size":"","bundle_price":[],"bundled_items":[],"bundle_sell_ids":[],"exclude_global_add_ons":[],"addons":[],"acf":[],"brands":[{"id":1239,"name":"Yden","slug":"yden-en"}],"_links":{"self":[{"href":"https:\/\/luba.de\/en\/wp-json\/wp\/v2\/product\/8877","targetHints":{"allow":["GET"]}}],"collection":[{"href":"https:\/\/luba.de\/en\/wp-json\/wp\/v2\/product"}],"about":[{"href":"https:\/\/luba.de\/en\/wp-json\/wp\/v2\/types\/product"}],"replies":[{"embeddable":true,"href":"https:\/\/luba.de\/en\/wp-json\/wp\/v2\/comments?post=8877"}],"wp:featuredmedia":[{"embeddable":true,"href":"https:\/\/luba.de\/en\/wp-json\/wp\/v2\/media\/8878"}],"wp:attachment":[{"href":"https:\/\/luba.de\/en\/wp-json\/wp\/v2\/media?parent=8877"}],"wp:term":[{"taxonomy":"pwb-brand","embeddable":true,"href":"https:\/\/luba.de\/en\/wp-json\/wp\/v2\/pwb-brand?post=8877"},{"taxonomy":"product_brand","embeddable":true,"href":"https:\/\/luba.de\/en\/wp-json\/wp\/v2\/product_brand?post=8877"},{"taxonomy":"product_cat","embeddable":true,"href":"https:\/\/luba.de\/en\/wp-json\/wp\/v2\/product_cat?post=8877"},{"taxonomy":"product_tag","embeddable":true,"href":"https:\/\/luba.de\/en\/wp-json\/wp\/v2\/product_tag?post=8877"}],"curies":[{"name":"wp","href":"https:\/\/api.w.org\/{rel}","templated":true}]}}