{"id":8879,"date":"2020-03-14T10:18:23","date_gmt":"2020-03-14T09:18:23","guid":{"rendered":"https:\/\/luba.de\/product\/breadcake-xl-backplatte-eckig\/"},"modified":"2026-03-30T08:39:46","modified_gmt":"2026-03-30T06:39:46","slug":"breadcake-xl-backplatte-eckig","status":"publish","type":"product","link":"https:\/\/luba.de\/en\/breadcake-xl-backplatte-eckig\/","title":{"rendered":"Bread&#038;Cake XL Backplatte &#8211; eckig"},"content":{"rendered":"<p>Die Bread &#038; Cake Backplatte XL f\u00fcr Rezepte bis zu 1.500 g Mehl. Hergestellt aus hitzebest\u00e4ndiger CeraFlam\u00ae Keramik, die Farbe changiert in nat\u00fcrlichen Braunt\u00f6nen. Die umlaufende Backrinne wird mit Wasser gef\u00fcllt. Durch die gleichm\u00e4\u00dfige Verdunstung w\u00e4hrend des Backens bildet sich ein Feuchtigkeitsschirm direkt um das Backgut. Dadurch kann sich eine wunderbare Kruste aufbauen, die den Geschmack des Brotes ma\u00dfgeblich beeinflusst. Auch bei Kuchen oder Pizza sorgt die gezielte Feuchtigkeit in Verbindung mit der w\u00e4rmespeichernden Keramik f\u00fcr beste Backergebnisse, fast wie in einem echten Holzbackofen. Bread&#038;Cake XL ist ausgelegt f\u00fcr Rezepte mit bis zu 1.500 g Mehl. CeraFlam\u00ae ist lebensmittelecht, muss beim Backen nicht eingefettet werden, ist einfach zu reinigen und sp\u00fclmaschinenfest. Lieferumfang:  Backplatte Bread&#038;Cake XL, Rezeptheft mit Rezepten, im Geschenkbeutel verpackt. Made in Germany, Ma\u00dfe: LxBxH 38 x 28,5 x 4 cm<\/p>\n","protected":false},"excerpt":{"rendered":"<p>Die Bread &#038; Cake Backplatte XL f\u00fcr Rezepte bis zu 1.500 g Mehl. Hergestellt aus hitzebest\u00e4ndiger CeraFlam\u00ae Keramik, die Farbe changiert in nat\u00fcrlichen Braunt\u00f6nen. Die umlaufende Backrinne wird mit Wasser gef\u00fcllt. Durch die gleichm\u00e4\u00dfige Verdunstung w\u00e4hrend des Backens bildet sich ein Feuchtigkeitsschirm direkt um das Backgut. Dadurch kann sich eine wunderbare Kruste aufbauen, die den [&#8230;]\n","protected":false},"featured_media":8880,"comment_status":"closed","ping_status":"closed","template":"","meta":{"_acf_changed":false},"pwb-brand":[1213],"product_brand":[],"product_cat":[985],"product_tag":[],"class_list":{"0":"post-8879","1":"product","2":"type-product","3":"status-publish","4":"has-post-thumbnail","6":"pwb-brand-denk-en","7":"product_cat-baking-trays-stones","9":"first","10":"instock","11":"taxable","12":"shipping-taxable","13":"purchasable","14":"product-type-simple"},"bundled_by":[],"bundle_stock_status":"instock","bundle_stock_quantity":100,"bundle_virtual":false,"bundle_layout":"","bundle_add_to_cart_form_location":"","bundle_editable_in_cart":false,"bundle_sold_individually_context":"","bundle_item_grouping":"","bundle_min_size":"","bundle_max_size":"","bundle_price":[],"bundled_items":[],"bundle_sell_ids":[],"exclude_global_add_ons":[],"addons":[],"acf":[],"brands":[{"id":1213,"name":"Denk","slug":"denk-en"}],"_links":{"self":[{"href":"https:\/\/luba.de\/en\/wp-json\/wp\/v2\/product\/8879","targetHints":{"allow":["GET"]}}],"collection":[{"href":"https:\/\/luba.de\/en\/wp-json\/wp\/v2\/product"}],"about":[{"href":"https:\/\/luba.de\/en\/wp-json\/wp\/v2\/types\/product"}],"replies":[{"embeddable":true,"href":"https:\/\/luba.de\/en\/wp-json\/wp\/v2\/comments?post=8879"}],"wp:featuredmedia":[{"embeddable":true,"href":"https:\/\/luba.de\/en\/wp-json\/wp\/v2\/media\/8880"}],"wp:attachment":[{"href":"https:\/\/luba.de\/en\/wp-json\/wp\/v2\/media?parent=8879"}],"wp:term":[{"taxonomy":"pwb-brand","embeddable":true,"href":"https:\/\/luba.de\/en\/wp-json\/wp\/v2\/pwb-brand?post=8879"},{"taxonomy":"product_brand","embeddable":true,"href":"https:\/\/luba.de\/en\/wp-json\/wp\/v2\/product_brand?post=8879"},{"taxonomy":"product_cat","embeddable":true,"href":"https:\/\/luba.de\/en\/wp-json\/wp\/v2\/product_cat?post=8879"},{"taxonomy":"product_tag","embeddable":true,"href":"https:\/\/luba.de\/en\/wp-json\/wp\/v2\/product_tag?post=8879"}],"curies":[{"name":"wp","href":"https:\/\/api.w.org\/{rel}","templated":true}]}}