{"id":8892,"date":"2020-03-14T10:17:53","date_gmt":"2020-03-14T09:17:53","guid":{"rendered":"https:\/\/luba.de\/product\/blendtec-fourside-jar-2-liter\/"},"modified":"2026-04-16T11:39:02","modified_gmt":"2026-04-16T09:39:02","slug":"blendtec-fourside-jar-2-liter","status":"publish","type":"product","link":"https:\/\/luba.de\/en\/blendtec-fourside-jar-2-liter\/","title":{"rendered":"Blendtec FourSide Jar 2 Liter"},"content":{"rendered":"<h2>Blendtec FourSide Jar Beh\u00e4lter<\/h2>\n<p>Der &#8220;Vierseiten&#8221; Beh\u00e4lter nutzt die volle Leistung des Blendtec Mixers. Die stumpfe Sicherheitsklinge ist 10 Mal st\u00e4rker und 80 % dicker als herk\u00f6mmliche Klingen, wodurch Obst und Gem\u00fcse nicht zerschnitten sondern zerschlagen werden. Der Beh\u00e4lter ist aus schlagfestem, BPA-freien Copolyester und passt auf alle Blendtec Haushalts-Mixer. Die quadratische Form des Vierseiten-Beh\u00e4lters eignet sich besser als traditionelle runde Gl\u00e4ser und ist ideal f\u00fcr Smoothies, Eis, Suppen, Dips und So\u00dfen. Durch die Form des Gef\u00e4\u00dfes wird mehr Reibung zur Erw\u00e4rmung von Suppen und mixen von hei\u00dfen Getr\u00e4nken erzeugt. Geeignet auch zum Zerkleinern von Getreide oder Kaffeebohnen. Inhalt 2 l, f\u00fcr fl\u00fcssiges Mixgut bis 1 l<\/p>\n","protected":false},"excerpt":{"rendered":"<p>Blendtec FourSide Jar Beh\u00e4lter Der &#8220;Vierseiten&#8221; Beh\u00e4lter nutzt die volle Leistung des Blendtec Mixers. Die stumpfe Sicherheitsklinge ist 10 Mal st\u00e4rker und 80 % dicker als herk\u00f6mmliche Klingen, wodurch Obst und Gem\u00fcse nicht zerschnitten sondern zerschlagen werden. Der Beh\u00e4lter ist aus schlagfestem, BPA-freien Copolyester und passt auf alle Blendtec Haushalts-Mixer. Die quadratische Form des Vierseiten-Beh\u00e4lters [&#8230;]\n","protected":false},"featured_media":19239,"comment_status":"closed","ping_status":"closed","template":"","meta":{"_acf_changed":false},"pwb-brand":[1233],"product_brand":[],"product_cat":[1387],"product_tag":[],"class_list":{"0":"post-8892","1":"product","2":"type-product","3":"status-publish","4":"has-post-thumbnail","6":"pwb-brand-blendtec-en","7":"product_cat-blendtec-en","9":"first","10":"outofstock","11":"sale","12":"taxable","13":"shipping-taxable","14":"purchasable","15":"product-type-simple"},"bundled_by":[],"bundle_stock_status":"outofstock","bundle_stock_quantity":-20,"bundle_virtual":false,"bundle_layout":"","bundle_add_to_cart_form_location":"","bundle_editable_in_cart":false,"bundle_sold_individually_context":"","bundle_item_grouping":"","bundle_min_size":"","bundle_max_size":"","bundle_price":[],"bundled_items":[],"bundle_sell_ids":[],"exclude_global_add_ons":[],"addons":[],"acf":[],"brands":[{"id":1233,"name":"Blendtec","slug":"blendtec-en"}],"_links":{"self":[{"href":"https:\/\/luba.de\/en\/wp-json\/wp\/v2\/product\/8892","targetHints":{"allow":["GET"]}}],"collection":[{"href":"https:\/\/luba.de\/en\/wp-json\/wp\/v2\/product"}],"about":[{"href":"https:\/\/luba.de\/en\/wp-json\/wp\/v2\/types\/product"}],"replies":[{"embeddable":true,"href":"https:\/\/luba.de\/en\/wp-json\/wp\/v2\/comments?post=8892"}],"wp:featuredmedia":[{"embeddable":true,"href":"https:\/\/luba.de\/en\/wp-json\/wp\/v2\/media\/19239"}],"wp:attachment":[{"href":"https:\/\/luba.de\/en\/wp-json\/wp\/v2\/media?parent=8892"}],"wp:term":[{"taxonomy":"pwb-brand","embeddable":true,"href":"https:\/\/luba.de\/en\/wp-json\/wp\/v2\/pwb-brand?post=8892"},{"taxonomy":"product_brand","embeddable":true,"href":"https:\/\/luba.de\/en\/wp-json\/wp\/v2\/product_brand?post=8892"},{"taxonomy":"product_cat","embeddable":true,"href":"https:\/\/luba.de\/en\/wp-json\/wp\/v2\/product_cat?post=8892"},{"taxonomy":"product_tag","embeddable":true,"href":"https:\/\/luba.de\/en\/wp-json\/wp\/v2\/product_tag?post=8892"}],"curies":[{"name":"wp","href":"https:\/\/api.w.org\/{rel}","templated":true}]}}