{"id":8896,"date":"2020-03-14T10:17:53","date_gmt":"2020-03-14T09:17:53","guid":{"rendered":"https:\/\/luba.de\/product\/blendtec-twister-jar-1-liter\/"},"modified":"2026-04-20T09:54:51","modified_gmt":"2026-04-20T07:54:51","slug":"blendtec-twister-jar-1-liter","status":"publish","type":"product","link":"https:\/\/luba.de\/en\/blendtec-twister-jar-1-liter\/","title":{"rendered":"Blendtec Twister Jar 1 Liter"},"content":{"rendered":"<p>Durch den zus\u00e4tzlichen patentierten Drehdeckel mit zwei Fl\u00fcgeln ist der Twister Jar ideal zum Zerkleinern von trockenen Gew\u00fcrzen, Getreide und Kaffeebohnen, P\u00fcrieren von festen und dickfl\u00fcssigen Produkten wie Nussmus, Babynahrung, Pesto, Speiseeis, Shakes, Dressings und mehr in Profi-Qualit\u00e4t. Die stumpfe Sicherheitsklinge ist 10 Mal st\u00e4rker und 80 % dicker als herk\u00f6mmliche Klingen. Der Mixbecher ist aus schlagfestem, BPA-freiem Copolyester mit deutlich lesbaren Markierungen in ml, oz, cup, ideal auch f\u00fcr internationale Rezepte, und passt auf alle Blendtec Haushalts-Mixer. Durch die Fl\u00fcgel des patentierten Drehdeckels wird das Mixgut vom Rande des Bechers wieder in die Mitte geleitet. Mit dem extra f\u00fcr den Twister Jar entworfenen Spectacula\u2122 Spatel kommen Sie in jede Ecke des Beh\u00e4lters und haben keinerlei Verlust an k\u00f6stlich zubereiteten Speisen und Getr\u00e4nken. Inhalt 1,0 l, f\u00fcr fl\u00fcssiges Mixgut bis 0,5 l<\/p>\n","protected":false},"excerpt":{"rendered":"<p>Durch den zus\u00e4tzlichen patentierten Drehdeckel mit zwei Fl\u00fcgeln ist der Twister Jar ideal zum Zerkleinern von trockenen Gew\u00fcrzen, Getreide und Kaffeebohnen, P\u00fcrieren von festen und dickfl\u00fcssigen Produkten wie Nussmus, Babynahrung, Pesto, Speiseeis, Shakes, Dressings und mehr in Profi-Qualit\u00e4t. Die stumpfe Sicherheitsklinge ist 10 Mal st\u00e4rker und 80 % dicker als herk\u00f6mmliche Klingen. Der Mixbecher ist [&#8230;]\n","protected":false},"featured_media":8897,"comment_status":"closed","ping_status":"closed","template":"","meta":{"_acf_changed":false},"pwb-brand":[1233],"product_brand":[],"product_cat":[1387],"product_tag":[],"class_list":{"0":"post-8896","1":"product","2":"type-product","3":"status-publish","4":"has-post-thumbnail","6":"pwb-brand-blendtec-en","7":"product_cat-blendtec-en","9":"first","10":"instock","11":"sale","12":"taxable","13":"shipping-taxable","14":"purchasable","15":"product-type-simple"},"bundled_by":[],"bundle_stock_status":"instock","bundle_stock_quantity":100,"bundle_virtual":false,"bundle_layout":"","bundle_add_to_cart_form_location":"","bundle_editable_in_cart":false,"bundle_sold_individually_context":"","bundle_item_grouping":"","bundle_min_size":"","bundle_max_size":"","bundle_price":[],"bundled_items":[],"bundle_sell_ids":[],"exclude_global_add_ons":[],"addons":[],"acf":[],"brands":[{"id":1233,"name":"Blendtec","slug":"blendtec-en"}],"_links":{"self":[{"href":"https:\/\/luba.de\/en\/wp-json\/wp\/v2\/product\/8896","targetHints":{"allow":["GET"]}}],"collection":[{"href":"https:\/\/luba.de\/en\/wp-json\/wp\/v2\/product"}],"about":[{"href":"https:\/\/luba.de\/en\/wp-json\/wp\/v2\/types\/product"}],"replies":[{"embeddable":true,"href":"https:\/\/luba.de\/en\/wp-json\/wp\/v2\/comments?post=8896"}],"wp:featuredmedia":[{"embeddable":true,"href":"https:\/\/luba.de\/en\/wp-json\/wp\/v2\/media\/8897"}],"wp:attachment":[{"href":"https:\/\/luba.de\/en\/wp-json\/wp\/v2\/media?parent=8896"}],"wp:term":[{"taxonomy":"pwb-brand","embeddable":true,"href":"https:\/\/luba.de\/en\/wp-json\/wp\/v2\/pwb-brand?post=8896"},{"taxonomy":"product_brand","embeddable":true,"href":"https:\/\/luba.de\/en\/wp-json\/wp\/v2\/product_brand?post=8896"},{"taxonomy":"product_cat","embeddable":true,"href":"https:\/\/luba.de\/en\/wp-json\/wp\/v2\/product_cat?post=8896"},{"taxonomy":"product_tag","embeddable":true,"href":"https:\/\/luba.de\/en\/wp-json\/wp\/v2\/product_tag?post=8896"}],"curies":[{"name":"wp","href":"https:\/\/api.w.org\/{rel}","templated":true}]}}