{"id":8898,"date":"2020-03-14T10:17:53","date_gmt":"2020-03-14T09:17:53","guid":{"rendered":"https:\/\/luba.de\/product\/blendtec-mini-wildside-jar-1-3-liter\/"},"modified":"2026-03-16T13:39:02","modified_gmt":"2026-03-16T12:39:02","slug":"blendtec-mini-wildside-jar-1-3-liter","status":"publish","type":"product","link":"https:\/\/luba.de\/en\/blendtec-mini-wildside-jar-1-3-liter\/","title":{"rendered":"Blendtec Mini Wildside Jar 1, 3 Liter"},"content":{"rendered":"<p>Die extraweite Form des &#8220;Mini WildSide Jar&#8221; kombiniert mit einer schmalen f\u00fcnften Seite sorgt f\u00fcr eine maximale Mischleistung, auch bei kleinen Mengen oder gefrorenen Zutaten. Die stumpfe Sicherheitsklinge ist dicker und st\u00e4rker als andere Klingen. Der Beh\u00e4lter ist aus schlagfestem, BPA-freiem Copolyester und passt auf alle Blendtec Haushalts-Mixer. Der Mini Wildside ist ideal f\u00fcr: kleinere Mischungen an Gew\u00fcrzen, Kr\u00e4utern, Kaffeebohnen, Pesto und Dips. Der Beh\u00e4lter hat zwei vertikale Rippen an den Innenw\u00e4nden, um das Mischmuster noch weiter zu verbessern und zu beschleunigen.<\/p>\n","protected":false},"excerpt":{"rendered":"<p>Die extraweite Form des &#8220;Mini WildSide Jar&#8221; kombiniert mit einer schmalen f\u00fcnften Seite sorgt f\u00fcr eine maximale Mischleistung, auch bei kleinen Mengen oder gefrorenen Zutaten. Die stumpfe Sicherheitsklinge ist dicker und st\u00e4rker als andere Klingen. Der Beh\u00e4lter ist aus schlagfestem, BPA-freiem Copolyester und passt auf alle Blendtec Haushalts-Mixer. Der Mini Wildside ist ideal f\u00fcr: kleinere [&#8230;]\n","protected":false},"featured_media":10926,"comment_status":"closed","ping_status":"closed","template":"","meta":{"_acf_changed":false},"pwb-brand":[1233],"product_brand":[],"product_cat":[1387],"product_tag":[],"class_list":{"0":"post-8898","1":"product","2":"type-product","3":"status-publish","4":"has-post-thumbnail","6":"pwb-brand-blendtec-en","7":"product_cat-blendtec-en","9":"first","10":"outofstock","11":"sale","12":"taxable","13":"shipping-taxable","14":"purchasable","15":"product-type-simple"},"bundled_by":[],"bundle_stock_status":"outofstock","bundle_stock_quantity":-1,"bundle_virtual":false,"bundle_layout":"","bundle_add_to_cart_form_location":"","bundle_editable_in_cart":false,"bundle_sold_individually_context":"","bundle_item_grouping":"","bundle_min_size":"","bundle_max_size":"","bundle_price":[],"bundled_items":[],"bundle_sell_ids":[],"exclude_global_add_ons":[],"addons":[],"acf":[],"brands":[{"id":1233,"name":"Blendtec","slug":"blendtec-en"}],"_links":{"self":[{"href":"https:\/\/luba.de\/en\/wp-json\/wp\/v2\/product\/8898","targetHints":{"allow":["GET"]}}],"collection":[{"href":"https:\/\/luba.de\/en\/wp-json\/wp\/v2\/product"}],"about":[{"href":"https:\/\/luba.de\/en\/wp-json\/wp\/v2\/types\/product"}],"replies":[{"embeddable":true,"href":"https:\/\/luba.de\/en\/wp-json\/wp\/v2\/comments?post=8898"}],"wp:featuredmedia":[{"embeddable":true,"href":"https:\/\/luba.de\/en\/wp-json\/wp\/v2\/media\/10926"}],"wp:attachment":[{"href":"https:\/\/luba.de\/en\/wp-json\/wp\/v2\/media?parent=8898"}],"wp:term":[{"taxonomy":"pwb-brand","embeddable":true,"href":"https:\/\/luba.de\/en\/wp-json\/wp\/v2\/pwb-brand?post=8898"},{"taxonomy":"product_brand","embeddable":true,"href":"https:\/\/luba.de\/en\/wp-json\/wp\/v2\/product_brand?post=8898"},{"taxonomy":"product_cat","embeddable":true,"href":"https:\/\/luba.de\/en\/wp-json\/wp\/v2\/product_cat?post=8898"},{"taxonomy":"product_tag","embeddable":true,"href":"https:\/\/luba.de\/en\/wp-json\/wp\/v2\/product_tag?post=8898"}],"curies":[{"name":"wp","href":"https:\/\/api.w.org\/{rel}","templated":true}]}}