{"id":8914,"date":"2020-03-14T10:17:53","date_gmt":"2020-03-14T09:17:53","guid":{"rendered":"https:\/\/luba.de\/product\/dejelin-bio-auffangbehaelter-fuer-kochfluessigkeit\/"},"modified":"2025-07-15T12:23:45","modified_gmt":"2025-07-15T10:23:45","slug":"dejelin-bio-auffangbehaelter-fuer-kochfluessigkeit","status":"publish","type":"product","link":"https:\/\/luba.de\/en\/dejelin-bio-auffangbehaelter-fuer-kochfluessigkeit\/","title":{"rendered":"Dejelin BIO-Auffangbeh\u00e4lter f\u00fcr Kochfl\u00fcssigkeit"},"content":{"rendered":"<p>Tiefe Kochschale, an drei Seiten gelocht. Durch die L\u00f6cher kann der Dampf nach oben entweichen und die Kochfl\u00fcssigkeit bleibt in der Schale, Der beim Kochvorgang entstehende Auszug aus Obst, Gem\u00fcse oder Fleisch kann abgegossen und Suppen oder Fonds verfeinern.<\/p>\n","protected":false},"excerpt":{"rendered":"<p>Tiefe Kochschale, an drei Seiten gelocht. Durch die L\u00f6cher kann der Dampf nach oben entweichen und die Kochfl\u00fcssigkeit bleibt in der Schale, Der beim Kochvorgang entstehende Auszug aus Obst, Gem\u00fcse oder Fleisch kann abgegossen und Suppen oder Fonds verfeinern.<\/p>\n","protected":false},"featured_media":8915,"comment_status":"closed","ping_status":"closed","template":"","meta":{"_acf_changed":false},"pwb-brand":[1238],"product_brand":[],"product_cat":[1456],"product_tag":[],"class_list":{"0":"post-8914","1":"product","2":"type-product","3":"status-publish","4":"has-post-thumbnail","6":"pwb-brand-dejelin-en","7":"product_cat-dejelin-en","9":"first","10":"outofstock","11":"taxable","12":"shipping-taxable","13":"purchasable","14":"product-type-simple"},"bundled_by":[],"bundle_stock_status":"outofstock","bundle_stock_quantity":0,"bundle_virtual":false,"bundle_layout":"","bundle_add_to_cart_form_location":"","bundle_editable_in_cart":false,"bundle_sold_individually_context":"","bundle_item_grouping":"","bundle_min_size":"","bundle_max_size":"","bundle_price":[],"bundled_items":[],"bundle_sell_ids":[],"exclude_global_add_ons":[],"addons":[],"acf":[],"brands":[{"id":1238,"name":"Dejelin","slug":"dejelin-en"}],"_links":{"self":[{"href":"https:\/\/luba.de\/en\/wp-json\/wp\/v2\/product\/8914","targetHints":{"allow":["GET"]}}],"collection":[{"href":"https:\/\/luba.de\/en\/wp-json\/wp\/v2\/product"}],"about":[{"href":"https:\/\/luba.de\/en\/wp-json\/wp\/v2\/types\/product"}],"replies":[{"embeddable":true,"href":"https:\/\/luba.de\/en\/wp-json\/wp\/v2\/comments?post=8914"}],"wp:featuredmedia":[{"embeddable":true,"href":"https:\/\/luba.de\/en\/wp-json\/wp\/v2\/media\/8915"}],"wp:attachment":[{"href":"https:\/\/luba.de\/en\/wp-json\/wp\/v2\/media?parent=8914"}],"wp:term":[{"taxonomy":"pwb-brand","embeddable":true,"href":"https:\/\/luba.de\/en\/wp-json\/wp\/v2\/pwb-brand?post=8914"},{"taxonomy":"product_brand","embeddable":true,"href":"https:\/\/luba.de\/en\/wp-json\/wp\/v2\/product_brand?post=8914"},{"taxonomy":"product_cat","embeddable":true,"href":"https:\/\/luba.de\/en\/wp-json\/wp\/v2\/product_cat?post=8914"},{"taxonomy":"product_tag","embeddable":true,"href":"https:\/\/luba.de\/en\/wp-json\/wp\/v2\/product_tag?post=8914"}],"curies":[{"name":"wp","href":"https:\/\/api.w.org\/{rel}","templated":true}]}}