{"id":8928,"date":"2020-03-14T10:17:35","date_gmt":"2020-03-14T09:17:35","guid":{"rendered":"https:\/\/luba.de\/product\/blendtec-classic-575-schwarz\/"},"modified":"2026-04-07T08:39:12","modified_gmt":"2026-04-07T06:39:12","slug":"blendtec-classic-575-schwarz","status":"publish","type":"product","link":"https:\/\/luba.de\/en\/blendtec-classic-575-schwarz\/","title":{"rendered":"Blendtec Classic 575 Schwarz"},"content":{"rendered":"<h2>DAS ULTIMATIVE ALL-IN-ONE GER\u00c4T!<\/h2>\n<p>Kommerzielle Power und unglaubliche Vielseitigkeit vereinen sich zum <strong>Blendtec Classic 575<\/strong>, dem ultimativen All-in-One-Ger\u00e4t. Vorprogrammierte Zyklen machen es einfacher denn je, Smoothies, Salsas, hei\u00dfe Suppen und mehr zu kreieren.<\/p>\n<h3>BESONDERHEITEN:<\/h3>\n<ul>\n<li>3,0 PS Maximalleistung<\/li>\n<li>Einfach zu bedienende und reinigende Druckkn\u00f6pfe<\/li>\n<li>4 vorprogrammierte Mix-Abl\u00e4ufe: Smoothie, Reinigung sowie 60- und 90- Sekunden lange Abl\u00e4ufe<\/li>\n<li>5 Ausw\u00e4hlbare Geschwindigkeitsstufen + Pulse Funktion<\/li>\n<li>Beleuchtetes LCD-Display zeigt die Restlaufzeit des Vorgangs an<\/li>\n<li>H\u00f6he x Breite x Tiefe: 38,1 x 17,8 cm x 20,3 cm<\/li>\n<li>1560 Watt,\u00a0230 V.<\/li>\n<li>2 Jahre Garantie<\/li>\n<\/ul>\n<h3>VERPACKUNGSINHALT<\/h3>\n<ul>\n<li>Classic 575 Motorbasis<\/li>\n<li>FourSide Beh\u00e4lter (BPA Frei) mit ventiliertem Deckel<\/li>\n<li>Schnellstart-Anleitung sowie Rezepte<\/li>\n<\/ul>\n<h3>VORPROGRAMMIERTE MIX-ABL\u00c4UFE<\/h3>\n<p>Machen Sie Ihre Lieblings-Smoothies und Cocktails zu Hause! Der Blendtec Classic 575 hat ein integriertes Smoothie-Programm f\u00fcr perfekt geschmeidige Smoothies. Das Reinigungsprogramm nimmt Ihnen danach die Arbeit ab.\u00a0Einfach Wasser und ein Tropfen Sp\u00fclmittel in den Beh\u00e4lter geben, auf Reinigen dr\u00fccken &#8211; fertig.<\/p>\n<h3>ZEITGESTEUERTE ABL\u00c4UFE<\/h3>\n<p>Der Blendtec Classic 575 bietet Ihnen ein 60 sowie 90 Sekunden zeitgesteuertes Programm. Ihr Blender bereitet eine breite Palette an Rezepten zu, wie z.B. Suppe, Brotteig und Eis, w\u00e4hrend Sie sich anderen Dingen widmen k\u00f6nnen.<\/p>\n<h3>F\u00dcNF GESCHWINDIGKEITSSTUFEN + PULSE FUNKTION<\/h3>\n<p>Der Classic 575 bietet f\u00fcnf Geschwindigkeitsstufen. Jede Stufe l\u00e4uft f\u00fcr 50 Sekunden, bevor automatisch abgeschaltet wird. Sie k\u00f6nnen zwischen den Geschwindigkeitsstufen wechseln um perfekt auf die Mixtur abzustimmen, oder auf Pulse dr\u00fccken, um die Geschwindigkeit kurzzeitig zu erh\u00f6hen.<\/p>\n","protected":false},"excerpt":{"rendered":"<p>DAS ULTIMATIVE ALL-IN-ONE GER\u00c4T! Kommerzielle Power und unglaubliche Vielseitigkeit vereinen sich zum Blendtec Classic 575, dem ultimativen All-in-One-Ger\u00e4t. Vorprogrammierte Zyklen machen es einfacher denn je, Smoothies, Salsas, hei\u00dfe Suppen und mehr zu kreieren. BESONDERHEITEN: 3,0 PS Maximalleistung Einfach zu bedienende und reinigende Druckkn\u00f6pfe 4 vorprogrammierte Mix-Abl\u00e4ufe: Smoothie, Reinigung sowie 60- und 90- Sekunden lange Abl\u00e4ufe [&#8230;]\n","protected":false},"featured_media":12511,"comment_status":"closed","ping_status":"closed","template":"","meta":{"_acf_changed":false},"pwb-brand":[1233],"product_brand":[],"product_cat":[1387],"product_tag":[],"class_list":{"0":"post-8928","1":"product","2":"type-product","3":"status-publish","4":"has-post-thumbnail","6":"pwb-brand-blendtec-en","7":"product_cat-blendtec-en","9":"first","10":"instock","11":"sale","12":"taxable","13":"shipping-taxable","14":"purchasable","15":"product-type-simple"},"bundled_by":[],"bundle_stock_status":"instock","bundle_stock_quantity":100,"bundle_virtual":false,"bundle_layout":"","bundle_add_to_cart_form_location":"","bundle_editable_in_cart":false,"bundle_sold_individually_context":"","bundle_item_grouping":"","bundle_min_size":"","bundle_max_size":"","bundle_price":[],"bundled_items":[],"bundle_sell_ids":[],"exclude_global_add_ons":[],"addons":[],"acf":[],"brands":[{"id":1233,"name":"Blendtec","slug":"blendtec-en"}],"_links":{"self":[{"href":"https:\/\/luba.de\/en\/wp-json\/wp\/v2\/product\/8928","targetHints":{"allow":["GET"]}}],"collection":[{"href":"https:\/\/luba.de\/en\/wp-json\/wp\/v2\/product"}],"about":[{"href":"https:\/\/luba.de\/en\/wp-json\/wp\/v2\/types\/product"}],"replies":[{"embeddable":true,"href":"https:\/\/luba.de\/en\/wp-json\/wp\/v2\/comments?post=8928"}],"wp:featuredmedia":[{"embeddable":true,"href":"https:\/\/luba.de\/en\/wp-json\/wp\/v2\/media\/12511"}],"wp:attachment":[{"href":"https:\/\/luba.de\/en\/wp-json\/wp\/v2\/media?parent=8928"}],"wp:term":[{"taxonomy":"pwb-brand","embeddable":true,"href":"https:\/\/luba.de\/en\/wp-json\/wp\/v2\/pwb-brand?post=8928"},{"taxonomy":"product_brand","embeddable":true,"href":"https:\/\/luba.de\/en\/wp-json\/wp\/v2\/product_brand?post=8928"},{"taxonomy":"product_cat","embeddable":true,"href":"https:\/\/luba.de\/en\/wp-json\/wp\/v2\/product_cat?post=8928"},{"taxonomy":"product_tag","embeddable":true,"href":"https:\/\/luba.de\/en\/wp-json\/wp\/v2\/product_tag?post=8928"}],"curies":[{"name":"wp","href":"https:\/\/api.w.org\/{rel}","templated":true}]}}