{"id":8939,"date":"2020-03-14T10:17:35","date_gmt":"2020-03-14T09:17:35","guid":{"rendered":"https:\/\/luba.de\/product\/blendtec-professional-800-schwarz\/"},"modified":"2025-07-10T11:33:58","modified_gmt":"2025-07-10T09:33:58","slug":"blendtec-professional-800-inkl-wildside-jar","status":"publish","type":"product","link":"https:\/\/luba.de\/en\/blendtec-professional-800-inkl-wildside-jar\/","title":{"rendered":"Blendtec Professional 800 inkl. WildSide+ Jar"},"content":{"rendered":"<h2>Blendtec Pro 800 Standmixer: Der wohl leiseste Blender f\u00fcr den Haushalt.<\/h2>\n<p>Der Blendtec Pro 800 mit 3,8 PS Maximalleistung ist dank\u00a0Blendtec Stealth Technology\u00a0weltweit der leiseste Hochleistungsmixer seiner Klasse. \u00a0Unsere bekannten und bew\u00e4hrten Schallschutzhauben im gewerblichen Bereich wurden nochmals f\u00fcr den Hausgebrauch weiterentwickelt um noch leiser zu sein &#8211; und all das in einer eleganten Optik kombiniert mit modernster Technik. Problemlos k\u00f6nnen Sie sich unterhalten w\u00e4hrend der Pro 800 mit voller Leistung f\u00fcr Sie arbeitet und perfekte Kreationen herstellt.<\/p>\n<h3>Beleuchtete Touch-Bedienoberfl\u00e4che<\/h3>\n<p>Ein intuitives Touchscreen mit einfach abzulesenden Elementen macht den Professional 800 vielseitig und besonders leicht zu bedienen. Angezeigt werden die Programme, Geschwindigkeitsregler sowie Restlaufzeit. Die absolut glatte Oberfl\u00e4che ist mit einem Wisch gereinigt.<\/p>\n<div class=\"row\"  id=\"row-1390406178\">\n\n\t<div id=\"col-7845750\" class=\"col medium-5 small-12 large-5\"  >\n\t\t\t\t<div class=\"col-inner\"  >\n\t\t\t\n\t\t\t\n\t<div class=\"img has-hover x md-x lg-x y md-y lg-y\" id=\"image_764297375\">\n\t\t\t\t\t\t\t\t<div class=\"img-inner dark\" >\n\t\t\t<img decoding=\"async\" width=\"494\" height=\"224\" src=\"https:\/\/luba.de\/wp-content\/uploads\/2022\/10\/Professional-800-display.jpg\" class=\"attachment-large size-large\" alt=\"\" title=\"\">\t\t\t\t\t\t\n\t\t\t\t\t<\/div>\n\t\t\t\t\t\t\t\t\n<style>\n#image_764297375 {\n  width: 100%;\n}\n<\/style>\n\t<\/div>\n\t\n\t\t<\/div>\n\t\t\t\t\t<\/div>\n\n\t\n<\/div>\n<h3>11 Geschwindigkeitsstufen Touchschieberegler + Pulse<\/h3>\n<p>Design trifft Technologie, unser Touchpad strahlt einen gewissen Luxus aus. Streichen Sie einfach mit dem Finger auf dem Schieber nach rechts, um die Geschwindigkeit zu erh\u00f6hen, oder nach links, um sie zu verringern. Nutzen Sie Pulse f\u00fcr einen schnellen Schub an Power. Jegliche Handlung l\u00e4sst sich \u00fcber das Touchpad steuern.<\/p>\n<h3>6 Vorprogrammierte Abl\u00e4ufe<\/h3>\n<p>Der Blendtec Professional 800 bietet sechs ma\u00dfgeschneiderte\u00a0Programmabl\u00e4ufe:\u00a0Teig, Mixgetr\u00e4nke, Smoothie, Sorbet, Saft (aus ganzen Fr\u00fcchten), sowie hei\u00dfe Suppe. Die Programme ver\u00e4ndern automatisch die Mix-Intensit\u00e4t, um dauerhaft beste Resultate zu erm\u00f6glichen &#8211; alles mit einem einzigen Fingerdruck.<\/p>\n<div class=\"row align-center row-divided\"  id=\"row-1519995400\">\n\n\t<div id=\"col-953180839\" class=\"col medium-2 small-6 large-2\"  >\n\t\t\t\t<div class=\"col-inner text-center\"  >\n\t\t\t\n\t\t\t\n\t<div class=\"img has-hover x md-x lg-x y md-y lg-y\" id=\"image_1857028555\">\n\t\t\t\t\t\t\t\t<div class=\"img-inner dark\" >\n\t\t\t<img decoding=\"async\" width=\"1\" height=\"1\" src=\"https:\/\/luba.de\/wp-content\/uploads\/2022\/10\/batters-blendtec-icon.svg\" class=\"attachment-large size-large\" alt=\"\" title=\"\">\t\t\t\t\t\t\n\t\t\t\t\t<\/div>\n\t\t\t\t\t\t\t\t\n<style>\n#image_1857028555 {\n  width: 50%;\n}\n<\/style>\n\t<\/div>\n\t\n<p style=\"text-align: center;\">R\u00fchrteig<\/p>\n\t\t<\/div>\n\t\t\t\t\t<\/div>\n\n\t\n\n\t<div id=\"col-630426995\" class=\"col medium-2 small-6 large-2\"  >\n\t\t\t\t<div class=\"col-inner text-center\"  >\n\t\t\t\n\t\t\t\n\t<div class=\"img has-hover x md-x lg-x y md-y lg-y\" id=\"image_246062526\">\n\t\t\t\t\t\t\t\t<div class=\"img-inner dark\" >\n\t\t\t<img decoding=\"async\" width=\"1\" height=\"1\" src=\"https:\/\/luba.de\/wp-content\/uploads\/2022\/10\/mixed_drinks-blendtec-icon.svg\" class=\"attachment-large size-large\" alt=\"\" title=\"\">\t\t\t\t\t\t\n\t\t\t\t\t<\/div>\n\t\t\t\t\t\t\t\t\n<style>\n#image_246062526 {\n  width: 50%;\n}\n<\/style>\n\t<\/div>\n\t\n<p style=\"text-align: center;\">Mixgetr\u00e4nke<\/p>\n\t\t<\/div>\n\t\t\t\t\t<\/div>\n\n\t\n\n\t<div id=\"col-372780506\" class=\"col medium-2 small-6 large-2\"  >\n\t\t\t\t<div class=\"col-inner text-center\"  >\n\t\t\t\n\t\t\t\n\t<div class=\"img has-hover x md-x lg-x y md-y lg-y\" id=\"image_1638737321\">\n\t\t\t\t\t\t\t\t<div class=\"img-inner dark\" >\n\t\t\t<img decoding=\"async\" width=\"1\" height=\"1\" src=\"https:\/\/luba.de\/wp-content\/uploads\/2022\/10\/smoothie-blendtec-icon.svg\" class=\"attachment-large size-large\" alt=\"\" title=\"\">\t\t\t\t\t\t\n\t\t\t\t\t<\/div>\n\t\t\t\t\t\t\t\t\n<style>\n#image_1638737321 {\n  width: 50%;\n}\n<\/style>\n\t<\/div>\n\t\n<p style=\"text-align: center;\">Smoothie<\/p>\n\t\t<\/div>\n\t\t\t\t\t<\/div>\n\n\t\n\n\t<div id=\"col-178486786\" class=\"col medium-2 small-6 large-2\"  >\n\t\t\t\t<div class=\"col-inner text-center\"  >\n\t\t\t\n\t\t\t\n\t<div class=\"img has-hover x md-x lg-x y md-y lg-y\" id=\"image_2107891629\">\n\t\t\t\t\t\t\t\t<div class=\"img-inner dark\" >\n\t\t\t<img decoding=\"async\" width=\"1\" height=\"1\" src=\"https:\/\/luba.de\/wp-content\/uploads\/2022\/10\/ice_cream-blendtec-icon.svg\" class=\"attachment-large size-large\" alt=\"\" title=\"\">\t\t\t\t\t\t\n\t\t\t\t\t<\/div>\n\t\t\t\t\t\t\t\t\n<style>\n#image_2107891629 {\n  width: 50%;\n}\n<\/style>\n\t<\/div>\n\t\n<p style=\"text-align: center;\">Sorbet<\/p>\n\t\t<\/div>\n\t\t\t\t\t<\/div>\n\n\t\n\n\t<div id=\"col-1381909484\" class=\"col medium-2 small-6 large-2\"  >\n\t\t\t\t<div class=\"col-inner text-center\"  >\n\t\t\t\n\t\t\t\n\t<div class=\"img has-hover x md-x lg-x y md-y lg-y\" id=\"image_2084331281\">\n\t\t\t\t\t\t\t\t<div class=\"img-inner dark\" >\n\t\t\t<img decoding=\"async\" width=\"1\" height=\"1\" src=\"https:\/\/luba.de\/wp-content\/uploads\/2022\/10\/whole_juice-blendtec-icon.svg\" class=\"attachment-large size-large\" alt=\"\" title=\"\">\t\t\t\t\t\t\n\t\t\t\t\t<\/div>\n\t\t\t\t\t\t\t\t\n<style>\n#image_2084331281 {\n  width: 50%;\n}\n<\/style>\n\t<\/div>\n\t\n<p style=\"text-align: center;\">Saft (aus ganzen Fr\u00fcchten)<\/p>\n\t\t<\/div>\n\t\t\t\t\t<\/div>\n\n\t\n\n\t<div id=\"col-1777496592\" class=\"col medium-2 small-6 large-2\"  >\n\t\t\t\t<div class=\"col-inner text-center\"  >\n\t\t\t\n\t\t\t\n\t<div class=\"img has-hover x md-x lg-x y md-y lg-y\" id=\"image_1980528197\">\n\t\t\t\t\t\t\t\t<div class=\"img-inner dark\" >\n\t\t\t<img decoding=\"async\" width=\"1\" height=\"1\" src=\"https:\/\/luba.de\/wp-content\/uploads\/2022\/10\/hot_soup-blendtec-icon.svg\" class=\"attachment-large size-large\" alt=\"\" title=\"\">\t\t\t\t\t\t\n\t\t\t\t\t<\/div>\n\t\t\t\t\t\t\t\t\n<style>\n#image_1980528197 {\n  width: 50%;\n}\n<\/style>\n\t<\/div>\n\t\n<p style=\"text-align: center;\">Hei\u00dfe Suppe<\/p>\n\t\t<\/div>\n\t\t\t\t\t<\/div>\n\n\t\n<\/div>\n<h3>Besonderheiten des Blendtec Pro 800<\/h3>\n<ul>\n<li>1800 W Nennleistung, 240 V, 3,8 PS Maximalleistung<\/li>\n<li>Beleuchtete Touch-Oberfl\u00e4che\u00a0sowie LCD Display<\/li>\n<li>6 vorprogrammierte Abl\u00e4ufe: R\u00fchrteig, Mixgetr\u00e4nke, Smoothie, Sorbet, Saft (aus ganzen Fr\u00fcchten), sowie hei\u00dfe Suppe<\/li>\n<li>11 ausw\u00e4hlbare Geschwindigkeitsstufen durch\u00a0Touch Schieberegler + Pulse Funktion<\/li>\n<li>Das beleuchtete Display gibt Feedback, Informationen sowie die verbleibende Zeit an<\/li>\n<li>H\u00f6he x Breite x Tiefe: 43,9 cm x 21,8 cm x 22,9 cm &#8211; H\u00f6he mit ge\u00f6ffneter Haube 62 cm<\/li>\n<li>Gewicht 7,2 kg<\/li>\n<li>10 Jahre Garantie<\/li>\n<\/ul>\n<h3>Verpackungsinhalt<\/h3>\n<ul>\n<li>Professional 800 Motorbasis mit Schallschutzhaube<\/li>\n<li>WildSide+ Beh\u00e4lter (BPA-frei) mit ventiliertem Deckel<\/li>\n<li>Schnellstart-Anleitung sowie Rezepte<\/li>\n<\/ul>\n","protected":false},"excerpt":{"rendered":"<p>Blendtec Pro 800 Standmixer: Der wohl leiseste Blender f\u00fcr den Haushalt. Der Blendtec Pro 800 mit 3,8 PS Maximalleistung ist dank\u00a0Blendtec Stealth Technology\u00a0weltweit der leiseste Hochleistungsmixer seiner Klasse. \u00a0Unsere bekannten und bew\u00e4hrten Schallschutzhauben im gewerblichen Bereich wurden nochmals f\u00fcr den Hausgebrauch weiterentwickelt um noch leiser zu sein &#8211; und all das in einer eleganten Optik [&#8230;]\n","protected":false},"featured_media":12505,"comment_status":"closed","ping_status":"closed","template":"","meta":{"_acf_changed":false},"pwb-brand":[1233],"product_brand":[],"product_cat":[1387],"product_tag":[],"class_list":{"0":"post-8939","1":"product","2":"type-product","3":"status-publish","4":"has-post-thumbnail","6":"pwb-brand-blendtec-en","7":"product_cat-blendtec-en","9":"first","10":"outofstock","11":"sale","12":"taxable","13":"shipping-taxable","14":"purchasable","15":"product-type-variable"},"bundled_by":[],"bundle_stock_status":"outofstock","bundle_stock_quantity":null,"bundle_virtual":false,"bundle_layout":"","bundle_add_to_cart_form_location":"","bundle_editable_in_cart":false,"bundle_sold_individually_context":"","bundle_item_grouping":"","bundle_min_size":"","bundle_max_size":"","bundle_price":[],"bundled_items":[],"bundle_sell_ids":[],"exclude_global_add_ons":[],"addons":[],"acf":[],"brands":[{"id":1233,"name":"Blendtec","slug":"blendtec-en"}],"_links":{"self":[{"href":"https:\/\/luba.de\/en\/wp-json\/wp\/v2\/product\/8939","targetHints":{"allow":["GET"]}}],"collection":[{"href":"https:\/\/luba.de\/en\/wp-json\/wp\/v2\/product"}],"about":[{"href":"https:\/\/luba.de\/en\/wp-json\/wp\/v2\/types\/product"}],"replies":[{"embeddable":true,"href":"https:\/\/luba.de\/en\/wp-json\/wp\/v2\/comments?post=8939"}],"wp:featuredmedia":[{"embeddable":true,"href":"https:\/\/luba.de\/en\/wp-json\/wp\/v2\/media\/12505"}],"wp:attachment":[{"href":"https:\/\/luba.de\/en\/wp-json\/wp\/v2\/media?parent=8939"}],"wp:term":[{"taxonomy":"pwb-brand","embeddable":true,"href":"https:\/\/luba.de\/en\/wp-json\/wp\/v2\/pwb-brand?post=8939"},{"taxonomy":"product_brand","embeddable":true,"href":"https:\/\/luba.de\/en\/wp-json\/wp\/v2\/product_brand?post=8939"},{"taxonomy":"product_cat","embeddable":true,"href":"https:\/\/luba.de\/en\/wp-json\/wp\/v2\/product_cat?post=8939"},{"taxonomy":"product_tag","embeddable":true,"href":"https:\/\/luba.de\/en\/wp-json\/wp\/v2\/product_tag?post=8939"}],"curies":[{"name":"wp","href":"https:\/\/api.w.org\/{rel}","templated":true}]}}