{"id":8947,"date":"2020-03-14T10:17:35","date_gmt":"2020-03-14T09:17:35","guid":{"rendered":"https:\/\/luba.de\/product\/caso-vakuumierer-fastvac-4000\/"},"modified":"2025-10-12T01:31:42","modified_gmt":"2025-10-11T23:31:42","slug":"caso-vakuumierer-fastvac-4000","status":"publish","type":"product","link":"https:\/\/luba.de\/en\/caso-vakuumierer-fastvac-4000\/","title":{"rendered":"CASO Vakuumierer FastVac 4000"},"content":{"rendered":"<h2>Edelstahl und Power: CASO FastVac 4000 Vakuumierer f\u00fcr perfekte Vakuumversiegelung<\/h2>\n<p>Nie war es einfacher, gesund zu essen und wertvolle Vitamine sowie Mineralien zu bewahren, dank der doppelten Schwei\u00dfnaht und der regulierbaren Vakuumst\u00e4rke, die sicherstellt, dass auch besonders empfindliche Lebensmittel perfekt versiegelt werden.<\/p>\n<h3>Von Profis f\u00fcr Profis: Der FastVac 4000 f\u00fcr gewerbliche Anspr\u00fcche<\/h3>\n<p>Das Vollautomatik-Vakuumiersystem FastVac 4000 wurde f\u00fcr h\u00f6chste Anspr\u00fcche entwickelt. Mit seiner robusten Edelstahlkonstruktion, der doppelten Schwei\u00dfnaht und der regulierbaren Vakuumst\u00e4rke ist es nicht nur ein zuverl\u00e4ssiger Partner in der K\u00fcche, sondern auch f\u00fcr den gewerblichen Einsatz geeignet. Mit einer starken doppelten Kolbenpumpe und einer Vielzahl an Funktionen, darunter die Pulse-Funktion und die Marinier-Funktion, bietet der FastVac 4000 alles, was Sie f\u00fcr professionelles Vakuumieren ben\u00f6tigen.<\/p>\n<p>Beim Marinieren \u00f6ffnet und schlie\u00dft die Vakuumtaktung die Poren des Produkts, wodurch die Aromen besonders intensiv einziehen k\u00f6nnen. Der CASO FastVac 4000 erm\u00f6glicht es Ihnen zudem, Suppen oder weiche Lebensmittel bequem in Beh\u00e4ltern zu vakuumieren, was den Vakuumiervorgang noch sicherer und effizienter gestaltet.<\/p>\n<h3>Smarte K\u00fcche: Die CASO Food Manager App macht&#8217;s m\u00f6glich<\/h3>\n<p>Mit unserer innovativen CASO Food Manager App wird das Vorratshandling zu einem Kinderspiel. Nutzen Sie die kostenlose App f\u00fcr eine m\u00fchelose Verwaltung Ihrer Lebensmittel, dank Erinnerungsfunktion und schneller Vorratskontrolle. Mit dem FastVac 4000 und unserer App steht Ihnen die Welt des smarteren Kochens offen.<\/p>\n<h3>Highlights &#8220;CASO Design FastVac 4000&#8221;:<\/h3>\n<ul>\n<li>Vakuumierte Lebensmittel bleiben bis zu 8 Mal l\u00e4nger frisch<\/li>\n<li>Komplett aus Edelstahl gefertigt<\/li>\n<li>Einstellbare Vakuumierst\u00e4rke &#8211; individuell einstellbar, damit besonders weiche Lebensmittel nicht zusammengepresst werden<\/li>\n<li>Beutel und Rollen bis zu 40 cm Breite<\/li>\n<li>doppelt verschwei\u00dft<\/li>\n<li>starke Vakuumpumpe &#8211; 20 L\/Minute<\/li>\n<li>handels\u00fcblich verwendbar<\/li>\n<li>Rollenbeh\u00e4lter mit integriertem Cutter zum Schneiden der Folienrollen<\/li>\n<li>Pulse-Funktion: Manuelle Steuerung des Vakuumiervorgangs f\u00fcr druckempfindliche und fl\u00fcssigkeitshaltige Lebensmittel<\/li>\n<li>Marinierfunktion: In Kombination mit einem Vakuumierbeh\u00e4lter kann Fleisch oder Fisch in k\u00fcrzester Zeit intensiv mariniert werden. Durch einen automatischen Vakuumierzyklus werden die Poren wiederholt ge\u00f6ffnet und geschlossen<br \/>\nVakuumierbeh\u00e4lterfunktion Vakuumieren von weichen Lebensmitteln oder Suppen in Beh\u00e4ltern<\/li>\n<li>Inkl. 20 Profi-Beutel (je 10x 20&#215;30 cm + 30&#215;40 cm) + Profi-Folienrollen (1x 40&#215;1000 cm) + Ersatzdichtung<\/li>\n<li>Vakuumierschlauch f\u00fcr Beh\u00e4lter (kein Adapter f\u00fcr VacuBoxxen im Lieferumfang enthalten)<\/li>\n<li>Was ist SVS? Aktivieren und beenden Sie den Vakuumiervorgang manuell per Knopfdruck<\/li>\n<\/ul>\n<h3>Robust und langlebig \u2013 Edelstahl f\u00fcr h\u00f6chste Anspr\u00fcche<\/h3>\n<p>Das Vakuumiersystem ist komplett aus hochwertigem Edelstahl gefertigt und bietet damit nicht nur eine lange Lebensdauer, sondern auch eine leichte Reinigung. Der robuste Edelstahlrahmen und die pr\u00e4zise Verarbeitung garantieren eine hohe Belastbarkeit, sodass der FastVac 4000 auch den Anforderungen gewerblicher K\u00fcchen standh\u00e4lt. Dank des integrierten Cutters k\u00f6nnen Sie Ihre Folienrollen einfach auf die ben\u00f6tigte Gr\u00f6\u00dfe zuschneiden. Das System ist au\u00dferdem mit einer praktischen Vakuumbeh\u00e4lterfunktion ausgestattet, die das Vakuumieren von Beh\u00e4ltern zum Kinderspiel macht.<\/p>\n<h3>Komplett ausgestattet f\u00fcr sofortigen Einsatz<\/h3>\n<p>Der CASO FastVac 4000 wird mit allem geliefert, was Sie f\u00fcr den sofortigen Einsatz ben\u00f6tigen: Neben dem Vakuumierschlauch f\u00fcr Beh\u00e4lter erhalten Sie auch 10 Folienbeutel in den Gr\u00f6\u00dfen 20&#215;30 cm und 30&#215;40 cm sowie eine praktische Folienrolle mit einer L\u00e4nge von 1000 cm. So k\u00f6nnen Sie sofort loslegen und Ihre Lebensmittel in erstklassiger Qualit\u00e4t vakuumieren.<\/p>\n<h3>Inkl. Zubeh\u00f6r:<\/h3>\n<ul>\n<li>10 Profi-Beutel 20&#215;30 cm<\/li>\n<li>10 Profi-Beutel 30&#215;40 cm<\/li>\n<li>1x Profi-Folienrolle 40&#215;1000 cm<\/li>\n<li>Vakuumierschlauch f\u00fcr Beh\u00e4lter<\/li>\n<\/ul>\n<h3>Eigenschaften<\/h3>\n<table style=\"border-collapse: collapse; width: 49.2375%; height: 189px;\">\n<tbody>\n<tr style=\"height: 21px;\">\n<td style=\"width: 26.2528%; height: 21px;\"><strong>Ma\u00dfe (BxHxT):<\/strong><\/td>\n<td style=\"width: 22.9847%; height: 21px;\">\n<div class=\"c-attribute-table__item c-attribute-table__item--masse-breite-hoehe-tiefe\">\n<div class=\"c-attribute-table__value\">520x150x290 mm<\/div>\n<\/div>\n<\/td>\n<\/tr>\n<tr style=\"height: 21px;\">\n<td style=\"width: 26.2528%; height: 21px;\">\n<div class=\"c-attribute-table__attribute\"><strong>Gewicht:<\/strong><\/div>\n<\/td>\n<td style=\"width: 22.9847%; height: 21px;\">\n<div class=\"c-attribute-table__item c-attribute-table__item--gewicht\">\n<div class=\"c-attribute-table__value\">5,9 kg<\/div>\n<\/div>\n<\/td>\n<\/tr>\n<tr style=\"height: 21px;\">\n<td style=\"width: 26.2528%; height: 21px;\">\n<div class=\"c-attribute-table__attribute\"><strong>Integrierter Cutter:<\/strong><\/div>\n<\/td>\n<td style=\"width: 22.9847%; height: 21px;\">Ja<\/td>\n<\/tr>\n<tr style=\"height: 21px;\">\n<td style=\"width: 26.2528%; height: 21px;\">\n<div class=\"c-attribute-table__attribute\"><strong>Schwei\u00dfnaht:<\/strong><\/div>\n<\/td>\n<td style=\"width: 22.9847%; height: 21px;\">\n<div class=\"c-attribute-table__item c-attribute-table__item--schweissnaht\">\n<div class=\"c-attribute-table__value\">Doppelt, bis 40 cm<\/div>\n<\/div>\n<\/td>\n<\/tr>\n<tr style=\"height: 21px;\">\n<td style=\"width: 26.2528%; height: 21px;\">\n<div class=\"c-attribute-table__attribute\"><strong>Vakuumpumpe:<\/strong><\/div>\n<\/td>\n<td style=\"width: 22.9847%; height: 21px;\">20 L \/ min.<\/td>\n<\/tr>\n<tr style=\"height: 21px;\">\n<td style=\"width: 26.2528%; height: 21px;\">\n<div class=\"c-attribute-table__attribute\"><strong>Vakuumregulierung:<\/strong><\/div>\n<\/td>\n<td style=\"width: 22.9847%; height: 21px;\">\n<div class=\"c-attribute-table__item c-attribute-table__item--vakuumregulierung\">\n<div class=\"c-attribute-table__value\">Ja<\/div>\n<\/div>\n<\/td>\n<\/tr>\n<tr style=\"height: 21px;\">\n<td style=\"width: 26.2528%; height: 21px;\">\n<div class=\"c-attribute-table__attribute\"><strong>Spannung:<\/strong><\/div>\n<\/td>\n<td style=\"width: 22.9847%; height: 21px;\">\n<div class=\"c-attribute-table__item c-attribute-table__item--spannung\">\n<div class=\"c-attribute-table__value\">220-240V~, 50Hz<\/div>\n<\/div>\n<\/td>\n<\/tr>\n<tr style=\"height: 21px;\">\n<td style=\"width: 26.2528%; height: 21px;\">\n<div class=\"c-attribute-table__attribute\"><strong>Kennzeichnung:<\/strong><\/div>\n<\/td>\n<td style=\"width: 22.9847%; height: 21px;\">\n<div class=\"c-attribute-table__item c-attribute-table__item--kennzeichnung\">\n<div class=\"c-attribute-table__value\">CE<\/div>\n<\/div>\n<\/td>\n<\/tr>\n<tr style=\"height: 21px;\">\n<td style=\"width: 26.2528%; height: 21px;\">\n<div class=\"c-attribute-table__attribute\">\n<div class=\"c-attribute-table__attribute\"><strong>Leistung:<\/strong><\/div>\n<\/div>\n<\/td>\n<td style=\"width: 22.9847%; height: 21px;\">\n<div class=\"c-product-detail__attribute-table\">\n<div class=\"c-attribute-table c-attribute-table--colcount-1\">\n<div class=\"c-attribute-table__col\">\n<div class=\"c-attribute-table__item c-attribute-table__item--leistung\">\n<div class=\"c-attribute-table__value\">350 Watt<\/div>\n<\/div>\n<\/div>\n<\/div>\n<\/div>\n<\/td>\n<\/tr>\n<\/tbody>\n<\/table>\n","protected":false},"excerpt":{"rendered":"<p><strong> Inkl. Zubeh\u00f6r:<\/strong> 10 Profi-Beutel 20&#215;30 cm, 10 Profi-Beutel 30&#215;40 cm, 1x Profi-Folienrolle 40&#215;1000 cm, Vakuumierschlauch f\u00fcr Beh\u00e4lter<\/p>\n","protected":false},"featured_media":24835,"comment_status":"closed","ping_status":"closed","template":"","meta":{"_acf_changed":false},"pwb-brand":[1243],"product_brand":[],"product_cat":[995,852,872],"product_tag":[],"class_list":{"0":"post-8947","1":"product","2":"type-product","3":"status-publish","4":"has-post-thumbnail","6":"pwb-brand-caso-en","7":"product_cat-caso-en","8":"product_cat-kitchen-appliances-electrical","9":"product_cat-vacuum-sealers","11":"first","12":"instock","13":"taxable","14":"shipping-taxable","15":"purchasable","16":"product-type-simple"},"bundled_by":[],"bundle_stock_status":"instock","bundle_stock_quantity":9,"bundle_virtual":false,"bundle_layout":"","bundle_add_to_cart_form_location":"","bundle_editable_in_cart":false,"bundle_sold_individually_context":"","bundle_item_grouping":"","bundle_min_size":"","bundle_max_size":"","bundle_price":[],"bundled_items":[],"bundle_sell_ids":[],"exclude_global_add_ons":[],"addons":[],"acf":[],"brands":[{"id":1243,"name":"Caso","slug":"caso-en"}],"_links":{"self":[{"href":"https:\/\/luba.de\/en\/wp-json\/wp\/v2\/product\/8947","targetHints":{"allow":["GET"]}}],"collection":[{"href":"https:\/\/luba.de\/en\/wp-json\/wp\/v2\/product"}],"about":[{"href":"https:\/\/luba.de\/en\/wp-json\/wp\/v2\/types\/product"}],"replies":[{"embeddable":true,"href":"https:\/\/luba.de\/en\/wp-json\/wp\/v2\/comments?post=8947"}],"wp:featuredmedia":[{"embeddable":true,"href":"https:\/\/luba.de\/en\/wp-json\/wp\/v2\/media\/24835"}],"wp:attachment":[{"href":"https:\/\/luba.de\/en\/wp-json\/wp\/v2\/media?parent=8947"}],"wp:term":[{"taxonomy":"pwb-brand","embeddable":true,"href":"https:\/\/luba.de\/en\/wp-json\/wp\/v2\/pwb-brand?post=8947"},{"taxonomy":"product_brand","embeddable":true,"href":"https:\/\/luba.de\/en\/wp-json\/wp\/v2\/product_brand?post=8947"},{"taxonomy":"product_cat","embeddable":true,"href":"https:\/\/luba.de\/en\/wp-json\/wp\/v2\/product_cat?post=8947"},{"taxonomy":"product_tag","embeddable":true,"href":"https:\/\/luba.de\/en\/wp-json\/wp\/v2\/product_tag?post=8947"}],"curies":[{"name":"wp","href":"https:\/\/api.w.org\/{rel}","templated":true}]}}