{"id":8959,"date":"2020-03-14T10:17:35","date_gmt":"2020-03-14T09:17:35","guid":{"rendered":"https:\/\/luba.de\/product\/caso-vakuumierbehaelter-set-3-teilig\/"},"modified":"2026-01-05T12:09:06","modified_gmt":"2026-01-05T11:09:06","slug":"caso-vakuumierbehaelter-set-3-teilig","status":"publish","type":"product","link":"https:\/\/luba.de\/en\/caso-vakuumierbehaelter-set-3-teilig\/","title":{"rendered":"CASO Vakuumierbeh\u00e4lter Set, 3 teilig"},"content":{"rendered":"<p>Das Vakuumierbeh\u00e4lter-Set besteht aus: 0,75 L Dose H\u00f6he 7 cm, 1,40 L Dose H\u00f6he 12,5 cm, 2,00 L Dose H\u00f6he 18 cm. Die Beh\u00e4lter eignen sich f\u00fcr druckempfindliche und fl\u00fcssige Lebensmittel, druckempfindliche Nahrungsmittel (Salat, Suppen), sowie sehr feuchte Lebensmittel (Tomaten) und lassen sich optimal vakuumieren, h\u00e4ufige Wiederverwendbarkeit ist m\u00f6glich, Beh\u00e4lter aus robustem Styrolacrylnitril, Deckel aus ABS-Kunststoff, bruch- und sp\u00fclmaschinenfest, passend f\u00fcr alle CASO Vakuumierer, stapelbar, platzsparend, Gewicht 1,0 kg<\/p>\n","protected":false},"excerpt":{"rendered":"<p>Das Vakuumierbeh\u00e4lter-Set besteht aus: 0,75 L Dose H\u00f6he 7 cm, 1,40 L Dose H\u00f6he 12,5 cm, 2,00 L Dose H\u00f6he 18 cm. Die Beh\u00e4lter eignen sich f\u00fcr druckempfindliche und fl\u00fcssige Lebensmittel, druckempfindliche Nahrungsmittel (Salat, Suppen), sowie sehr feuchte Lebensmittel (Tomaten) und lassen sich optimal vakuumieren, h\u00e4ufige Wiederverwendbarkeit ist m\u00f6glich, Beh\u00e4lter aus robustem Styrolacrylnitril, Deckel aus [&#8230;]\n","protected":false},"featured_media":8960,"comment_status":"closed","ping_status":"closed","template":"","meta":{"_acf_changed":false},"pwb-brand":[1243],"product_brand":[],"product_cat":[995,852,872],"product_tag":[],"class_list":{"0":"post-8959","1":"product","2":"type-product","3":"status-publish","4":"has-post-thumbnail","6":"pwb-brand-caso-en","7":"product_cat-caso-en","8":"product_cat-kitchen-appliances-electrical","9":"product_cat-vacuum-sealers","11":"first","12":"instock","13":"taxable","14":"shipping-taxable","15":"purchasable","16":"product-type-simple"},"bundled_by":[],"bundle_stock_status":"instock","bundle_stock_quantity":1,"bundle_virtual":false,"bundle_layout":"","bundle_add_to_cart_form_location":"","bundle_editable_in_cart":false,"bundle_sold_individually_context":"","bundle_item_grouping":"","bundle_min_size":"","bundle_max_size":"","bundle_price":[],"bundled_items":[],"bundle_sell_ids":[],"exclude_global_add_ons":[],"addons":[],"acf":[],"brands":[{"id":1243,"name":"Caso","slug":"caso-en"}],"_links":{"self":[{"href":"https:\/\/luba.de\/en\/wp-json\/wp\/v2\/product\/8959","targetHints":{"allow":["GET"]}}],"collection":[{"href":"https:\/\/luba.de\/en\/wp-json\/wp\/v2\/product"}],"about":[{"href":"https:\/\/luba.de\/en\/wp-json\/wp\/v2\/types\/product"}],"replies":[{"embeddable":true,"href":"https:\/\/luba.de\/en\/wp-json\/wp\/v2\/comments?post=8959"}],"wp:featuredmedia":[{"embeddable":true,"href":"https:\/\/luba.de\/en\/wp-json\/wp\/v2\/media\/8960"}],"wp:attachment":[{"href":"https:\/\/luba.de\/en\/wp-json\/wp\/v2\/media?parent=8959"}],"wp:term":[{"taxonomy":"pwb-brand","embeddable":true,"href":"https:\/\/luba.de\/en\/wp-json\/wp\/v2\/pwb-brand?post=8959"},{"taxonomy":"product_brand","embeddable":true,"href":"https:\/\/luba.de\/en\/wp-json\/wp\/v2\/product_brand?post=8959"},{"taxonomy":"product_cat","embeddable":true,"href":"https:\/\/luba.de\/en\/wp-json\/wp\/v2\/product_cat?post=8959"},{"taxonomy":"product_tag","embeddable":true,"href":"https:\/\/luba.de\/en\/wp-json\/wp\/v2\/product_tag?post=8959"}],"curies":[{"name":"wp","href":"https:\/\/api.w.org\/{rel}","templated":true}]}}