{"id":8991,"date":"2020-03-14T10:17:22","date_gmt":"2020-03-14T09:17:22","guid":{"rendered":"https:\/\/luba.de\/product\/bianco-gemuese-und-kraeuter-smoothies\/"},"modified":"2025-10-11T23:27:37","modified_gmt":"2025-10-11T21:27:37","slug":"die-besten-obst-gemuese-und-kraeuter-smoothies","status":"publish","type":"product","link":"https:\/\/luba.de\/en\/die-besten-obst-gemuese-und-kraeuter-smoothies\/","title":{"rendered":"Die besten Obst, Gem\u00fcse und Kr\u00e4uter Smoothies"},"content":{"rendered":"<p>Warum nicht mal einen Salat im Glas servieren? Verw\u00f6hnen Sie sich mit der vollen Vitamindosis.<\/p>\n<p>Das Buch soll Sie inspirieren, aus dem allt\u00e4glichen Gem\u00fcse, aus Salat und sogar Wildpflanzen, interessante und wohlschmeckende Smoothies zuzubereiten. Alle essenziellen, dass hei\u00dft lebensnotwendigen Pflanzenstoffe wirken in unserem K\u00f6rper wie Z\u00fcndkerzen im Automotor. Sie starten unseren Stoffwechsel. Die winzigen Bestandteile sind in selbst gemachten Smoothies reichlich vorhanden.<\/p>\n","protected":false},"excerpt":{"rendered":"<p>Warum nicht mal einen Salat im Glas servieren? Verw\u00f6hnen Sie sich mit der vollen Vitamindosis. Das Buch soll Sie inspirieren, aus dem allt\u00e4glichen Gem\u00fcse, aus Salat und sogar Wildpflanzen, interessante und wohlschmeckende Smoothies zuzubereiten. Alle essenziellen, dass hei\u00dft lebensnotwendigen Pflanzenstoffe wirken in unserem K\u00f6rper wie Z\u00fcndkerzen im Automotor. Sie starten unseren Stoffwechsel. Die winzigen Bestandteile [&#8230;]\n","protected":false},"featured_media":14939,"comment_status":"closed","ping_status":"closed","template":"","meta":{"_acf_changed":false},"pwb-brand":[],"product_brand":[],"product_cat":[989],"product_tag":[],"class_list":{"0":"post-8991","1":"product","2":"type-product","3":"status-publish","4":"has-post-thumbnail","6":"product_cat-smoothies-juices","8":"first","9":"instock","10":"taxable","11":"shipping-taxable","12":"purchasable","13":"product-type-simple"},"bundled_by":[],"bundle_stock_status":"instock","bundle_stock_quantity":20,"bundle_virtual":false,"bundle_layout":"","bundle_add_to_cart_form_location":"","bundle_editable_in_cart":false,"bundle_sold_individually_context":"","bundle_item_grouping":"","bundle_min_size":"","bundle_max_size":"","bundle_price":[],"bundled_items":[],"bundle_sell_ids":[],"exclude_global_add_ons":[],"addons":[],"acf":[],"brands":[],"_links":{"self":[{"href":"https:\/\/luba.de\/en\/wp-json\/wp\/v2\/product\/8991","targetHints":{"allow":["GET"]}}],"collection":[{"href":"https:\/\/luba.de\/en\/wp-json\/wp\/v2\/product"}],"about":[{"href":"https:\/\/luba.de\/en\/wp-json\/wp\/v2\/types\/product"}],"replies":[{"embeddable":true,"href":"https:\/\/luba.de\/en\/wp-json\/wp\/v2\/comments?post=8991"}],"wp:featuredmedia":[{"embeddable":true,"href":"https:\/\/luba.de\/en\/wp-json\/wp\/v2\/media\/14939"}],"wp:attachment":[{"href":"https:\/\/luba.de\/en\/wp-json\/wp\/v2\/media?parent=8991"}],"wp:term":[{"taxonomy":"pwb-brand","embeddable":true,"href":"https:\/\/luba.de\/en\/wp-json\/wp\/v2\/pwb-brand?post=8991"},{"taxonomy":"product_brand","embeddable":true,"href":"https:\/\/luba.de\/en\/wp-json\/wp\/v2\/product_brand?post=8991"},{"taxonomy":"product_cat","embeddable":true,"href":"https:\/\/luba.de\/en\/wp-json\/wp\/v2\/product_cat?post=8991"},{"taxonomy":"product_tag","embeddable":true,"href":"https:\/\/luba.de\/en\/wp-json\/wp\/v2\/product_tag?post=8991"}],"curies":[{"name":"wp","href":"https:\/\/api.w.org\/{rel}","templated":true}]}}