{"id":8993,"date":"2020-03-14T10:17:22","date_gmt":"2020-03-14T09:17:22","guid":{"rendered":"https:\/\/luba.de\/product\/guth-gruene-smoothies\/"},"modified":"2025-05-08T23:35:57","modified_gmt":"2025-05-08T21:35:57","slug":"guth-gruene-smoothies","status":"publish","type":"product","link":"https:\/\/luba.de\/en\/guth-gruene-smoothies\/","title":{"rendered":"Gr\u00fcne Smoothies"},"content":{"rendered":"<h2>So gr\u00fcn, so smooth und so lecker.<\/h2>\n<p>Die Obst Gem\u00fcse-Powerdrinks f\u00fcr den schnellen Vitaminkick sind im Handumdrehen zubereitet: Alle Zutaten in einem kraftvollen Mixer fein p\u00fcrieren, und fertig ist der gr\u00fcne Zaubertrank! Mixen Sie sich mit 50 neuen frisch-fruchtigen Rezepten durchs Jahr und genie\u00dfen Sie herrlich s\u00fc\u00dfes Obst und frisches Gr\u00fcn wie Salat, Spinat und Kr\u00e4uter! Zus\u00e4tzlich gibt es vom bew\u00e4hrten Autorenteam wichtiges Know-how rund um den gesunden Wohlf\u00fchl-Drink, Extra-Rezepte f\u00fcr Kinder und einen Saisonkalender der besten Zutaten.<br \/>\nDann lieben auch Sie bald alles, was so gr\u00fcn ist!<\/p>\n","protected":false},"excerpt":{"rendered":"<p>So gr\u00fcn, so smooth und so lecker. Die Obst Gem\u00fcse-Powerdrinks f\u00fcr den schnellen Vitaminkick sind im Handumdrehen zubereitet: Alle Zutaten in einem kraftvollen Mixer fein p\u00fcrieren, und fertig ist der gr\u00fcne Zaubertrank! Mixen Sie sich mit 50 neuen frisch-fruchtigen Rezepten durchs Jahr und genie\u00dfen Sie herrlich s\u00fc\u00dfes Obst und frisches Gr\u00fcn wie Salat, Spinat und [&#8230;]\n","protected":false},"featured_media":23927,"comment_status":"closed","ping_status":"closed","template":"","meta":{"_acf_changed":false},"pwb-brand":[1130],"product_brand":[],"product_cat":[905,988,989],"product_tag":[],"class_list":{"0":"post-8993","1":"product","2":"type-product","3":"status-publish","4":"has-post-thumbnail","6":"pwb-brand-gu-en","7":"product_cat-books","8":"product_cat-recipes","9":"product_cat-smoothies-juices","11":"first","12":"instock","13":"taxable","14":"shipping-taxable","15":"purchasable","16":"product-type-simple"},"bundled_by":[],"bundle_stock_status":"instock","bundle_stock_quantity":16,"bundle_virtual":false,"bundle_layout":"","bundle_add_to_cart_form_location":"","bundle_editable_in_cart":false,"bundle_sold_individually_context":"","bundle_item_grouping":"","bundle_min_size":"","bundle_max_size":"","bundle_price":[],"bundled_items":[],"bundle_sell_ids":[],"exclude_global_add_ons":[],"addons":[],"acf":[],"brands":[{"id":1130,"name":"GU","slug":"gu-en"}],"_links":{"self":[{"href":"https:\/\/luba.de\/en\/wp-json\/wp\/v2\/product\/8993","targetHints":{"allow":["GET"]}}],"collection":[{"href":"https:\/\/luba.de\/en\/wp-json\/wp\/v2\/product"}],"about":[{"href":"https:\/\/luba.de\/en\/wp-json\/wp\/v2\/types\/product"}],"replies":[{"embeddable":true,"href":"https:\/\/luba.de\/en\/wp-json\/wp\/v2\/comments?post=8993"}],"wp:featuredmedia":[{"embeddable":true,"href":"https:\/\/luba.de\/en\/wp-json\/wp\/v2\/media\/23927"}],"wp:attachment":[{"href":"https:\/\/luba.de\/en\/wp-json\/wp\/v2\/media?parent=8993"}],"wp:term":[{"taxonomy":"pwb-brand","embeddable":true,"href":"https:\/\/luba.de\/en\/wp-json\/wp\/v2\/pwb-brand?post=8993"},{"taxonomy":"product_brand","embeddable":true,"href":"https:\/\/luba.de\/en\/wp-json\/wp\/v2\/product_brand?post=8993"},{"taxonomy":"product_cat","embeddable":true,"href":"https:\/\/luba.de\/en\/wp-json\/wp\/v2\/product_cat?post=8993"},{"taxonomy":"product_tag","embeddable":true,"href":"https:\/\/luba.de\/en\/wp-json\/wp\/v2\/product_tag?post=8993"}],"curies":[{"name":"wp","href":"https:\/\/api.w.org\/{rel}","templated":true}]}}