{"id":9007,"date":"2020-03-14T10:17:02","date_gmt":"2020-03-14T09:17:02","guid":{"rendered":"https:\/\/luba.de\/product\/maranik-vegane-smoothies\/"},"modified":"2025-10-11T23:29:08","modified_gmt":"2025-10-11T21:29:08","slug":"maranik-vegane-smoothies","status":"publish","type":"product","link":"https:\/\/luba.de\/en\/maranik-vegane-smoothies\/","title":{"rendered":"Vegane Smoothies"},"content":{"rendered":"<p>Mit ihren \u201eVeganen Smoothies\u201c zeigt Food-Expertin Eliq Maranik, wie k\u00f6stlich und abwechslungsreich gesunde Ern\u00e4hrung sein kann. Die samtigen Drinks mit Obst, Beeren und Gem\u00fcse sind wahre Powerpakete und eignen sich zum Fr\u00fchst\u00fcck ebenso wie als Energiespender zur Mittagspause oder als s\u00fc\u00dfe Zwischenmahlzeit am Nachmittag.<\/p>\n<p>An Frische sind die veganen Smoothies nicht zu \u00fcberbieten, aber auch wer Sahniges und Schokoladiges mag, muss nicht verzichten. Mit Soja- oder Nussmilch lassen sich herrlich s\u00e4mige Drinks herstellen. Wer mehr \u00fcber gesunde Zutaten und die beste Art der Zubereitung erfahren m\u00f6chte, erh\u00e4lt hierzu jede Menge ausf\u00fchrliche Hinweise in der Einleitung.<\/p>\n<p>Dieses Buch ist ideal f\u00fcr alle, die sich vegan ern\u00e4hren oder einfach nur gesund genie\u00dfen m\u00f6chten.<\/p>\n","protected":false},"excerpt":{"rendered":"<p>Mit ihren \u201eVeganen Smoothies\u201c zeigt Food-Expertin Eliq Maranik, wie k\u00f6stlich und abwechslungsreich gesunde Ern\u00e4hrung sein kann. Die samtigen Drinks mit Obst, Beeren und Gem\u00fcse sind wahre Powerpakete und eignen sich zum Fr\u00fchst\u00fcck ebenso wie als Energiespender zur Mittagspause oder als s\u00fc\u00dfe Zwischenmahlzeit am Nachmittag. An Frische sind die veganen Smoothies nicht zu \u00fcberbieten, aber auch [&#8230;]\n","protected":false},"featured_media":23931,"comment_status":"closed","ping_status":"closed","template":"","meta":{"_acf_changed":false},"pwb-brand":[1157],"product_brand":[],"product_cat":[989],"product_tag":[],"class_list":{"0":"post-9007","1":"product","2":"type-product","3":"status-publish","4":"has-post-thumbnail","6":"pwb-brand-h-f-ullmann-en","7":"product_cat-smoothies-juices","9":"first","10":"instock","11":"taxable","12":"shipping-taxable","13":"purchasable","14":"product-type-simple"},"bundled_by":[],"bundle_stock_status":"instock","bundle_stock_quantity":21,"bundle_virtual":false,"bundle_layout":"","bundle_add_to_cart_form_location":"","bundle_editable_in_cart":false,"bundle_sold_individually_context":"","bundle_item_grouping":"","bundle_min_size":"","bundle_max_size":"","bundle_price":[],"bundled_items":[],"bundle_sell_ids":[],"exclude_global_add_ons":[],"addons":[],"acf":[],"brands":[{"id":1157,"name":"h.f.ullmann","slug":"h-f-ullmann-en"}],"_links":{"self":[{"href":"https:\/\/luba.de\/en\/wp-json\/wp\/v2\/product\/9007","targetHints":{"allow":["GET"]}}],"collection":[{"href":"https:\/\/luba.de\/en\/wp-json\/wp\/v2\/product"}],"about":[{"href":"https:\/\/luba.de\/en\/wp-json\/wp\/v2\/types\/product"}],"replies":[{"embeddable":true,"href":"https:\/\/luba.de\/en\/wp-json\/wp\/v2\/comments?post=9007"}],"wp:featuredmedia":[{"embeddable":true,"href":"https:\/\/luba.de\/en\/wp-json\/wp\/v2\/media\/23931"}],"wp:attachment":[{"href":"https:\/\/luba.de\/en\/wp-json\/wp\/v2\/media?parent=9007"}],"wp:term":[{"taxonomy":"pwb-brand","embeddable":true,"href":"https:\/\/luba.de\/en\/wp-json\/wp\/v2\/pwb-brand?post=9007"},{"taxonomy":"product_brand","embeddable":true,"href":"https:\/\/luba.de\/en\/wp-json\/wp\/v2\/product_brand?post=9007"},{"taxonomy":"product_cat","embeddable":true,"href":"https:\/\/luba.de\/en\/wp-json\/wp\/v2\/product_cat?post=9007"},{"taxonomy":"product_tag","embeddable":true,"href":"https:\/\/luba.de\/en\/wp-json\/wp\/v2\/product_tag?post=9007"}],"curies":[{"name":"wp","href":"https:\/\/api.w.org\/{rel}","templated":true}]}}