{"id":9011,"date":"2020-03-14T10:17:02","date_gmt":"2020-03-14T09:17:02","guid":{"rendered":"https:\/\/luba.de\/product\/das-bio-food-handbuch\/"},"modified":"2025-10-11T23:29:11","modified_gmt":"2025-10-11T21:29:11","slug":"das-bio-food-handbuch","status":"publish","type":"product","link":"https:\/\/luba.de\/en\/das-bio-food-handbuch\/","title":{"rendered":"Das Bio-Food Handbuch"},"content":{"rendered":"<h2>Bio schmeckt \u2013 und liegt im Trend.<\/h2>\n<p>Immer mehr Menschen wollen sich gesund und nachhaltig ern\u00e4hren und suchen Orientierung in einer F\u00fclle von Angeboten.<br \/>\nDas neue Handbuch von Erfolgsautor Udo Pini fasst erstmals alles Wissenswerte rund um das Thema Bio-Food in einem fundierten Nachschlagewerk zusammen. In seri\u00f6s recherchierten Artikeln von A-Z f\u00fchrt es klug, kenntnisreich und \u00fcppig bebildert durch die komplexe Welt der Bio-Produkte \u2013 und wirft einen kritischen Blick hinter die Kulissen. Es liefert n\u00fctzliche Einkaufstipps, informiert \u00fcber Marken, G\u00fctesiegel und Qualit\u00e4tsanspr\u00fcche und berichtet gewohnt souver\u00e4n und unterhaltsam von der bunten Vielfalt und den neuesten Trends in Sachen \u00d6ko und Bio.<\/p>\n","protected":false},"excerpt":{"rendered":"<p>Bio schmeckt \u2013 und liegt im Trend. Immer mehr Menschen wollen sich gesund und nachhaltig ern\u00e4hren und suchen Orientierung in einer F\u00fclle von Angeboten. Das neue Handbuch von Erfolgsautor Udo Pini fasst erstmals alles Wissenswerte rund um das Thema Bio-Food in einem fundierten Nachschlagewerk zusammen. In seri\u00f6s recherchierten Artikeln von A-Z f\u00fchrt es klug, kenntnisreich [&#8230;]\n","protected":false},"featured_media":14910,"comment_status":"closed","ping_status":"closed","template":"","meta":{"_acf_changed":false},"pwb-brand":[1157],"product_brand":[],"product_cat":[1004],"product_tag":[],"class_list":{"0":"post-9011","1":"product","2":"type-product","3":"status-publish","4":"has-post-thumbnail","6":"pwb-brand-h-f-ullmann-en","7":"product_cat-technical-literature","9":"first","10":"instock","11":"taxable","12":"shipping-taxable","13":"purchasable","14":"product-type-simple"},"bundled_by":[],"bundle_stock_status":"instock","bundle_stock_quantity":27,"bundle_virtual":false,"bundle_layout":"","bundle_add_to_cart_form_location":"","bundle_editable_in_cart":false,"bundle_sold_individually_context":"","bundle_item_grouping":"","bundle_min_size":"","bundle_max_size":"","bundle_price":[],"bundled_items":[],"bundle_sell_ids":[],"exclude_global_add_ons":[],"addons":[],"acf":[],"brands":[{"id":1157,"name":"h.f.ullmann","slug":"h-f-ullmann-en"}],"_links":{"self":[{"href":"https:\/\/luba.de\/en\/wp-json\/wp\/v2\/product\/9011","targetHints":{"allow":["GET"]}}],"collection":[{"href":"https:\/\/luba.de\/en\/wp-json\/wp\/v2\/product"}],"about":[{"href":"https:\/\/luba.de\/en\/wp-json\/wp\/v2\/types\/product"}],"replies":[{"embeddable":true,"href":"https:\/\/luba.de\/en\/wp-json\/wp\/v2\/comments?post=9011"}],"wp:featuredmedia":[{"embeddable":true,"href":"https:\/\/luba.de\/en\/wp-json\/wp\/v2\/media\/14910"}],"wp:attachment":[{"href":"https:\/\/luba.de\/en\/wp-json\/wp\/v2\/media?parent=9011"}],"wp:term":[{"taxonomy":"pwb-brand","embeddable":true,"href":"https:\/\/luba.de\/en\/wp-json\/wp\/v2\/pwb-brand?post=9011"},{"taxonomy":"product_brand","embeddable":true,"href":"https:\/\/luba.de\/en\/wp-json\/wp\/v2\/product_brand?post=9011"},{"taxonomy":"product_cat","embeddable":true,"href":"https:\/\/luba.de\/en\/wp-json\/wp\/v2\/product_cat?post=9011"},{"taxonomy":"product_tag","embeddable":true,"href":"https:\/\/luba.de\/en\/wp-json\/wp\/v2\/product_tag?post=9011"}],"curies":[{"name":"wp","href":"https:\/\/api.w.org\/{rel}","templated":true}]}}