{"id":9021,"date":"2020-03-14T10:17:02","date_gmt":"2020-03-14T09:17:02","guid":{"rendered":"https:\/\/luba.de\/product\/hill-kraftquelle-keimpflanzen\/"},"modified":"2024-07-24T09:23:36","modified_gmt":"2024-07-24T07:23:36","slug":"hill-kraftquelle-keimpflanzen","status":"publish","type":"product","link":"https:\/\/luba.de\/en\/hill-kraftquelle-keimpflanzen\/","title":{"rendered":"Kraftquelle Keimpflanzen"},"content":{"rendered":"<p>Sie liefern ein Vielfaches mehr an Vitaminen und Spurenelementen als ausgewachsene Pflanzen, wirken nachweisbar gegen Krebs und bringen neue Geschmackserlebnisse in die K\u00fcche. Die Spitzengastronomie hat die Keimpflanzen bereits f\u00fcr sich entdeckt. In L\u00e4nder, wie den USA sind sie als Health-Heroes bereits im Handel erh\u00e4ltlich. Endlich gibt es auch auf Deutsch das erste Buch zum Thema!<br \/>\nKeimpflanzen sind keine Sprossen. Sie wachsen auf Erde oder anderem Substrat, bilden Wurzeln, brauchen Licht. Geerntet werden sie nach 1 2 Wochen, wenn sich mindestens ein richtiges Blatt gebildet hat. Man kann sie aus unbehandelten Samen in der kleinsten Wohnung ziehen, auch im Winter, mitten in der Stadt. Ihr Geschmack ist intensiver und ihr Vitamingehalt h\u00f6her als der von Sprossen und Keimlingen. Sie bieten eine gro\u00dfe Breite an Textur, Farben und Aromen, von scharf bis mild. Sie schmecken frisch in den Salat, auf die Suppe oder ins R\u00fchrei gestreut, k\u00f6nnen f\u00fcr belegte Brote und Sandwiches verwendet werden, aber auch f\u00fcr eine Vielzahl von Gerichten der Gourmet-K\u00fcche.<br \/>\nKeimpflanzen sind wahre Gesundheitsbomben: Sie senken Cholesterin und Blutdruck, sind entz\u00fcndungshemmend, beugen Diabetes, Arthritis, Schlaganfall, Herzinfarkt und verschiedenen Krebsarten vor. Die antikarzinogene Wirkung von Brokkoli und Kohl ist allgemein bekannt, doch m\u00fc\u00dften sie f\u00fcr einen echten Effekt t\u00e4glich in gr\u00f6\u00dferen Mengen verzehrt werden ihre Keimpflanzen weisen aber eine 20 50 mal h\u00f6here Konzentration der Anti-Krebs-Wirkstoffe auf als das ausgewachsene Gem\u00fcse! Ein kleines Glas Weizengras-Saft wiederum liefert mehr Vitamine, Mineralstoffe und Spurenelemente als der Verzehr von einem Kilogramm Blattgem\u00fcse.<br \/>\n20 Keimpflanzen werden ausf\u00fchrlich portr\u00e4tiert, von den Klassikern Kresse und Senfsaat \u00fcber die Gesundheitshelden Kohl, Brokkoli, Weizengras und Basilikum bis hin zu Keimpflanzen, die neue Geschmackserlebnisse in den K\u00fcchenalltag bringen, wie Amarant, Fenchel, Flachs und Sonnenblume.<\/p>\n<p>Mit vielen Rezepten!<\/p>\n","protected":false},"excerpt":{"rendered":"<p>Sie liefern ein Vielfaches mehr an Vitaminen und Spurenelementen als ausgewachsene Pflanzen, wirken nachweisbar gegen Krebs und bringen neue Geschmackserlebnisse in die K\u00fcche. Die Spitzengastronomie hat die Keimpflanzen bereits f\u00fcr sich entdeckt. In L\u00e4nder, wie den USA sind sie als Health-Heroes bereits im Handel erh\u00e4ltlich. Endlich gibt es auch auf Deutsch das erste Buch zum [&#8230;]\n","protected":false},"featured_media":0,"comment_status":"closed","ping_status":"closed","template":"","meta":{"_acf_changed":false},"pwb-brand":[],"product_brand":[],"product_cat":[],"product_tag":[],"class_list":{"0":"post-9021","1":"product","2":"type-product","3":"status-publish","6":"first","7":"outofstock","8":"taxable","9":"shipping-taxable","10":"purchasable","11":"product-type-simple"},"bundled_by":[],"bundle_stock_status":"outofstock","bundle_stock_quantity":0,"bundle_virtual":false,"bundle_layout":"","bundle_add_to_cart_form_location":"","bundle_editable_in_cart":false,"bundle_sold_individually_context":"","bundle_item_grouping":"","bundle_min_size":"","bundle_max_size":"","bundle_price":[],"bundled_items":[],"bundle_sell_ids":[],"exclude_global_add_ons":[],"addons":[],"acf":[],"brands":[],"_links":{"self":[{"href":"https:\/\/luba.de\/en\/wp-json\/wp\/v2\/product\/9021","targetHints":{"allow":["GET"]}}],"collection":[{"href":"https:\/\/luba.de\/en\/wp-json\/wp\/v2\/product"}],"about":[{"href":"https:\/\/luba.de\/en\/wp-json\/wp\/v2\/types\/product"}],"replies":[{"embeddable":true,"href":"https:\/\/luba.de\/en\/wp-json\/wp\/v2\/comments?post=9021"}],"wp:attachment":[{"href":"https:\/\/luba.de\/en\/wp-json\/wp\/v2\/media?parent=9021"}],"wp:term":[{"taxonomy":"pwb-brand","embeddable":true,"href":"https:\/\/luba.de\/en\/wp-json\/wp\/v2\/pwb-brand?post=9021"},{"taxonomy":"product_brand","embeddable":true,"href":"https:\/\/luba.de\/en\/wp-json\/wp\/v2\/product_brand?post=9021"},{"taxonomy":"product_cat","embeddable":true,"href":"https:\/\/luba.de\/en\/wp-json\/wp\/v2\/product_cat?post=9021"},{"taxonomy":"product_tag","embeddable":true,"href":"https:\/\/luba.de\/en\/wp-json\/wp\/v2\/product_tag?post=9021"}],"curies":[{"name":"wp","href":"https:\/\/api.w.org\/{rel}","templated":true}]}}