{"id":9027,"date":"2020-03-14T10:17:02","date_gmt":"2020-03-14T09:17:02","guid":{"rendered":"https:\/\/luba.de\/product\/dornhauser-start-vegan\/"},"modified":"2025-10-11T23:29:16","modified_gmt":"2025-10-11T21:29:16","slug":"dornhauser-start-vegan","status":"publish","type":"product","link":"https:\/\/luba.de\/en\/dornhauser-start-vegan\/","title":{"rendered":"Start Vegan!"},"content":{"rendered":"<p>Fit, gesund und voller Energie: Eine gesunde und ausgewogene Ern\u00e4hrung verdr\u00e4ngt M\u00fcdigkeit, Kraftlosigkeit und schlechte Laune. Der K\u00f6rper dankt es, wenn er viele N\u00e4hrstoffe durch Obst, Gem\u00fcse, N\u00fcsse und veganen K\u00e4se bekommt. Start Vegan! hilft beim Einstieg in ein bewusstes Leben. Die Autorin Rose Marie Donhauser zeigt in ihrem Kochbuch von Grund auf, wie man sich mit rein pflanzlichen Produkten vollwertig ern\u00e4hrt, ganz ohne Verzicht. Start-Vegan! ist eine vegane Kochschule, die mit 120 Genuss-Rezepten f\u00fcr jeden Tag inspiriert. Wie w\u00e4re es am Morgen mit einem Ananas-Kokos-Smoothie, mittags gibt es knackig gebackene Bulgurb\u00e4llchen und abends vor dem Fernseher l\u00e4sst sich eine Schokomousse mit Orangenfilets besonders gut schmecken. Auch Freunde freuen sich \u00fcber eine Einladung zu einem besonderen veganen Men\u00fc. Neben den gesunden Vorschl\u00e4gen zum Nachkochen gibt Start Vegan! viele grundlegende Tipps f\u00fcr eine ausgewogene, bewusste Ern\u00e4hrung, damit es dem K\u00f6rper an nichts fehlt. Walnuss\u00f6l liefert zum Beispiel die wichtigen Omega-3-Fetts\u00e4uren und Calcium steckt unter anderem in getrockneten Fr\u00fcchten und Tofu.<\/p>\n","protected":false},"excerpt":{"rendered":"<p>Fit, gesund und voller Energie: Eine gesunde und ausgewogene Ern\u00e4hrung verdr\u00e4ngt M\u00fcdigkeit, Kraftlosigkeit und schlechte Laune. Der K\u00f6rper dankt es, wenn er viele N\u00e4hrstoffe durch Obst, Gem\u00fcse, N\u00fcsse und veganen K\u00e4se bekommt. Start Vegan! hilft beim Einstieg in ein bewusstes Leben. Die Autorin Rose Marie Donhauser zeigt in ihrem Kochbuch von Grund auf, wie man [&#8230;]\n","protected":false},"featured_media":14962,"comment_status":"closed","ping_status":"closed","template":"","meta":{"_acf_changed":false},"pwb-brand":[1156],"product_brand":[],"product_cat":[988],"product_tag":[],"class_list":{"0":"post-9027","1":"product","2":"type-product","3":"status-publish","4":"has-post-thumbnail","6":"pwb-brand-blv-en","7":"product_cat-recipes","9":"first","10":"instock","11":"taxable","12":"shipping-taxable","13":"purchasable","14":"product-type-simple"},"bundled_by":[],"bundle_stock_status":"instock","bundle_stock_quantity":2,"bundle_virtual":false,"bundle_layout":"","bundle_add_to_cart_form_location":"","bundle_editable_in_cart":false,"bundle_sold_individually_context":"","bundle_item_grouping":"","bundle_min_size":"","bundle_max_size":"","bundle_price":[],"bundled_items":[],"bundle_sell_ids":[],"exclude_global_add_ons":[],"addons":[],"acf":[],"brands":[{"id":1156,"name":"blv","slug":"blv-en"}],"_links":{"self":[{"href":"https:\/\/luba.de\/en\/wp-json\/wp\/v2\/product\/9027","targetHints":{"allow":["GET"]}}],"collection":[{"href":"https:\/\/luba.de\/en\/wp-json\/wp\/v2\/product"}],"about":[{"href":"https:\/\/luba.de\/en\/wp-json\/wp\/v2\/types\/product"}],"replies":[{"embeddable":true,"href":"https:\/\/luba.de\/en\/wp-json\/wp\/v2\/comments?post=9027"}],"wp:featuredmedia":[{"embeddable":true,"href":"https:\/\/luba.de\/en\/wp-json\/wp\/v2\/media\/14962"}],"wp:attachment":[{"href":"https:\/\/luba.de\/en\/wp-json\/wp\/v2\/media?parent=9027"}],"wp:term":[{"taxonomy":"pwb-brand","embeddable":true,"href":"https:\/\/luba.de\/en\/wp-json\/wp\/v2\/pwb-brand?post=9027"},{"taxonomy":"product_brand","embeddable":true,"href":"https:\/\/luba.de\/en\/wp-json\/wp\/v2\/product_brand?post=9027"},{"taxonomy":"product_cat","embeddable":true,"href":"https:\/\/luba.de\/en\/wp-json\/wp\/v2\/product_cat?post=9027"},{"taxonomy":"product_tag","embeddable":true,"href":"https:\/\/luba.de\/en\/wp-json\/wp\/v2\/product_tag?post=9027"}],"curies":[{"name":"wp","href":"https:\/\/api.w.org\/{rel}","templated":true}]}}