{"id":9063,"date":"2020-03-14T10:16:50","date_gmt":"2020-03-14T09:16:50","guid":{"rendered":"https:\/\/luba.de\/product\/eschenfelder-weizengrassieb-mattweiss-sieb-23-cm\/"},"modified":"2026-02-17T14:55:45","modified_gmt":"2026-02-17T13:55:45","slug":"eschenfelder-weizengrassieb-mattweiss-sieb-23-cm","status":"publish","type":"product","link":"https:\/\/luba.de\/en\/eschenfelder-weizengrassieb-mattweiss-sieb-23-cm\/","title":{"rendered":"Eschenfelder Weizengrassieb mattwei\u00df (Sieb 23 cm)"},"content":{"rendered":"<h2>Eschenfelder Weizengrassieb mattwei\u00df<\/h2>\n<p>Weizengrass hat den h\u00f6chsten Chlorophyllgehalt von allen Gr\u00e4sern (Blutbildung), es enth\u00e4lt alle lebenswichtigen Vitalstoffe in h\u00f6chster Konzentration, wirkt stark basisch, antibakteriell, entgiftend, st\u00e4rkt das Immunsystem und wird als Heilmittel vor allem in der Krebstherapie eingesetzt.<\/p>\n<p>Die neue dekorative Schale \u00a0besteht aus sehr hochwertigem Steinzeug in deutscher Spitzenqualit\u00e4t, sie ist hochgebrannt bei 1220 \u00b0C und wasserdicht. Die mattwei\u00dfe Komplettglasur enth\u00e4lt keine gesundheits- oder umweltgef\u00e4hrdenden Bestandteile. Sie ist mit Edelstahlsieb f\u00fcr das einfache Anziehen von Weizengras ohne Erde, die Grundlage f\u00fcr die Herstellung von frischem Weizengrassaft.<\/p>\n","protected":false},"excerpt":{"rendered":"<p>Eschenfelder Weizengrassieb mattwei\u00df Weizengrass hat den h\u00f6chsten Chlorophyllgehalt von allen Gr\u00e4sern (Blutbildung), es enth\u00e4lt alle lebenswichtigen Vitalstoffe in h\u00f6chster Konzentration, wirkt stark basisch, antibakteriell, entgiftend, st\u00e4rkt das Immunsystem und wird als Heilmittel vor allem in der Krebstherapie eingesetzt. Die neue dekorative Schale \u00a0besteht aus sehr hochwertigem Steinzeug in deutscher Spitzenqualit\u00e4t, sie ist hochgebrannt bei 1220 [&#8230;]\n","protected":false},"featured_media":11076,"comment_status":"closed","ping_status":"closed","template":"","meta":{"_acf_changed":false},"pwb-brand":[1183],"product_brand":[],"product_cat":[845,847],"product_tag":[],"class_list":{"0":"post-9063","1":"product","2":"type-product","3":"status-publish","4":"has-post-thumbnail","6":"pwb-brand-eschenfelder-en","7":"product_cat-eschenfelder-en","8":"product_cat-germination-equipment","10":"first","11":"instock","12":"taxable","13":"shipping-taxable","14":"purchasable","15":"product-type-simple"},"bundled_by":[],"bundle_stock_status":"instock","bundle_stock_quantity":24,"bundle_virtual":false,"bundle_layout":"","bundle_add_to_cart_form_location":"","bundle_editable_in_cart":false,"bundle_sold_individually_context":"","bundle_item_grouping":"","bundle_min_size":"","bundle_max_size":"","bundle_price":[],"bundled_items":[],"bundle_sell_ids":[],"exclude_global_add_ons":[],"addons":[],"acf":[],"brands":[{"id":1183,"name":"Eschenfelder","slug":"eschenfelder-en"}],"_links":{"self":[{"href":"https:\/\/luba.de\/en\/wp-json\/wp\/v2\/product\/9063","targetHints":{"allow":["GET"]}}],"collection":[{"href":"https:\/\/luba.de\/en\/wp-json\/wp\/v2\/product"}],"about":[{"href":"https:\/\/luba.de\/en\/wp-json\/wp\/v2\/types\/product"}],"replies":[{"embeddable":true,"href":"https:\/\/luba.de\/en\/wp-json\/wp\/v2\/comments?post=9063"}],"wp:featuredmedia":[{"embeddable":true,"href":"https:\/\/luba.de\/en\/wp-json\/wp\/v2\/media\/11076"}],"wp:attachment":[{"href":"https:\/\/luba.de\/en\/wp-json\/wp\/v2\/media?parent=9063"}],"wp:term":[{"taxonomy":"pwb-brand","embeddable":true,"href":"https:\/\/luba.de\/en\/wp-json\/wp\/v2\/pwb-brand?post=9063"},{"taxonomy":"product_brand","embeddable":true,"href":"https:\/\/luba.de\/en\/wp-json\/wp\/v2\/product_brand?post=9063"},{"taxonomy":"product_cat","embeddable":true,"href":"https:\/\/luba.de\/en\/wp-json\/wp\/v2\/product_cat?post=9063"},{"taxonomy":"product_tag","embeddable":true,"href":"https:\/\/luba.de\/en\/wp-json\/wp\/v2\/product_tag?post=9063"}],"curies":[{"name":"wp","href":"https:\/\/api.w.org\/{rel}","templated":true}]}}