{"id":9069,"date":"2020-03-14T10:16:50","date_gmt":"2020-03-14T09:16:50","guid":{"rendered":"https:\/\/luba.de\/product\/hand-reibe-mit-vakuumsaugfusszwinge-weiss-lackiert\/"},"modified":"2026-01-26T09:09:07","modified_gmt":"2026-01-26T08:09:07","slug":"jupiter-handreibe-mit-vakuumsaugfuss-weiss","status":"publish","type":"product","link":"https:\/\/luba.de\/en\/jupiter-handreibe-mit-vakuumsaugfuss-weiss\/","title":{"rendered":"Jupiter Handreibe mit Vakuumsaugfu\u00df Wei\u00df"},"content":{"rendered":"<h2>Handreibe &#8211; Trommelreibe Edelstahl in Wei\u00df<\/h2>\n<p>Die ideale Handreibe f\u00fcr N\u00fcsse, Mandeln, Hartk\u00e4se und Blockschokolade. Gro\u00dfer Vakuum-Saugfu\u00df sowie stabile Tischzwinge garantieren einen festen und sicheren Stand.<\/p>\n<p>Hingestellt und losgerieben, ganz ohne Strom, daf\u00fcr aber im coolen Retrolook \u2013 das klappt mit der Hand-Reibe. Der integrierte Saugfu\u00df und die stabile Tischzwinge sorgen f\u00fcr ausreichend Standfestigkeit, wenn K\u00e4se, N\u00fcsse &amp; Co. kurz und klein gerieben werden<\/p>\n<h3>Die Handreibe kommt mit den Trommeln<\/h3>\n<ul>\n<li><strong>Kartoffelreibtrommel<\/strong> zum Verarbeiten von Kartoffeln &amp; zum Beispiel f\u00fcr Kartoffelkl\u00f6\u00dfe<\/li>\n<li><strong>Feinreibtrommel<\/strong> zum Reiben von K\u00e4se, N\u00fcssen, Schokolade und mehr<\/li>\n<\/ul>\n<h3>Daten<\/h3>\n<ul>\n<li>Trommelgeh\u00e4use und Trommeln (70 mm) aus rostfreiem Edelstahl<\/li>\n<li>Standfu\u00df aus lackiertem Metall in Wei\u00df<\/li>\n<li>Gewicht in kg: 1,06<\/li>\n<li>Ma\u00dfe B \u00d7 H \u00d7 T in cm: 13,5 \u00d7 23,5 \u00d7 21 (mit Kurbel)<\/li>\n<\/ul>\n<h3>Lieferumfang:<\/h3>\n<ul>\n<li>Jupiter Handreibe Wei\u00df<\/li>\n<li>Feinreibtrommel<\/li>\n<li>Kartoffelreibtrommel<\/li>\n<li>Kunststoff-Stopfer<\/li>\n<li>Tischzwinge<\/li>\n<\/ul>\n<p>&nbsp;<\/p>\n<p>Optional k\u00f6nnen Sie als Zubeh\u00f6r noch die Grobtrommel und die Scheibentrommel bei uns erwerben.<\/p>\n","protected":false},"excerpt":{"rendered":"<p>Handreibe &#8211; Trommelreibe Edelstahl in Wei\u00df Die ideale Handreibe f\u00fcr N\u00fcsse, Mandeln, Hartk\u00e4se und Blockschokolade. Gro\u00dfer Vakuum-Saugfu\u00df sowie stabile Tischzwinge garantieren einen festen und sicheren Stand. Hingestellt und losgerieben, ganz ohne Strom, daf\u00fcr aber im coolen Retrolook \u2013 das klappt mit der Hand-Reibe. Der integrierte Saugfu\u00df und die stabile Tischzwinge sorgen f\u00fcr ausreichend Standfestigkeit, wenn [&#8230;]\n","protected":false},"featured_media":17876,"comment_status":"closed","ping_status":"closed","template":"","meta":{"_acf_changed":false},"pwb-brand":[1143],"product_brand":[],"product_cat":[875],"product_tag":[],"class_list":{"0":"post-9069","1":"product","2":"type-product","3":"status-publish","4":"has-post-thumbnail","6":"pwb-brand-jupiter-en","7":"product_cat-drum-graters-and-slicers","9":"first","10":"instock","11":"taxable","12":"shipping-taxable","13":"purchasable","14":"product-type-simple"},"bundled_by":[],"bundle_stock_status":"instock","bundle_stock_quantity":66,"bundle_virtual":false,"bundle_layout":"","bundle_add_to_cart_form_location":"","bundle_editable_in_cart":false,"bundle_sold_individually_context":"","bundle_item_grouping":"","bundle_min_size":"","bundle_max_size":"","bundle_price":[],"bundled_items":[],"bundle_sell_ids":[],"exclude_global_add_ons":[],"addons":[],"acf":[],"brands":[{"id":1143,"name":"Jupiter","slug":"jupiter-en"}],"_links":{"self":[{"href":"https:\/\/luba.de\/en\/wp-json\/wp\/v2\/product\/9069","targetHints":{"allow":["GET"]}}],"collection":[{"href":"https:\/\/luba.de\/en\/wp-json\/wp\/v2\/product"}],"about":[{"href":"https:\/\/luba.de\/en\/wp-json\/wp\/v2\/types\/product"}],"replies":[{"embeddable":true,"href":"https:\/\/luba.de\/en\/wp-json\/wp\/v2\/comments?post=9069"}],"wp:featuredmedia":[{"embeddable":true,"href":"https:\/\/luba.de\/en\/wp-json\/wp\/v2\/media\/17876"}],"wp:attachment":[{"href":"https:\/\/luba.de\/en\/wp-json\/wp\/v2\/media?parent=9069"}],"wp:term":[{"taxonomy":"pwb-brand","embeddable":true,"href":"https:\/\/luba.de\/en\/wp-json\/wp\/v2\/pwb-brand?post=9069"},{"taxonomy":"product_brand","embeddable":true,"href":"https:\/\/luba.de\/en\/wp-json\/wp\/v2\/product_brand?post=9069"},{"taxonomy":"product_cat","embeddable":true,"href":"https:\/\/luba.de\/en\/wp-json\/wp\/v2\/product_cat?post=9069"},{"taxonomy":"product_tag","embeddable":true,"href":"https:\/\/luba.de\/en\/wp-json\/wp\/v2\/product_tag?post=9069"}],"curies":[{"name":"wp","href":"https:\/\/api.w.org\/{rel}","templated":true}]}}