{"id":9079,"date":"2020-03-14T10:16:50","date_gmt":"2020-03-14T09:16:50","guid":{"rendered":"https:\/\/luba.de\/product\/kornkraft-mia-mola\/"},"modified":"2026-04-21T08:23:35","modified_gmt":"2026-04-21T06:23:35","slug":"kornkraft-mia-mola","status":"publish","type":"product","link":"https:\/\/luba.de\/en\/kornkraft-mia-mola\/","title":{"rendered":"Kornkraft Mia Mola"},"content":{"rendered":"<h2>Kornkraft Mia Mola kleine M\u00fchle &#8211; gro\u00dfe Wirkung!<\/h2>\n<p>Mit Hilfe der beiden kr\u00e4ftigen Tischklammern l\u00e4sst sich die M\u00fchle sicher an Tischplatten bis 5 cm St\u00e4rke befestigen. Durch die speziell geformten sehr leichtg\u00e4ngigen Kornkraft-Mahlsteine erreichen Sie eine \u00fcberdurchschnittlich hohe Drehfrequenz. Diese erm\u00f6glicht Ihnen ein entspanntes Mahlen &#8211; auch \u00fcber l\u00e4ngere Zeit und somit auch f\u00fcr gr\u00f6\u00dfere Mengen.<\/p>\n<p>Mahlgut: Aller Getreidearten au\u00dfer Mais. \u00d6lsaaten nur unter Beimischung von Getreide.<\/p>\n<p>Mahlleistung: Feinmehl 50 g\/Minute &#8211; M\u00fcslischrot 100 g\/Minute<\/p>\n<p><strong>10 Jahre Garantie<\/strong><\/p>\n<p>Abmessungen: L\/B\/H 18 x 24 x 32 cm (Mit Kurbel zur Seite)<\/p>\n<p>Mahlwerk: \u00a0bew\u00e4hrtes Steinmahlwerk aus Naxos-Basalt in Magnesit-Salz-Bindung mit 85 mm Durchmessern<\/p>\n","protected":false},"excerpt":{"rendered":"<p>Kornkraft Mia Mola kleine M\u00fchle &#8211; gro\u00dfe Wirkung! Mit Hilfe der beiden kr\u00e4ftigen Tischklammern l\u00e4sst sich die M\u00fchle sicher an Tischplatten bis 5 cm St\u00e4rke befestigen. Durch die speziell geformten sehr leichtg\u00e4ngigen Kornkraft-Mahlsteine erreichen Sie eine \u00fcberdurchschnittlich hohe Drehfrequenz. Diese erm\u00f6glicht Ihnen ein entspanntes Mahlen &#8211; auch \u00fcber l\u00e4ngere Zeit und somit auch f\u00fcr gr\u00f6\u00dfere [&#8230;]\n","protected":false},"featured_media":19490,"comment_status":"closed","ping_status":"closed","template":"","meta":{"_acf_changed":false},"pwb-brand":[1189],"product_brand":[],"product_cat":[914],"product_tag":[],"class_list":{"0":"post-9079","1":"product","2":"type-product","3":"status-publish","4":"has-post-thumbnail","6":"pwb-brand-kornkraft-en","7":"product_cat-manually-operated","9":"first","10":"instock","11":"taxable","12":"shipping-taxable","13":"purchasable","14":"product-type-simple"},"bundled_by":[],"bundle_stock_status":"instock","bundle_stock_quantity":21,"bundle_virtual":false,"bundle_layout":"","bundle_add_to_cart_form_location":"","bundle_editable_in_cart":false,"bundle_sold_individually_context":"","bundle_item_grouping":"","bundle_min_size":"","bundle_max_size":"","bundle_price":[],"bundled_items":[],"bundle_sell_ids":[],"exclude_global_add_ons":[],"addons":[],"acf":[],"brands":[{"id":1189,"name":"Kornkraft","slug":"kornkraft-en"}],"_links":{"self":[{"href":"https:\/\/luba.de\/en\/wp-json\/wp\/v2\/product\/9079","targetHints":{"allow":["GET"]}}],"collection":[{"href":"https:\/\/luba.de\/en\/wp-json\/wp\/v2\/product"}],"about":[{"href":"https:\/\/luba.de\/en\/wp-json\/wp\/v2\/types\/product"}],"replies":[{"embeddable":true,"href":"https:\/\/luba.de\/en\/wp-json\/wp\/v2\/comments?post=9079"}],"wp:featuredmedia":[{"embeddable":true,"href":"https:\/\/luba.de\/en\/wp-json\/wp\/v2\/media\/19490"}],"wp:attachment":[{"href":"https:\/\/luba.de\/en\/wp-json\/wp\/v2\/media?parent=9079"}],"wp:term":[{"taxonomy":"pwb-brand","embeddable":true,"href":"https:\/\/luba.de\/en\/wp-json\/wp\/v2\/pwb-brand?post=9079"},{"taxonomy":"product_brand","embeddable":true,"href":"https:\/\/luba.de\/en\/wp-json\/wp\/v2\/product_brand?post=9079"},{"taxonomy":"product_cat","embeddable":true,"href":"https:\/\/luba.de\/en\/wp-json\/wp\/v2\/product_cat?post=9079"},{"taxonomy":"product_tag","embeddable":true,"href":"https:\/\/luba.de\/en\/wp-json\/wp\/v2\/product_tag?post=9079"}],"curies":[{"name":"wp","href":"https:\/\/api.w.org\/{rel}","templated":true}]}}