{"id":9085,"date":"2020-03-14T10:16:36","date_gmt":"2020-03-14T09:16:36","guid":{"rendered":"https:\/\/luba.de\/product\/zassenhaus-gewuerzmuehle-frankfurt-24-cm-buche\/"},"modified":"2024-07-23T14:28:32","modified_gmt":"2024-07-23T12:28:32","slug":"zassenhaus-pfeffer-salzmuehle-frankfurt-buche-natur","status":"publish","type":"product","link":"https:\/\/luba.de\/en\/zassenhaus-pfeffer-salzmuehle-frankfurt-buche-natur\/","title":{"rendered":"Zassenhaus Pfeffer- \/ Salzm\u00fchle \u201cFrankfurt\u201d \u2013 Buche natur"},"content":{"rendered":"<h2>Zassenhaus Pfeffer- und Salzm\u00fchle FRANKFURT Buche<\/h2>\n<p>Nur mit den richtigen Zutaten und einer guten Portion Know-how gelingt ein Gericht perfekt. Das gilt auch f\u00fcr Gew\u00fcrzm\u00fchlen, wie das Traditionsunternehmen Zassenhaus beweist. Die Pfeffer- und Salzm\u00fchlen FRANKFURT sind aus europ\u00e4ischem Buchen- und edlem Olivenholz gefertigt. Bei den Modellen aus Buchenholz haben Sie die Wahl zwischen naturbelassenem Holz oder einer edlen Hochglanz-Lackierung. Die sch\u00f6ne Maserung des Olivenholzes macht jedes St\u00fcck zum Unikat. In dem ansprechenden Design steckt ein 6-fach einstellbares Mahlwerk aus Hochleistungs-Keramik. Der gew\u00e4hlte Mahlgrad \u2013 von ultrafein bis grob \u2013 ist auf einer Skala ablesbar, er bleibt beim Nachf\u00fcllen erhalten. Das verschlei\u00df- und korrosionsfreie Mahlwerk ist geeignet f\u00fcr Pfeffer, Salz, Gew\u00fcrze und getrocknete Kr\u00e4uter. Zassenhaus gew\u00e4hrt auf das Allround-Talent 25 Jahre Garantie.<\/p>\n<p>&nbsp;<\/p>\n<p><strong>Pfeffer- und Salzm\u00fchle FRANKFURT Buche<\/strong><\/p>\n<p>Material: Buche<br \/>\nFarbe: natur<\/p>\n<p><strong>Ma\u00dfe:<\/strong><br \/>\nH\u00f6he: 24 cm<br \/>\nBreite: \u00d8 6 cm<\/p>\n","protected":false},"excerpt":{"rendered":"<ul>\n<li>robustes Buchenholz<\/li>\n<li>Mahlwerk aus Hochleistungs-Keramik &#8211; Made in Germany<\/li>\n<\/ul>\n","protected":false},"featured_media":12890,"comment_status":"closed","ping_status":"closed","template":"","meta":{"_acf_changed":false},"pwb-brand":[1176],"product_brand":[],"product_cat":[1407],"product_tag":[1419,1627,1482,1575],"class_list":{"0":"post-9085","1":"product","2":"type-product","3":"status-publish","4":"has-post-thumbnail","6":"pwb-brand-zassenhaus-en","7":"product_cat-spice-mills","8":"product_tag-pfeffermuehle-en","9":"product_tag-salzmuehle-en","10":"product_tag-spice-grinder-en","11":"product_tag-zassenhaus-en","13":"first","14":"instock","15":"taxable","16":"shipping-taxable","17":"purchasable","18":"product-type-variable"},"bundled_by":[],"bundle_stock_status":"instock","bundle_stock_quantity":4,"bundle_virtual":false,"bundle_layout":"","bundle_add_to_cart_form_location":"","bundle_editable_in_cart":false,"bundle_sold_individually_context":"","bundle_item_grouping":"","bundle_min_size":"","bundle_max_size":"","bundle_price":[],"bundled_items":[],"bundle_sell_ids":[],"exclude_global_add_ons":[],"addons":[],"acf":[],"brands":[{"id":1176,"name":"Zassenhaus","slug":"zassenhaus-en"}],"_links":{"self":[{"href":"https:\/\/luba.de\/en\/wp-json\/wp\/v2\/product\/9085","targetHints":{"allow":["GET"]}}],"collection":[{"href":"https:\/\/luba.de\/en\/wp-json\/wp\/v2\/product"}],"about":[{"href":"https:\/\/luba.de\/en\/wp-json\/wp\/v2\/types\/product"}],"replies":[{"embeddable":true,"href":"https:\/\/luba.de\/en\/wp-json\/wp\/v2\/comments?post=9085"}],"wp:featuredmedia":[{"embeddable":true,"href":"https:\/\/luba.de\/en\/wp-json\/wp\/v2\/media\/12890"}],"wp:attachment":[{"href":"https:\/\/luba.de\/en\/wp-json\/wp\/v2\/media?parent=9085"}],"wp:term":[{"taxonomy":"pwb-brand","embeddable":true,"href":"https:\/\/luba.de\/en\/wp-json\/wp\/v2\/pwb-brand?post=9085"},{"taxonomy":"product_brand","embeddable":true,"href":"https:\/\/luba.de\/en\/wp-json\/wp\/v2\/product_brand?post=9085"},{"taxonomy":"product_cat","embeddable":true,"href":"https:\/\/luba.de\/en\/wp-json\/wp\/v2\/product_cat?post=9085"},{"taxonomy":"product_tag","embeddable":true,"href":"https:\/\/luba.de\/en\/wp-json\/wp\/v2\/product_tag?post=9085"}],"curies":[{"name":"wp","href":"https:\/\/api.w.org\/{rel}","templated":true}]}}