{"id":9087,"date":"2020-03-14T10:16:36","date_gmt":"2020-03-14T09:16:36","guid":{"rendered":"https:\/\/luba.de\/product\/zassenhaus-kaffeemuehle-brasilia-buche-natur\/"},"modified":"2026-04-16T08:53:53","modified_gmt":"2026-04-16T06:53:53","slug":"zassenhaus-kaffeemuehle-brasilia-buche-natur","status":"publish","type":"product","link":"https:\/\/luba.de\/en\/zassenhaus-kaffeemuehle-brasilia-buche-natur\/","title":{"rendered":"Zassenhaus Kaffeem\u00fchle Brasilia Buche natur"},"content":{"rendered":"<h2>Zassenhaus Kaffeem\u00fchle BRASILIA<\/h2>\n<p>Er holt Langschl\u00e4fer aus dem Bett und macht selbst Morgenmuffeln gute Laune. Frisch gemahlener Kaffee verbreitet in Sekundenschnelle seinen Duft. Und er schmeckt einzigartig gut, da er deutlich mehr Aroma hat als schon l\u00e4nger vorgemahlene Bohnen. Mit einer hochwertigen Kaffeem\u00fchle sind Sie auf dem besten Weg zum vollen Genuss. Die Scho\u00df-M\u00fchle BRASILIA von Zassenhaus eignet sich besonders, wenn Sie gr\u00f6\u00dfere Mengen Kaffee frisch mahlen m\u00f6chten. Auch das Mahlwerk aus extrahartem, geschmiedetem Spezialstahl passt sich Ihren W\u00fcnschen an. Sie stellen den gew\u00fcnschten Mahlgrad einfach stufenlos an der R\u00e4ndelschraube unterhalb der Kurbel ein. Und wenn die M\u00fchle aus sch\u00f6nem Buchenholz nicht in Betrieb ist, verbreitet sie in Ihrer K\u00fcche nostalgischen Charme.<\/p>\n<p>Material: Buchenholz<br \/>\nL\u00e4nge:\u00a012,5 cm<br \/>\nBreite:\u00a012 cm<br \/>\nH\u00f6he: 20 cm<\/p>\n","protected":false},"excerpt":{"rendered":"<ul>\n<li>nostalgisches Design<\/li>\n<li>stufenlose Mahlgradeinstellung<\/li>\n<li>Mahlwerk Made in Germany<\/li>\n<li>25 Jahre Garantie auf das Mahlwerk<\/li>\n<\/ul>\n","protected":false},"featured_media":12982,"comment_status":"closed","ping_status":"closed","template":"","meta":{"_acf_changed":false},"pwb-brand":[1176],"product_brand":[],"product_cat":[1255],"product_tag":[],"class_list":{"0":"post-9087","1":"product","2":"type-product","3":"status-publish","4":"has-post-thumbnail","6":"pwb-brand-zassenhaus-en","7":"product_cat-coffee-mills","9":"first","10":"instock","11":"taxable","12":"shipping-taxable","13":"purchasable","14":"product-type-simple"},"bundled_by":[],"bundle_stock_status":"instock","bundle_stock_quantity":5,"bundle_virtual":false,"bundle_layout":"","bundle_add_to_cart_form_location":"","bundle_editable_in_cart":false,"bundle_sold_individually_context":"","bundle_item_grouping":"","bundle_min_size":"","bundle_max_size":"","bundle_price":[],"bundled_items":[],"bundle_sell_ids":[],"exclude_global_add_ons":[],"addons":[],"acf":[],"brands":[{"id":1176,"name":"Zassenhaus","slug":"zassenhaus-en"}],"_links":{"self":[{"href":"https:\/\/luba.de\/en\/wp-json\/wp\/v2\/product\/9087","targetHints":{"allow":["GET"]}}],"collection":[{"href":"https:\/\/luba.de\/en\/wp-json\/wp\/v2\/product"}],"about":[{"href":"https:\/\/luba.de\/en\/wp-json\/wp\/v2\/types\/product"}],"replies":[{"embeddable":true,"href":"https:\/\/luba.de\/en\/wp-json\/wp\/v2\/comments?post=9087"}],"wp:featuredmedia":[{"embeddable":true,"href":"https:\/\/luba.de\/en\/wp-json\/wp\/v2\/media\/12982"}],"wp:attachment":[{"href":"https:\/\/luba.de\/en\/wp-json\/wp\/v2\/media?parent=9087"}],"wp:term":[{"taxonomy":"pwb-brand","embeddable":true,"href":"https:\/\/luba.de\/en\/wp-json\/wp\/v2\/pwb-brand?post=9087"},{"taxonomy":"product_brand","embeddable":true,"href":"https:\/\/luba.de\/en\/wp-json\/wp\/v2\/product_brand?post=9087"},{"taxonomy":"product_cat","embeddable":true,"href":"https:\/\/luba.de\/en\/wp-json\/wp\/v2\/product_cat?post=9087"},{"taxonomy":"product_tag","embeddable":true,"href":"https:\/\/luba.de\/en\/wp-json\/wp\/v2\/product_tag?post=9087"}],"curies":[{"name":"wp","href":"https:\/\/api.w.org\/{rel}","templated":true}]}}