{"id":9089,"date":"2020-03-14T10:16:36","date_gmt":"2020-03-14T09:16:36","guid":{"rendered":"https:\/\/luba.de\/product\/zassenhaus-kaffeemuehle-santiago-buche-natur\/"},"modified":"2026-03-30T14:38:46","modified_gmt":"2026-03-30T12:38:46","slug":"zassenhaus-kaffeemuehle-santiago-buche-natur","status":"publish","type":"product","link":"https:\/\/luba.de\/en\/zassenhaus-kaffeemuehle-santiago-buche-natur\/","title":{"rendered":"Zassenhaus Kaffeem\u00fchle Santiago Buche natur"},"content":{"rendered":"<h2>Zassenhaus Kaffeem\u00fchle SANTIAGO<\/h2>\n<p>Auf jeden Fall frisch gemahlen! So genie\u00dfen Kaffeefreunde ihr Getr\u00e4nk am liebsten. Seit 1867 ist Zassenhaus f\u00fchrender Hersteller manueller Kaffeem\u00fchlen. SANTIAGO zeigt, wie das Traditionsunternehmen erstklassiges Material, hervorragende Qualit\u00e4t und pr\u00e4zise Funktion verbindet. Die Kniem\u00fchle aus europ\u00e4ischem Buchenholz wurde in Handarbeit gefertigt. Sie ist ideal zum Mahlen gr\u00f6\u00dferer Kaffeemengen und liegt durch die Einbuchtung an den Seiten perfekt an. Herzst\u00fcck der M\u00fchle ist das Mahlwerk aus robustem Spezialstahl, auf das Zassenhaus 25 Jahre Garantie gew\u00e4hrt. Auch der Rest ist gut durchdacht. Der Deckel aus poliertem Edelstahl l\u00e4sst sich gut \u00f6ffnen, die Kurbel ist leichtg\u00e4ngig. Mit der R\u00e4ndelschraube unterhalb der Kurbel fixieren Sie den gew\u00fcnschten Mahlgrad stufenlos. Das Kaffeemehl landet in der passgenau gearbeiteten Schublade. Hm, wie das duftet!<\/p>\n<p>Material: Buchenholz<br \/>\nFassungsverm\u00f6gen Bohnenbeh\u00e4lter: 30g<br \/>\nL\u00e4nge: 9 cm<br \/>\nBreite: 14 cm<br \/>\nH\u00f6he: 20 cm<\/p>\n","protected":false},"excerpt":{"rendered":"<ul>\n<li>nostalgisches Design<\/li>\n<li>stufenlose Mahlgradeinstellung<\/li>\n<li>Mahlwerk Made in Germany<\/li>\n<li>25 Jahre Garantie auf das Mahlwerk<\/li>\n<\/ul>\n","protected":false},"featured_media":12985,"comment_status":"closed","ping_status":"closed","template":"","meta":{"_acf_changed":false},"pwb-brand":[1176],"product_brand":[],"product_cat":[1255],"product_tag":[],"class_list":{"0":"post-9089","1":"product","2":"type-product","3":"status-publish","4":"has-post-thumbnail","6":"pwb-brand-zassenhaus-en","7":"product_cat-coffee-mills","9":"first","10":"instock","11":"taxable","12":"shipping-taxable","13":"purchasable","14":"product-type-simple"},"bundled_by":[],"bundle_stock_status":"instock","bundle_stock_quantity":2,"bundle_virtual":false,"bundle_layout":"","bundle_add_to_cart_form_location":"","bundle_editable_in_cart":false,"bundle_sold_individually_context":"","bundle_item_grouping":"","bundle_min_size":"","bundle_max_size":"","bundle_price":[],"bundled_items":[],"bundle_sell_ids":[],"exclude_global_add_ons":[],"addons":[],"acf":[],"brands":[{"id":1176,"name":"Zassenhaus","slug":"zassenhaus-en"}],"_links":{"self":[{"href":"https:\/\/luba.de\/en\/wp-json\/wp\/v2\/product\/9089","targetHints":{"allow":["GET"]}}],"collection":[{"href":"https:\/\/luba.de\/en\/wp-json\/wp\/v2\/product"}],"about":[{"href":"https:\/\/luba.de\/en\/wp-json\/wp\/v2\/types\/product"}],"replies":[{"embeddable":true,"href":"https:\/\/luba.de\/en\/wp-json\/wp\/v2\/comments?post=9089"}],"wp:featuredmedia":[{"embeddable":true,"href":"https:\/\/luba.de\/en\/wp-json\/wp\/v2\/media\/12985"}],"wp:attachment":[{"href":"https:\/\/luba.de\/en\/wp-json\/wp\/v2\/media?parent=9089"}],"wp:term":[{"taxonomy":"pwb-brand","embeddable":true,"href":"https:\/\/luba.de\/en\/wp-json\/wp\/v2\/pwb-brand?post=9089"},{"taxonomy":"product_brand","embeddable":true,"href":"https:\/\/luba.de\/en\/wp-json\/wp\/v2\/product_brand?post=9089"},{"taxonomy":"product_cat","embeddable":true,"href":"https:\/\/luba.de\/en\/wp-json\/wp\/v2\/product_cat?post=9089"},{"taxonomy":"product_tag","embeddable":true,"href":"https:\/\/luba.de\/en\/wp-json\/wp\/v2\/product_tag?post=9089"}],"curies":[{"name":"wp","href":"https:\/\/api.w.org\/{rel}","templated":true}]}}