{"id":9101,"date":"2020-03-14T10:16:36","date_gmt":"2020-03-14T09:16:36","guid":{"rendered":"https:\/\/luba.de\/product\/keimkiste-fuer-getreidegras-klein-40-x-30cm\/"},"modified":"2024-07-23T14:27:22","modified_gmt":"2024-07-23T12:27:22","slug":"keimkiste","status":"publish","type":"product","link":"https:\/\/luba.de\/en\/keimkiste\/","title":{"rendered":"Keimkiste"},"content":{"rendered":"<p><strong>Gro\u00dfe Mengen: Schnell und einfach produziert &#8211; ohne Erde!<\/strong><\/p>\n<p>Die Keimkisten garantieren einen einfachen und hygienisch sauberen Anbau von Sprossen, Keimlingen und Getreidegr\u00e4sern ohne Erde.\u00a0<em><strong>Jede Keimkiste besteht je aus einer<\/strong>\u00a0<strong>Kiste aus<\/strong>\u00a0<strong>lebensmittelechtem Kunststoff\u00a0ohne Weichmacher\u00a0und einem Siebeinsatz aus hochwertigem Edelstahl-Streckgitter<\/strong><\/em> (Seitenteile aus lebensmittelechtem PE).\u00a0 Auch im Gastronomiebereich einsetzbar.<\/p>\n<p>Sie k\u00f6nnen w\u00e4hlen zwischen zwei Gr\u00f6\u00dfen und drei verschiedenen Eins\u00e4tzen, deren Siebe sich in Maschengr\u00f6\u00dfe und Abstand zum Kistenboden unterscheiden:<\/p>\n<p><strong>K<\/strong>: f\u00fcr Sprossen von\u00a0<strong>k<\/strong>leinen\u00a0Saaten, wie z.B. Kresse, Rucola, Senfk\u00f6rner, Alfalfa, Brokkoli usw.<br \/>\n<strong>G<\/strong>: f\u00fcr\u00a0<strong>G<\/strong>etreide, wie Weizen, Roggen, Kamut, Gerste<br \/>\n<strong>S<\/strong>: f\u00fcr\u00a0<strong>S<\/strong>prossen und Gr\u00fcnkraut von gr\u00f6\u00dferen\u00a0Saaten, wie Sonnenblumenkerne, Azuki- und\u00a0Mungbohnen, Linsen, Kichererbsen, Bockshornklee, Rettich usw.<\/p>\n<p>&nbsp;<\/p>\n<p><strong>F\u00fcr die Grasproduktion in gro\u00dfen Mengen:<\/strong><\/p>\n<p>Mit Hilfe von <a href=\"https:\/\/luba.de\/en\/produkt\/stapelhilfe-keimkiste-fuer-beide-groessen-4-st\/\"><em>Stapelf\u00fc\u00dfen <\/em><\/a>k\u00f6nnen mehrere Kisten platzsparend \u00fcbereinander gestellt werden. So sichern Sie sich mit einem zeitlich versetzten Anbau Ihren t\u00e4glichen Bedarf an Weizen- oder Gerstengrassaft und eine l\u00fcckenlose Versorgung mit dem wertvollen Chlorophyll. F\u00fcr das Abdunkeln der Saaten in den ersten zwei Tagen sorgt die passende\u00a0<em>Abdeckung (<a href=\"https:\/\/luba.de\/en\/produkt\/keimkiste-abdeckung-klein-40-x-30cm\/\">Klein<\/a> oder <a href=\"https:\/\/luba.de\/en\/produkt\/keimkiste-abdeckung-gross-60-x-40cm\/\">Gro\u00df<\/a>)<\/em>. Die Griffl\u00f6cher in den Seitenteilen erm\u00f6glichen ein komfortables Herausnehmen des Siebeinsatzes f\u00fcr das t\u00e4gliche Sp\u00fclen, z. B. durch Tauchen in der praktischen\u00a0<em>Sp\u00fclkiste (<a href=\"https:\/\/luba.de\/en\/produkt\/spuelkiste-klein-40-x-30cm\/\">Klein<\/a> oder <a href=\"https:\/\/luba.de\/en\/produkt\/spuelkiste-gross-60-x-40cm\/\">Gro\u00df<\/a>)<\/em>. F\u00fc\u00dfchen am Siebboden definieren den Abstand zum Kistenboden und geben dem kr\u00e4ftigen Wurzelwerk den n\u00f6tigen Raum f\u00fcr ein gesundes Wachstum, so dass die\u00a0<strong>Wurzeln mit geerntet<\/strong>\u00a0werden k\u00f6nnen.<\/p>\n<p>&nbsp;<\/p>\n<p>&nbsp;<\/p>\n<p><strong>Anleitungen Deutsch<\/strong><br \/>\n<a href=\"https:\/\/luba.de\/wp-content\/uploads\/2020\/03\/Bed.anl_._Keimkiste_K_dt2016.pdf\">Typ K<\/a><br \/>\n<a href=\"https:\/\/luba.de\/wp-content\/uploads\/2020\/03\/Bed.anl_._Keimkiste_G_dt2016.pdf\">Typ G<\/a><br \/>\n<a href=\"https:\/\/luba.de\/wp-content\/uploads\/2020\/03\/Bed.anl_._Keimkiste_S_dt2016.pdf\">Typ S<\/a><\/p>\n<p><strong>Anleitungen Englisch<\/strong><br \/>\n<a href=\"https:\/\/luba.de\/wp-content\/uploads\/2020\/03\/Bed.anl_._Keimkiste_K_engl._web_2017.pdf\">Typ K<\/a><br \/>\n<a href=\"https:\/\/luba.de\/wp-content\/uploads\/2020\/03\/Bed.anl_._Keimkiste_G_engl2016.pdf\">Typ G<\/a><br \/>\n<a href=\"https:\/\/luba.de\/wp-content\/uploads\/2020\/03\/Instructions_Keimkiste__S_engl_web.pdf\">Typ S<\/a><\/p>\n","protected":false},"excerpt":{"rendered":"<p>Gro\u00dfe Mengen: Schnell und einfach produziert &#8211; ohne Erde! Die Keimkisten garantieren einen einfachen und hygienisch sauberen Anbau von Sprossen, Keimlingen und Getreidegr\u00e4sern ohne Erde.\u00a0Jede Keimkiste besteht je aus einer\u00a0Kiste aus\u00a0lebensmittelechtem Kunststoff\u00a0ohne Weichmacher\u00a0und einem Siebeinsatz aus hochwertigem Edelstahl-Streckgitter (Seitenteile aus lebensmittelechtem PE).\u00a0 Auch im Gastronomiebereich einsetzbar. Sie k\u00f6nnen w\u00e4hlen zwischen zwei Gr\u00f6\u00dfen und drei verschiedenen [&#8230;]\n","protected":false},"featured_media":10092,"comment_status":"closed","ping_status":"closed","template":"","meta":{"_acf_changed":false},"pwb-brand":[1183],"product_brand":[],"product_cat":[845,847],"product_tag":[],"class_list":{"0":"post-9101","1":"product","2":"type-product","3":"status-publish","4":"has-post-thumbnail","6":"pwb-brand-eschenfelder-en","7":"product_cat-eschenfelder-en","8":"product_cat-germination-equipment","10":"first","11":"outofstock","12":"taxable","13":"shipping-taxable","14":"purchasable","15":"product-type-variable"},"bundled_by":[],"bundle_stock_status":"outofstock","bundle_stock_quantity":0,"bundle_virtual":false,"bundle_layout":"","bundle_add_to_cart_form_location":"","bundle_editable_in_cart":false,"bundle_sold_individually_context":"","bundle_item_grouping":"","bundle_min_size":"","bundle_max_size":"","bundle_price":[],"bundled_items":[],"bundle_sell_ids":[],"exclude_global_add_ons":[],"addons":[],"acf":[],"brands":[{"id":1183,"name":"Eschenfelder","slug":"eschenfelder-en"}],"_links":{"self":[{"href":"https:\/\/luba.de\/en\/wp-json\/wp\/v2\/product\/9101","targetHints":{"allow":["GET"]}}],"collection":[{"href":"https:\/\/luba.de\/en\/wp-json\/wp\/v2\/product"}],"about":[{"href":"https:\/\/luba.de\/en\/wp-json\/wp\/v2\/types\/product"}],"replies":[{"embeddable":true,"href":"https:\/\/luba.de\/en\/wp-json\/wp\/v2\/comments?post=9101"}],"wp:featuredmedia":[{"embeddable":true,"href":"https:\/\/luba.de\/en\/wp-json\/wp\/v2\/media\/10092"}],"wp:attachment":[{"href":"https:\/\/luba.de\/en\/wp-json\/wp\/v2\/media?parent=9101"}],"wp:term":[{"taxonomy":"pwb-brand","embeddable":true,"href":"https:\/\/luba.de\/en\/wp-json\/wp\/v2\/pwb-brand?post=9101"},{"taxonomy":"product_brand","embeddable":true,"href":"https:\/\/luba.de\/en\/wp-json\/wp\/v2\/product_brand?post=9101"},{"taxonomy":"product_cat","embeddable":true,"href":"https:\/\/luba.de\/en\/wp-json\/wp\/v2\/product_cat?post=9101"},{"taxonomy":"product_tag","embeddable":true,"href":"https:\/\/luba.de\/en\/wp-json\/wp\/v2\/product_tag?post=9101"}],"curies":[{"name":"wp","href":"https:\/\/api.w.org\/{rel}","templated":true}]}}